{"id":12357,"date":"2023-12-18T13:53:49","date_gmt":"2023-12-18T10:53:49","guid":{"rendered":"https:\/\/microtech.tools\/product\/radius-gauge-external-internal-2\/"},"modified":"2026-03-20T10:38:09","modified_gmt":"2026-03-20T07:38:09","slug":"radius-gauge-external-internal-2","status":"publish","type":"product","link":"https:\/\/microtech.tools\/es\/product\/radius-gauge-external-internal-2\/","title":{"rendered":"DataMet Shore dur\u00f3metro A"},"content":{"rendered":"<p>MICROTECH fabrica el dur\u00f3metro SHORE A HA con transferencia de datos INAL\u00c1MBRICA<br \/>\nEl dur\u00f3metro SHORE A utiliza un sistema de medici\u00f3n computerizado desarrollado y patentado por MICROTECH (Patentes UA126928, UA99686)<br \/>\nEl dur\u00f3metro computarizado SHORE A puede medir en la escala HA con alta precisi\u00f3n, guardar datos en la memoria interna o transferir datos por WIRELESS o USB a un PC externo o Tablets.TABLET m\u00f3dulo de medici\u00f3n del dur\u00f3metro SHORE tiene tales funciones :<br \/>\nModo GR\u00c1FICO ON-LINE<br \/>\nEscala anal\u00f3gica en color ajustable<br \/>\nConexi\u00f3n HUB (dispositivo externo MICROTECH Conexi\u00f3n inal\u00e1mbrica)<br \/>\n2D Posibilidades de conexi\u00f3n (dispositivo externo Conexi\u00f3n inal\u00e1mbrica e indicaci\u00f3n)<br \/>\nConexi\u00f3n PROBE (indicador externo o indicador de palanca Conexi\u00f3n inal\u00e1mbrica) con modo AUTO<br \/>\nSistema de lectura r\u00e1pida 50 val\/seg<br \/>\nMEMORIA interna para 2000 valores con sistema de carpetas y estad\u00edstica,<br \/>\nFunci\u00f3n L\u00cdMITES (Go\/NoGo) con indicaci\u00f3n en color,<br \/>\nPICO (Max\/min),<br \/>\nTEMPORIZADOR<br \/>\nManual COMPENSACI\u00d3N TEMPERATURA<br \/>\nCOMPENSACI\u00d3N LINEAL<br \/>\nCALIBRACI\u00d3N control de fecha<br \/>\nBater\u00eda recargable Li-Pol con toma micro-USB<br \/>\nActualizaci\u00f3n FIRMWARE con cable USB<br \/>\nTransferencia inal\u00e1mbrica de datos de largo alcance a la aplicaci\u00f3n MICROTECH MDS para Windows, Android, iOS (versiones GRATUITAS). Descargue la aplicaci\u00f3n MICROTECH MDS desde Enlace a la aplicaci\u00f3n MDS<br \/>\nTransferencia de datos HID INAL\u00c1MBRICO a cualquier sistema y aplicaci\u00f3n (modo teclado) con posibilidades de configuraci\u00f3n de datos<br \/>\nSalida de datos MODBUS PLC opcional (4 hilos, RS-485) con posibilidades de configuraci\u00f3n de datos<br \/>\nTransferencia de datos HID USB a cualquier sistema y aplicaci\u00f3n (modo teclado) con posibilidades de configuraci\u00f3n de datos<br \/>\nTodos los comprobadores MICROTECH SHORE pasan un control metrol\u00f3gico en laboratorio acreditado ISO 17025 ILAC en banco de calibraci\u00f3n automatizado.<\/p>\n","protected":false},"excerpt":{"rendered":"<p>MICROTECH fabrica el dur\u00f3metro SHORE A HA con transferencia de datos INAL\u00c1MBRICA<\/p>\n","protected":false},"featured_media":18332,"template":"","meta":{"_acf_changed":false},"product_brand":[6886],"product_cat":[3351],"product_tag":[],"class_list":{"0":"post-12357","1":"product","2":"type-product","3":"status-publish","4":"has-post-thumbnail","6":"product_brand-microtech","7":"product_cat-durometro","8":"pa_battery-li_pol","9":"pa_dataoutput-usbhid","10":"pa_dataoutput-wireless","11":"pa_dataoutput-wirelesshid","12":"pa_indication-computerized2_4","13":"pa_resolution_mm-0_01","15":"first","16":"instock","17":"shipping-taxable","18":"purchasable","19":"product-type-simple"},"acf":[],"_links":{"self":[{"href":"https:\/\/microtech.tools\/es\/wp-json\/wp\/v2\/product\/12357","targetHints":{"allow":["GET"]}}],"collection":[{"href":"https:\/\/microtech.tools\/es\/wp-json\/wp\/v2\/product"}],"about":[{"href":"https:\/\/microtech.tools\/es\/wp-json\/wp\/v2\/types\/product"}],"wp:featuredmedia":[{"embeddable":true,"href":"https:\/\/microtech.tools\/es\/wp-json\/wp\/v2\/media\/18332"}],"wp:attachment":[{"href":"https:\/\/microtech.tools\/es\/wp-json\/wp\/v2\/media?parent=12357"}],"wp:term":[{"taxonomy":"product_brand","embeddable":true,"href":"https:\/\/microtech.tools\/es\/wp-json\/wp\/v2\/product_brand?post=12357"},{"taxonomy":"product_cat","embeddable":true,"href":"https:\/\/microtech.tools\/es\/wp-json\/wp\/v2\/product_cat?post=12357"},{"taxonomy":"product_tag","embeddable":true,"href":"https:\/\/microtech.tools\/es\/wp-json\/wp\/v2\/product_tag?post=12357"}],"curies":[{"name":"wp","href":"https:\/\/api.w.org\/{rel}","templated":true}]}}