{"id":12426,"date":"2024-04-23T10:06:20","date_gmt":"2024-04-23T07:06:20","guid":{"rendered":"https:\/\/microtech.tools\/product\/digital-micrometer-set-ip65\/"},"modified":"2026-03-20T10:33:37","modified_gmt":"2026-03-20T07:33:37","slug":"digital-micrometer-set-ip65","status":"publish","type":"product","link":"https:\/\/microtech.tools\/es\/product\/digital-micrometer-set-ip65\/","title":{"rendered":"CertiMet Juego de micr\u00f3metros digitales IP65"},"content":{"rendered":"<p>Un conjunto de CertiMet micr\u00f3metros digitales producidos por MICROTECH se fabrican en Khark\u0456v de acuerdo con ISO9001:2018. Los micr\u00f3metros digitales est\u00e1n equipados con una cabeza microm\u00e9trica con una resoluci\u00f3n de 0,001. El conjunto puede incluir de 4 a 14 micr\u00f3metros con un rango de medici\u00f3n general de hasta 400 mm.<\/p>\n","protected":false},"excerpt":{"rendered":"<p>Un conjunto de CertiMet micr\u00f3metros digitales producidos por MICROTECH se fabrican en Khark\u0456v de acuerdo con ISO9001:2018. Los micr\u00f3metros digitales est\u00e1n equipados con una cabeza microm\u00e9trica con una resoluci\u00f3n de 0,001. El conjunto puede incluir de 4 a 14 micr\u00f3metros con un rango de medici\u00f3n general de hasta 400 mm.<\/p>\n","protected":false},"featured_media":39054,"template":"","meta":{"_acf_changed":false},"product_brand":[6886],"product_cat":[3938,3353],"product_tag":[],"class_list":{"0":"post-12426","1":"product","2":"type-product","3":"status-publish","4":"has-post-thumbnail","6":"product_brand-microtech","7":"product_cat-micrometer-sets-es","8":"product_cat-micrometros","9":"pa_measrange-0-100-mm-4-inch","10":"pa_measrange-0-150-mm-6-inch","11":"pa_measrange-0-200-mm-8-inch","12":"pa_measrange-0-300-mm-12-inch","13":"pa_measrange-0-400-mm-16-inch","14":"pa_resolution_mm-0_001","16":"first","17":"instock","18":"shipping-taxable","19":"purchasable","20":"product-type-variable"},"acf":[],"_links":{"self":[{"href":"https:\/\/microtech.tools\/es\/wp-json\/wp\/v2\/product\/12426","targetHints":{"allow":["GET"]}}],"collection":[{"href":"https:\/\/microtech.tools\/es\/wp-json\/wp\/v2\/product"}],"about":[{"href":"https:\/\/microtech.tools\/es\/wp-json\/wp\/v2\/types\/product"}],"wp:featuredmedia":[{"embeddable":true,"href":"https:\/\/microtech.tools\/es\/wp-json\/wp\/v2\/media\/39054"}],"wp:attachment":[{"href":"https:\/\/microtech.tools\/es\/wp-json\/wp\/v2\/media?parent=12426"}],"wp:term":[{"taxonomy":"product_brand","embeddable":true,"href":"https:\/\/microtech.tools\/es\/wp-json\/wp\/v2\/product_brand?post=12426"},{"taxonomy":"product_cat","embeddable":true,"href":"https:\/\/microtech.tools\/es\/wp-json\/wp\/v2\/product_cat?post=12426"},{"taxonomy":"product_tag","embeddable":true,"href":"https:\/\/microtech.tools\/es\/wp-json\/wp\/v2\/product_tag?post=12426"}],"curies":[{"name":"wp","href":"https:\/\/api.w.org\/{rel}","templated":true}]}}