{"id":12691,"date":"2023-09-06T09:08:39","date_gmt":"2023-09-06T06:08:39","guid":{"rendered":"https:\/\/microtech.tools\/product\/outside-micrometer\/"},"modified":"2026-03-20T10:38:21","modified_gmt":"2026-03-20T07:38:21","slug":"outside-micrometer","status":"publish","type":"product","link":"https:\/\/microtech.tools\/es\/product\/outside-micrometer\/","title":{"rendered":"Micr\u00f3metro exterior"},"content":{"rendered":"<p>Micr\u00f3metro de exteriores MICROTECH completado seg\u00fan ISO 9001:2018 y equipado con cabezal microm\u00e9trico anal\u00f3gico con resoluci\u00f3n 0,01mm.<\/p>\n<p>Las superficies de medici\u00f3n son de carburo con un di\u00e1metro de 6,5 mm y acabado a mano.<br \/>\nEste micr\u00f3metro exterior fabricado en los rangos de 0-25, 25-50, 50-75, 75-100, 100-125, 125-150, 150-175, 175-200, 200-225, 225-250, 250-275, 275-300 mm.<br \/>\nTodos los micr\u00f3metros MICROTECH pasan control metrol\u00f3gico en laboratorio metrol\u00f3gico acreditado ISO17025.<\/p>\n","protected":false},"excerpt":{"rendered":"<p>Micr\u00f3metro de exteriores MICROTECH completado seg\u00fan ISO 9001:2018 y equipado con cabezal microm\u00e9trico anal\u00f3gico con resoluci\u00f3n 0,01mm.<\/p>\n","protected":false},"featured_media":12692,"template":"","meta":{"_acf_changed":false},"product_brand":[6886],"product_cat":[4203],"product_tag":[],"class_list":{"0":"post-12691","1":"product","2":"type-product","3":"status-publish","4":"has-post-thumbnail","6":"product_brand-microtech","7":"product_cat-micrometro-exterior","8":"pa_measrange-0_25mm0_1inch","9":"pa_measrange-100-125-mm-4-5-inch","10":"pa_measrange-125-150-mm-5-6-inch","11":"pa_measrange-150-175-mm-6-7-inch","12":"pa_measrange-175-200-mm-7-8-inch","13":"pa_measrange-200-225-mm-8-9-inch","14":"pa_measrange-225-250-mm-9-10-inch","15":"pa_measrange-25_50mm1_2inch","16":"pa_measrange-250-275-mm-10-11-inch","17":"pa_measrange-275-300-mm-11-12-inch","18":"pa_measrange-50_75mm2_3inch","19":"pa_measrange-75_100mm3_4inch","20":"pa_resolution_mm-3437","22":"first","23":"instock","24":"shipping-taxable","25":"purchasable","26":"product-type-variable"},"acf":[],"_links":{"self":[{"href":"https:\/\/microtech.tools\/es\/wp-json\/wp\/v2\/product\/12691","targetHints":{"allow":["GET"]}}],"collection":[{"href":"https:\/\/microtech.tools\/es\/wp-json\/wp\/v2\/product"}],"about":[{"href":"https:\/\/microtech.tools\/es\/wp-json\/wp\/v2\/types\/product"}],"wp:featuredmedia":[{"embeddable":true,"href":"https:\/\/microtech.tools\/es\/wp-json\/wp\/v2\/media\/12692"}],"wp:attachment":[{"href":"https:\/\/microtech.tools\/es\/wp-json\/wp\/v2\/media?parent=12691"}],"wp:term":[{"taxonomy":"product_brand","embeddable":true,"href":"https:\/\/microtech.tools\/es\/wp-json\/wp\/v2\/product_brand?post=12691"},{"taxonomy":"product_cat","embeddable":true,"href":"https:\/\/microtech.tools\/es\/wp-json\/wp\/v2\/product_cat?post=12691"},{"taxonomy":"product_tag","embeddable":true,"href":"https:\/\/microtech.tools\/es\/wp-json\/wp\/v2\/product_tag?post=12691"}],"curies":[{"name":"wp","href":"https:\/\/api.w.org\/{rel}","templated":true}]}}