{"id":13202,"date":"2023-03-13T13:54:06","date_gmt":"2023-03-13T10:54:06","guid":{"rendered":"https:\/\/microtech.tools\/product\/digital-inside-micrometer-ip65\/"},"modified":"2026-03-20T10:38:52","modified_gmt":"2026-03-20T07:38:52","slug":"digital-inside-micrometer-ip65","status":"publish","type":"product","link":"https:\/\/microtech.tools\/es\/product\/digital-inside-micrometer-ip65\/","title":{"rendered":"CertiMet Micr\u00f3metro de interiores digital tubular IP65"},"content":{"rendered":"<p>Micr\u00f3metros de interiores digitales IP65 con cabezal de medici\u00f3n de micr\u00f3metros electr\u00f3nicos y juego de extensiones<\/p>\n<p>Los micr\u00f3metros de interiores electr\u00f3nicos pueden tener un rango de medici\u00f3n de 125-1000mm (5-40 pulgadas); 125-1500mm (5-60 pulgadas); 125-2100mm (5-84 pulgadas); 125-3000mm (5-120 pulgadas); 125-4000mm (5-160 pulgadas); 125-5000mm (5-200 pulgadas); 125-6000mm (5-240 pulgadas). Tambi\u00e9n es posible fabricar cualquier rango seg\u00fan la petici\u00f3n del cliente. El di\u00e1metro del tubo es de 22mm y 125-5000mm (5-200 pulgadas); 125-6000mm (5-240 pulgadas) tienen 33mm.<br \/>\nM\u00f3dulo electr\u00f3nico del micr\u00f3metro de interiores con IP65 impermeable y resoluci\u00f3n de 0,001 mm (0,0001\u00bb pulgada), mm\/pulgada y funci\u00f3n de retenci\u00f3n.<br \/>\nMicr\u00f3metro de interiores digital pasa control metrol\u00f3gico en laboratorio de calibraci\u00f3n ISO 17025.<\/p>\n","protected":false},"excerpt":{"rendered":"<p>Micr\u00f3metros de interiores digitales tubulares IP65 con cabezal de medici\u00f3n microm\u00e9trico electr\u00f3nico y juego de extensiones<\/p>\n","protected":false},"featured_media":13203,"template":"","meta":{"_acf_changed":false},"product_brand":[6886],"product_cat":[3929],"product_tag":[],"class_list":{"0":"post-13202","1":"product","2":"type-product","3":"status-publish","4":"has-post-thumbnail","6":"product_brand-microtech","7":"product_cat-micrometros-interiores","8":"pa_battery-cr2032","9":"pa_indication-digital","10":"pa_measrange-125-1000-mm-5-40-inch","11":"pa_measrange-125-1500-mm-5-60-inch","12":"pa_measrange-125-2100-mm-5-85-inch","13":"pa_measrange-125-3000-mm-5-120-inch","14":"pa_measrange-125-4000-mm-5-160-inch","15":"pa_measrange-125-5000-mm-5-200-inch","16":"pa_measrange-125-6000-mm-5-240-inch","17":"pa_resolution_mm-3376","18":"pa_waterproof-ip65-es","20":"first","21":"instock","22":"shipping-taxable","23":"purchasable","24":"product-type-variable"},"acf":[],"_links":{"self":[{"href":"https:\/\/microtech.tools\/es\/wp-json\/wp\/v2\/product\/13202","targetHints":{"allow":["GET"]}}],"collection":[{"href":"https:\/\/microtech.tools\/es\/wp-json\/wp\/v2\/product"}],"about":[{"href":"https:\/\/microtech.tools\/es\/wp-json\/wp\/v2\/types\/product"}],"wp:featuredmedia":[{"embeddable":true,"href":"https:\/\/microtech.tools\/es\/wp-json\/wp\/v2\/media\/13203"}],"wp:attachment":[{"href":"https:\/\/microtech.tools\/es\/wp-json\/wp\/v2\/media?parent=13202"}],"wp:term":[{"taxonomy":"product_brand","embeddable":true,"href":"https:\/\/microtech.tools\/es\/wp-json\/wp\/v2\/product_brand?post=13202"},{"taxonomy":"product_cat","embeddable":true,"href":"https:\/\/microtech.tools\/es\/wp-json\/wp\/v2\/product_cat?post=13202"},{"taxonomy":"product_tag","embeddable":true,"href":"https:\/\/microtech.tools\/es\/wp-json\/wp\/v2\/product_tag?post=13202"}],"curies":[{"name":"wp","href":"https:\/\/api.w.org\/{rel}","templated":true}]}}