{"id":13265,"date":"2023-03-13T13:24:48","date_gmt":"2023-03-13T10:24:48","guid":{"rendered":"https:\/\/microtech.tools\/product\/sub-micron-point-computerized-micrometer-wireless\/"},"modified":"2026-03-20T10:39:05","modified_gmt":"2026-03-20T07:39:05","slug":"sub-micron-point-computerized-micrometer-wireless","status":"publish","type":"product","link":"https:\/\/microtech.tools\/es\/product\/sub-micron-point-computerized-micrometer-wireless\/","title":{"rendered":"DataMet Micr\u00f3metro computarizado inal\u00e1mbrico de puntos submicr\u00f3nicos"},"content":{"rendered":"<p><iframe width=\"560\" height=\"315\" src=\"https:\/\/www.youtube.com\/embed\/JbX8Cc1lrhc?si=SvheKq77_Mui1sE3\" title=\"YouTube video player\" frameborder=\"0\" allow=\"accelerometer; autoplay; clipboard-write; encrypted-media; gyroscope; picture-in-picture; web-share\" referrerpolicy=\"strict-origin-when-cross-origin\" allowfullscreen><\/iframe><br \/>\nEl micr\u00f3metro computarizado de punto submicrom\u00e9trico MICROTECH con sistema de medici\u00f3n inteligente MICS tiene un alcance de hasta 100 mm, una resoluci\u00f3n de 0,1 micras y una precisi\u00f3n de hasta 1 micra.<br \/>\nEl micr\u00f3metro submicrom\u00e9trico MICROTECH dispone de un dedal de fricci\u00f3n con una fuerza de medici\u00f3n de 6-9 N.<br \/>\nEl sistema de medici\u00f3n computarizado MICS del micr\u00f3metro tiene tales funciones:<br \/>\n-memoria interna con modo estad\u00edstico<br \/>\n-Indicaci\u00f3n Go\/NoGo en color (l\u00edmites)<br \/>\n-Funci\u00f3n pico (M\u00edn\/M\u00e1x)<br \/>\n-Temporizador (lectura en memoria o transferencia de datos)<br \/>\n-Indicador de c\u00e1lculo Ax2+Bx+C<br \/>\n-Selecci\u00f3n de resoluci\u00f3n (0,1 \/ 1\/ 10 micras)<br \/>\n-Selecci\u00f3n mm\/pulgada<br \/>\n-Compensaci\u00f3n de temperatura<br \/>\n-Compensaci\u00f3n de errores matem\u00e1ticos<br \/>\n-Transferencia inal\u00e1mbrica de datos a dispositivos Windows, iOS, Android<br \/>\n-Transferencia de datos USB HID a dispositivos Windows, MacOS, Linux, Android (modo teclado)<br \/>\n-Bater\u00eda Li-Pol recargable integrada con cargador magn\u00e9tico<br \/>\n-Visualizaci\u00f3n en color de alta resoluci\u00f3n de 2,4 pulgadas con pantalla t\u00e1ctil.<\/p>\n<p>Los micr\u00f3metros MICROTECH pasan control metrol\u00f3gico en laboratorio metrol\u00f3gico acreditado ISO 17025:2019.<br \/>\nTodos los micr\u00f3metros completos con protocolo de calibraci\u00f3n, manual, cable de carga magn\u00e9tico y caja de pl\u00e1stico.<\/p>\n","protected":false},"excerpt":{"rendered":"<p>El micr\u00f3metro computarizado de punto submicrom\u00e9trico MICROTECH con sistema de medici\u00f3n inteligente MICS tiene un alcance de hasta 100 mm, una resoluci\u00f3n de 0,1 micras y una precisi\u00f3n de hasta 1 micra.<\/p>\n","protected":false},"featured_media":13266,"template":"","meta":{"_acf_changed":false},"product_brand":[6886],"product_cat":[3353,3871],"product_tag":[],"class_list":{"0":"post-13265","1":"product","2":"type-product","3":"status-publish","4":"has-post-thumbnail","6":"product_brand-microtech","7":"product_cat-micrometros","8":"product_cat-micrometros-de-punta","9":"pa_battery-li_pol","10":"pa_dataoutput-usbhid","11":"pa_dataoutput-wireless","12":"pa_dataoutput-wirelesshid","13":"pa_indication-computerized2_4","14":"pa_measrange-0_25mm0_1inch","15":"pa_measrange-25_50mm1_2inch","16":"pa_measrange-50_75mm2_3inch","17":"pa_measrange-75_100mm3_4inch","18":"pa_resolution_mm-3399","19":"pa_waterproof-ip65-es","21":"first","22":"instock","23":"shipping-taxable","24":"purchasable","25":"product-type-variable"},"acf":[],"_links":{"self":[{"href":"https:\/\/microtech.tools\/es\/wp-json\/wp\/v2\/product\/13265","targetHints":{"allow":["GET"]}}],"collection":[{"href":"https:\/\/microtech.tools\/es\/wp-json\/wp\/v2\/product"}],"about":[{"href":"https:\/\/microtech.tools\/es\/wp-json\/wp\/v2\/types\/product"}],"wp:featuredmedia":[{"embeddable":true,"href":"https:\/\/microtech.tools\/es\/wp-json\/wp\/v2\/media\/13266"}],"wp:attachment":[{"href":"https:\/\/microtech.tools\/es\/wp-json\/wp\/v2\/media?parent=13265"}],"wp:term":[{"taxonomy":"product_brand","embeddable":true,"href":"https:\/\/microtech.tools\/es\/wp-json\/wp\/v2\/product_brand?post=13265"},{"taxonomy":"product_cat","embeddable":true,"href":"https:\/\/microtech.tools\/es\/wp-json\/wp\/v2\/product_cat?post=13265"},{"taxonomy":"product_tag","embeddable":true,"href":"https:\/\/microtech.tools\/es\/wp-json\/wp\/v2\/product_tag?post=13265"}],"curies":[{"name":"wp","href":"https:\/\/api.w.org\/{rel}","templated":true}]}}