{"id":13368,"date":"2023-03-06T13:41:48","date_gmt":"2023-03-06T10:41:48","guid":{"rendered":"https:\/\/microtech.tools\/product\/modular-computerized-micrometer-wireless\/"},"modified":"2026-05-11T11:03:43","modified_gmt":"2026-05-11T08:03:43","slug":"micrometro-modular-inalambrico","status":"publish","type":"product","link":"https:\/\/microtech.tools\/es\/product\/micrometro-modular-inalambrico\/","title":{"rendered":"DataMet computarizado Micr\u00f3metro modular Inal\u00e1mbrico"},"content":{"rendered":"<p>El micr\u00f3metro computerizado modular Wireless ha sido desarrollado por MICROTECH.<br \/>\nRangos disponibles 1000, 1500, 2000, 3000, 4000, 5000, 6000, 8000, 9000, 10000mm (40, 60, 80, 120, 160, 200, 240, 280, 300, 320, 360, 400 pulgadas) y rangos especiales pueden ser fabricados bajo pedido.<br \/>\nEn los micr\u00f3metros modulares de amplio rango se utiliza un cabezal microm\u00e9trico computarizado con un rango de 50mm y anillos de ajuste. Estos micr\u00f3metros pueden medir detalles en rangos de 500 o 1000mm seg\u00fan el rango com\u00fan.<br \/>\nEstos micr\u00f3metros grandes consisten en m\u00f3dulos para el transporte f\u00e1cil y pueden ser montados f\u00e1cilmente durante 10-20 minutos.<br \/>\nLa principal ventaja de este micr\u00f3metro de precisi\u00f3n es el uso de un sistema de medici\u00f3n computarizado de MICROTECH.<br \/>\nOfrece la posibilidad de obtener una resoluci\u00f3n de 0,1 micras y una precisi\u00f3n superior a la de los micr\u00f3metros de la competencia.<br \/>\nAdem\u00e1s, el m\u00f3dulo de medici\u00f3n computerizado del micr\u00f3metro est\u00e1 equipado con memoria interna, funciones Go\/NoGo con indicaci\u00f3n en color, Max\/min, funci\u00f3n F\u00f3rmula, temperatura manual y compensaci\u00f3n de errores.<br \/>\nLa pantalla en color y la pantalla t\u00e1ctil proporcionan una gran facilidad de uso del micr\u00f3metro de submicras.<br \/>\nNo es necesario gastar dinero extra en bater\u00edas, ya que incorpora una bater\u00eda Li-pol recargable.<br \/>\nEl m\u00f3dulo de transferencia de datos inal\u00e1mbrico incorporado ofrece la posibilidad de transferir datos de medici\u00f3n y datos de la memoria al software MICROTECH MDS. Hay modificaciones de software para Windows, Android, dispositivos iOS.<br \/>\nTambi\u00e9n es posible utilizar la toma USB del instrumento computerizado MICROTECH para transferir datos directamente a la aplicaci\u00f3n de Windows con el cable del conjunto.<br \/>\nTodos los micr\u00f3metros de amplio rango pasan control metrol\u00f3gico en laboratorio acreditado ISO 17025 con certificado de calibraci\u00f3n.<\/p>\n<p>Un micr\u00f3metro modular se ensambla a partir de m\u00f3dulos separados, cuya longitud se elige en funci\u00f3n de la facilidad de transporte (tama\u00f1o m\u00e1ximo 2100 mm):<br \/>\n&#8211; Para un micr\u00f3metro de 3000 mm de alcance bastan 3 m\u00f3dulos;<br \/>\n&#8211; Para un micr\u00f3metro de alcance de 10000 mm se recomiendan 10 m\u00f3dulos.<\/p>\n<p>Los componentes (m\u00f3dulos) se fijan entre s\u00ed utilizando 2 (dos) bridas, cada una de las cuales tiene 4 (cuatro) pernos con tuercas de liberaci\u00f3n r\u00e1pida.<\/p>\n<p>La conexi\u00f3n perno-tuerca tarda aproximadamente 1 (un) minuto en completarse, por lo que el tiempo total de montaje del medidor r\u00e1pido del micr\u00f3metro modular es:<br \/>\n&#8211; Para un rango de 3000 mm unos 16-20 minutos;<br \/>\n&#8211; Para el rango de 4000 mm unos 25-30 minutos;<\/p>\n<p>&#8211; Para el rango de 5000 mm unos 40-50 minutos;<\/p>\n<p>&#8211; Para el rango de 6000 mm unos 50-60 minutos<\/p>\n<p>&#8211; Patente UA 99688, UA103981, UA126926, UA108044, UA112291, UA116231 de MICROTECH<\/p>\n<p>&#8211; Microordenador integrado con pantalla t\u00e1ctil en color de 1,5\u00bb.<\/p>\n<p>&#8211; Compensaci\u00f3n matem\u00e1tica de errores<\/p>\n<p>&#8211; Compensaci\u00f3n de temperatura de detalles con materiales: Aluminio, Hierro, Cobre, Vidrio en el rango 0-50\u00b0C (sensor interno)<\/p>\n<p>&#8211; Funciones avanzadas (TOL, MAX\/MIN, RANGE, DATA, ZERO, etc.)<\/p>\n<p>&#8211; Transferencia de datos inal\u00e1mbrica de baja energ\u00eda integrada a dispositivos Windows, Android, iOS con una distancia de hasta 10 m<\/p>\n<p>&#8211; Conexi\u00f3n USB a PC Windows en modo teclado o normal (cable incluido)<\/p>\n<p>&#8211; Bater\u00eda Li-Pol recargable incorporada<\/p>\n<p>&#8211; Software SPC para dispositivos Windows, Android, iOS GRATIS<\/p>\n<p>&#8211; Control metrol\u00f3gico 100% en laboratorio acreditado por ISO17025 (Ilac MRA)<\/p>\n","protected":false},"excerpt":{"rendered":"<h3>El micr\u00f3metro computerizado modular Wireless ha sido desarrollado por MICROTECH.<\/h3>\n","protected":false},"featured_media":18035,"template":"","meta":{"_acf_changed":false},"product_brand":[6886],"product_cat":[3353,3357],"product_tag":[],"class_list":{"0":"post-13368","1":"product","2":"type-product","3":"status-publish","4":"has-post-thumbnail","6":"product_brand-microtech","7":"product_cat-micrometros","8":"product_cat-micrometros-de-gran-rango","9":"pa_battery-li_pol","10":"pa_dataoutput-usbhid","11":"pa_dataoutput-wireless","12":"pa_dataoutput-wirelesshid","13":"pa_indication-computerized2_4","14":"pa_measrange-1000-1500-mm-40-60-inch","15":"pa_measrange-1500-2000-mm-60-80-inch","16":"pa_measrange-2000-3000-mm-80-120-inch","17":"pa_measrange-3000-4000-mm-120-160-inch","18":"pa_measrange-4000-5000-mm-160-200-inch","19":"pa_measrange-5000-6000-mm-200-240-inch","20":"pa_measrange-6000-7000-mm-240-280-inch","21":"pa_measrange-7000-8000-mm-280-320-inch","22":"pa_measrange-8000-9000-mm-320-360-inch","23":"pa_measrange-9000-10000-mm-360-400-inch","24":"pa_resolution_mm-3399","26":"first","27":"instock","28":"shipping-taxable","29":"purchasable","30":"product-type-variable"},"acf":[],"_links":{"self":[{"href":"https:\/\/microtech.tools\/es\/wp-json\/wp\/v2\/product\/13368","targetHints":{"allow":["GET"]}}],"collection":[{"href":"https:\/\/microtech.tools\/es\/wp-json\/wp\/v2\/product"}],"about":[{"href":"https:\/\/microtech.tools\/es\/wp-json\/wp\/v2\/types\/product"}],"wp:featuredmedia":[{"embeddable":true,"href":"https:\/\/microtech.tools\/es\/wp-json\/wp\/v2\/media\/18035"}],"wp:attachment":[{"href":"https:\/\/microtech.tools\/es\/wp-json\/wp\/v2\/media?parent=13368"}],"wp:term":[{"taxonomy":"product_brand","embeddable":true,"href":"https:\/\/microtech.tools\/es\/wp-json\/wp\/v2\/product_brand?post=13368"},{"taxonomy":"product_cat","embeddable":true,"href":"https:\/\/microtech.tools\/es\/wp-json\/wp\/v2\/product_cat?post=13368"},{"taxonomy":"product_tag","embeddable":true,"href":"https:\/\/microtech.tools\/es\/wp-json\/wp\/v2\/product_tag?post=13368"}],"curies":[{"name":"wp","href":"https:\/\/api.w.org\/{rel}","templated":true}]}}