{"id":13576,"date":"2023-03-13T13:24:14","date_gmt":"2023-03-13T10:24:14","guid":{"rendered":"https:\/\/microtech.tools\/product\/blade-computerized-micrometer\/"},"modified":"2026-03-20T10:39:13","modified_gmt":"2026-03-20T07:39:13","slug":"blade-computerized-micrometer","status":"publish","type":"product","link":"https:\/\/microtech.tools\/es\/product\/blade-computerized-micrometer\/","title":{"rendered":"DataMet Micr\u00f3metro computerizado de cuchilla"},"content":{"rendered":"<p><iframe width=\"560\" height=\"315\" src=\"https:\/\/www.youtube.com\/embed\/MrseTjZdOcU?si=uPemffPHHJRKxcAT\" title=\"YouTube video player\" frameborder=\"0\" allow=\"accelerometer; autoplay; clipboard-write; encrypted-media; gyroscope; picture-in-picture; web-share\" referrerpolicy=\"strict-origin-when-cross-origin\" allowfullscreen><\/iframe><br \/>\nEl micr\u00f3metro de cuchilla MICROTECH con estanqueidad IP65 dispone de cabezal microm\u00e9trico de dedal de fricci\u00f3n para un f\u00e1cil manejo. Tiene 25, 50, 75, 100 mm rangos de medici\u00f3n.<br \/>\nMICROTECH utilizar en este micr\u00f3metro de cuchilla micras de resoluci\u00f3n electr\u00f3nica en caja de aluminio de alta calidad con IP65 prueba.<br \/>\nTodos los micr\u00f3metros MICROTECH pasan control metrol\u00f3gico en laboratorio acreditado ISO 17025 (Ilac) con protocolo de calibraci\u00f3n.<\/p>\n","protected":false},"excerpt":{"rendered":"<p>El micr\u00f3metro de cuchilla MICROTECH con estanqueidad IP65 dispone de cabezal microm\u00e9trico de dedal de fricci\u00f3n para un f\u00e1cil manejo. Tiene 25, 50, 75, 100 mm rangos de medici\u00f3n.<\/p>\n","protected":false},"featured_media":13577,"template":"","meta":{"_acf_changed":false},"product_brand":[6886],"product_cat":[3353,3866],"product_tag":[],"class_list":{"0":"post-13576","1":"product","2":"type-product","3":"status-publish","4":"has-post-thumbnail","6":"product_brand-microtech","7":"product_cat-micrometros","8":"product_cat-blade-micrometers-es","9":"pa_battery-li_pol","10":"pa_dataoutput-usbhid","11":"pa_dataoutput-wireless","12":"pa_dataoutput-wirelesshid","13":"pa_indication-computerized2_4","14":"pa_measrange-0_25mm0_1inch","15":"pa_measrange-25_50mm1_2inch","16":"pa_measrange-50_75mm2_3inch","17":"pa_measrange-75_100mm3_4inch","18":"pa_resolution_mm-3399","19":"pa_waterproof-ip65-es","21":"first","22":"instock","23":"shipping-taxable","24":"purchasable","25":"product-type-variable"},"acf":[],"_links":{"self":[{"href":"https:\/\/microtech.tools\/es\/wp-json\/wp\/v2\/product\/13576","targetHints":{"allow":["GET"]}}],"collection":[{"href":"https:\/\/microtech.tools\/es\/wp-json\/wp\/v2\/product"}],"about":[{"href":"https:\/\/microtech.tools\/es\/wp-json\/wp\/v2\/types\/product"}],"wp:featuredmedia":[{"embeddable":true,"href":"https:\/\/microtech.tools\/es\/wp-json\/wp\/v2\/media\/13577"}],"wp:attachment":[{"href":"https:\/\/microtech.tools\/es\/wp-json\/wp\/v2\/media?parent=13576"}],"wp:term":[{"taxonomy":"product_brand","embeddable":true,"href":"https:\/\/microtech.tools\/es\/wp-json\/wp\/v2\/product_brand?post=13576"},{"taxonomy":"product_cat","embeddable":true,"href":"https:\/\/microtech.tools\/es\/wp-json\/wp\/v2\/product_cat?post=13576"},{"taxonomy":"product_tag","embeddable":true,"href":"https:\/\/microtech.tools\/es\/wp-json\/wp\/v2\/product_tag?post=13576"}],"curies":[{"name":"wp","href":"https:\/\/api.w.org\/{rel}","templated":true}]}}