{"id":13594,"date":"2023-03-13T13:24:17","date_gmt":"2023-03-13T10:24:17","guid":{"rendered":"https:\/\/microtech.tools\/product\/cable-crimping-computerized-micrometer-ip65\/"},"modified":"2026-05-11T08:54:54","modified_gmt":"2026-05-11T05:54:54","slug":"micrometro-para-crimpado-de-cables-2","status":"publish","type":"product","link":"https:\/\/microtech.tools\/es\/product\/micrometro-para-crimpado-de-cables-2\/","title":{"rendered":"DataMet computerizado Micr\u00f3metro para crimpado de cables IP65"},"content":{"rendered":"<p>Micr\u00f3metro para crimpado de cables IP65 con cono de 30\u00b0 y forma de cuchilla para medir la altura de los contactos de crimpado el\u00e9ctrico.<\/p>\n<p>El micr\u00f3metro computerizado para crimpado de cables con sistema de medici\u00f3n inteligente MICS tiene un alcance de hasta 20 mm y una resoluci\u00f3n de 0,1 micras.<br \/>\nEl sistema de medici\u00f3n computarizado MICS del micr\u00f3metro tiene tales funciones:<br \/>\n-Memoria interna con modo estad\u00edstico<br \/>\n-Indicaci\u00f3n Go\/NoGo en color (l\u00edmites)<br \/>\n-Funci\u00f3n pico (M\u00edn\/M\u00e1x)<br \/>\n-Temporizador (lectura en memoria o transferencia de datos)<br \/>\n-Indicador de c\u00e1lculo Ax2+Bx+C<br \/>\n-Selecci\u00f3n de resoluci\u00f3n (0,1 micras)<br \/>\n-Selecci\u00f3n mm\/pulgada<br \/>\n-Compensaci\u00f3n de temperatura<br \/>\n-Compensaci\u00f3n de errores matem\u00e1ticos<br \/>\n-Transferencia inal\u00e1mbrica de datos a dispositivos Windows, iOS, Android<br \/>\n-Transferencia de datos USB HID a dispositivos Windows, MacOS, Linux, Android (modo teclado)<br \/>\n-Bater\u00eda Li-Pol recargable integrada con cargador magn\u00e9tico<br \/>\n-Visualizaci\u00f3n en color de alta resoluci\u00f3n de 2,4 pulgadas con pantalla t\u00e1ctil.<\/p>\n<p>Los micr\u00f3metros de engaste MICROTECH pasan control metrol\u00f3gico en laboratorio metrol\u00f3gico acreditado ISO 17025:2019.<br \/>\nTodos los micr\u00f3metros de engaste completos con protocolo de calibraci\u00f3n, manual, cable de carga magn\u00e9tico y caja de pl\u00e1stico.<\/p>\n","protected":false},"excerpt":{"rendered":"<p>Micr\u00f3metro para crimpado de cables IP65 con cono de 30\u00b0 y forma de cuchilla para medir la altura de los contactos de crimpado el\u00e9ctrico.<\/p>\n","protected":false},"featured_media":13595,"template":"","meta":{"_acf_changed":false},"product_brand":[6886],"product_cat":[3353,3867],"product_tag":[],"class_list":{"0":"post-13594","1":"product","2":"type-product","3":"status-publish","4":"has-post-thumbnail","6":"product_brand-microtech","7":"product_cat-micrometros","8":"product_cat-cable-crimping-micrometers-es","9":"pa_battery-li_pol","10":"pa_dataoutput-usbhid","11":"pa_dataoutput-wireless","12":"pa_dataoutput-wirelesshid","13":"pa_indication-computerized2_4","14":"pa_measrange-0-20-mm-0-1-inch","15":"pa_resolution_mm-3399","16":"pa_waterproof-ip65-es","18":"first","19":"instock","20":"shipping-taxable","21":"purchasable","22":"product-type-simple"},"acf":[],"_links":{"self":[{"href":"https:\/\/microtech.tools\/es\/wp-json\/wp\/v2\/product\/13594","targetHints":{"allow":["GET"]}}],"collection":[{"href":"https:\/\/microtech.tools\/es\/wp-json\/wp\/v2\/product"}],"about":[{"href":"https:\/\/microtech.tools\/es\/wp-json\/wp\/v2\/types\/product"}],"wp:featuredmedia":[{"embeddable":true,"href":"https:\/\/microtech.tools\/es\/wp-json\/wp\/v2\/media\/13595"}],"wp:attachment":[{"href":"https:\/\/microtech.tools\/es\/wp-json\/wp\/v2\/media?parent=13594"}],"wp:term":[{"taxonomy":"product_brand","embeddable":true,"href":"https:\/\/microtech.tools\/es\/wp-json\/wp\/v2\/product_brand?post=13594"},{"taxonomy":"product_cat","embeddable":true,"href":"https:\/\/microtech.tools\/es\/wp-json\/wp\/v2\/product_cat?post=13594"},{"taxonomy":"product_tag","embeddable":true,"href":"https:\/\/microtech.tools\/es\/wp-json\/wp\/v2\/product_tag?post=13594"}],"curies":[{"name":"wp","href":"https:\/\/api.w.org\/{rel}","templated":true}]}}