{"id":13726,"date":"2023-03-06T13:46:59","date_gmt":"2023-03-06T10:46:59","guid":{"rendered":"https:\/\/microtech.tools\/product\/tube-digital-caliper-ip54\/"},"modified":"2026-03-20T10:40:48","modified_gmt":"2026-03-20T07:40:48","slug":"tube-digital-caliper-ip54","status":"publish","type":"product","link":"https:\/\/microtech.tools\/es\/product\/tube-digital-caliper-ip54\/","title":{"rendered":"Calibre digital de tubo IP54"},"content":{"rendered":"<p>Los calibres digitales para tubos se utilizan para medir el grosor de las paredes de los tubos y otros detalles de formas redondas. Di\u00e1metro de la barra redonda 4 mm.<\/p>\n<p>Los calibres de tubo digitales MICROTECH tienen rangos de 150, 200, 300 mm (6, 8, 12 pulgadas).<\/p>\n<p>El m\u00f3dulo electr\u00f3nico es resistente al agua (IP54), tiene una resoluci\u00f3n de 0,005 mm \/ 0,0002 pulgadas, conversi\u00f3n mm\/pulgada y funci\u00f3n ORIGEN.<\/p>\n<p>Los calibres MICROTECH tienen superficies de medici\u00f3n acabadas a mano (Ra&lt;0,32) y pasan el control metrol\u00f3gico en el laboratorio acreditado ISO 17025 ilac con certificado de calibraci\u00f3n sin coste adicional.<\/p>\n","protected":false},"excerpt":{"rendered":"<h3>Los calibres digitales para tubos se utilizan para medir el grosor de las paredes de los tubos y otros detalles de formas redondas. Di\u00e1metro de la barra redonda 4 mm.<\/h3>\n","protected":false},"featured_media":17698,"template":"","meta":{"_acf_changed":false},"product_brand":[6886],"product_cat":[3332,3342],"product_tag":[],"class_list":{"0":"post-13726","1":"product","2":"type-product","3":"status-publish","4":"has-post-thumbnail","6":"product_brand-microtech","7":"product_cat-calibradores","8":"product_cat-pinza-de-tubo","9":"pa_battery-cr2032","10":"pa_indication-digital","11":"pa_measrange-150mm6inch","12":"pa_measrange-200mm8inch","13":"pa_measrange-300mm12inch","14":"pa_resolution_mm-3473","15":"pa_waterproof-ip54-es","17":"first","18":"instock","19":"shipping-taxable","20":"purchasable","21":"product-type-variable"},"acf":[],"_links":{"self":[{"href":"https:\/\/microtech.tools\/es\/wp-json\/wp\/v2\/product\/13726","targetHints":{"allow":["GET"]}}],"collection":[{"href":"https:\/\/microtech.tools\/es\/wp-json\/wp\/v2\/product"}],"about":[{"href":"https:\/\/microtech.tools\/es\/wp-json\/wp\/v2\/types\/product"}],"wp:featuredmedia":[{"embeddable":true,"href":"https:\/\/microtech.tools\/es\/wp-json\/wp\/v2\/media\/17698"}],"wp:attachment":[{"href":"https:\/\/microtech.tools\/es\/wp-json\/wp\/v2\/media?parent=13726"}],"wp:term":[{"taxonomy":"product_brand","embeddable":true,"href":"https:\/\/microtech.tools\/es\/wp-json\/wp\/v2\/product_brand?post=13726"},{"taxonomy":"product_cat","embeddable":true,"href":"https:\/\/microtech.tools\/es\/wp-json\/wp\/v2\/product_cat?post=13726"},{"taxonomy":"product_tag","embeddable":true,"href":"https:\/\/microtech.tools\/es\/wp-json\/wp\/v2\/product_tag?post=13726"}],"curies":[{"name":"wp","href":"https:\/\/api.w.org\/{rel}","templated":true}]}}