{"id":13775,"date":"2023-03-06T13:54:22","date_gmt":"2023-03-06T13:54:22","guid":{"rendered":"https:\/\/microtech.tools\/product\/wide-range-digital-micrometers\/"},"modified":"2026-03-20T10:39:52","modified_gmt":"2026-03-20T07:39:52","slug":"wide-range-digital-micrometers","status":"publish","type":"product","link":"https:\/\/microtech.tools\/es\/product\/wide-range-digital-micrometers\/","title":{"rendered":"Micr\u00f3metros digitales de amplio rango"},"content":{"rendered":"<p>Micr\u00f3metro digital de amplio rango MICROTECH con estanqueidad IP65 tiene cabezal microm\u00e9trico de dedal de fricci\u00f3n para un f\u00e1cil manejo. Tiene 400 500 600 700 800 900 1000 1200 1400 1600 1800 2000 2200 2400 2600 2800 3000 mm rangos de medici\u00f3n.<\/p>\n<p>MICROTECH utilizar en este micr\u00f3metro micras de resoluci\u00f3n electr\u00f3nica ( 0,001mm) en caja de aluminio de alta calidad con IP65 prueba. Electr\u00f3nica tiene mm \/ pulgadas de conversi\u00f3n y la funci\u00f3n de retenci\u00f3n. El cabezal del micr\u00f3metro, las superficies de medici\u00f3n y las varillas de ajuste est\u00e1n acabados a mano. Todos los micr\u00f3metros electr\u00f3nicos de amplia gama est\u00e1n equipados con varilla de ajuste y embalados en caja de madera.Es posible fabricar gamas y configuraciones de medidor especiales a petici\u00f3n del cliente.Todos los micr\u00f3metros MICROTECH pasan control metrol\u00f3gico en laboratorio acreditado ISO 17025 (Ilac) con protocolo de calibraci\u00f3n.<\/p>\n","protected":false},"excerpt":{"rendered":"<h3>Micr\u00f3metro digital de amplio rango MICROTECH con estanqueidad IP65 tiene cabezal microm\u00e9trico de dedal de fricci\u00f3n para un f\u00e1cil manejo. Tiene 400 500 600 700 800 900 1000 1200 1400 1600 1800 2000 2200 2400 2600 2800 3000 mm rangos de medici\u00f3n.<\/h3>\n","protected":false},"featured_media":50119,"template":"","meta":{"_acf_changed":false},"product_brand":[6886],"product_cat":[3353,3357],"product_tag":[],"class_list":{"0":"post-13775","1":"product","2":"type-product","3":"status-publish","4":"has-post-thumbnail","6":"product_brand-microtech","7":"product_cat-micrometros","8":"product_cat-micrometros-de-gran-rango","9":"pa_battery-cr2032","10":"pa_indication-digital","11":"pa_measrange-1000-1200-mm-40-48-inch","12":"pa_measrange-1200-1400-mm-48-55-inch","13":"pa_measrange-1400-1600-mm-55-63-inch","14":"pa_measrange-1600-1800-mm-63-71-inch","15":"pa_measrange-1800-2000-mm-72-80-inch","16":"pa_measrange-2000-2200-mm-80-88-inch","17":"pa_measrange-2200-2400-mm-88-96-inch","18":"pa_measrange-2400-2600-mm-96-104-inch","19":"pa_measrange-2600-2800-mm-104-112-inch","20":"pa_measrange-2800-3000-mm-112-120-inch","21":"pa_measrange-300-400-mm-12-16-inch","22":"pa_measrange-400-500-mm-16-20-inch","23":"pa_measrange-500-600-mm-20-24-inch","24":"pa_measrange-600-700-mm-24-28-inch","25":"pa_measrange-700-800-mm-28-32-inch","26":"pa_measrange-800-900-mm-32-36-inch","27":"pa_measrange-900-1000-mm-36-40-inch","28":"pa_resolution_mm-3376","30":"first","31":"instock","32":"shipping-taxable","33":"purchasable","34":"product-type-variable"},"acf":[],"_links":{"self":[{"href":"https:\/\/microtech.tools\/es\/wp-json\/wp\/v2\/product\/13775","targetHints":{"allow":["GET"]}}],"collection":[{"href":"https:\/\/microtech.tools\/es\/wp-json\/wp\/v2\/product"}],"about":[{"href":"https:\/\/microtech.tools\/es\/wp-json\/wp\/v2\/types\/product"}],"wp:featuredmedia":[{"embeddable":true,"href":"https:\/\/microtech.tools\/es\/wp-json\/wp\/v2\/media\/50119"}],"wp:attachment":[{"href":"https:\/\/microtech.tools\/es\/wp-json\/wp\/v2\/media?parent=13775"}],"wp:term":[{"taxonomy":"product_brand","embeddable":true,"href":"https:\/\/microtech.tools\/es\/wp-json\/wp\/v2\/product_brand?post=13775"},{"taxonomy":"product_cat","embeddable":true,"href":"https:\/\/microtech.tools\/es\/wp-json\/wp\/v2\/product_cat?post=13775"},{"taxonomy":"product_tag","embeddable":true,"href":"https:\/\/microtech.tools\/es\/wp-json\/wp\/v2\/product_tag?post=13775"}],"curies":[{"name":"wp","href":"https:\/\/api.w.org\/{rel}","templated":true}]}}