{"id":13915,"date":"2023-03-13T13:54:54","date_gmt":"2023-03-13T10:54:54","guid":{"rendered":"https:\/\/microtech.tools\/product\/sub-micron-computerized-inside-micrometer-wireless-industry-40\/"},"modified":"2026-03-20T10:38:46","modified_gmt":"2026-03-20T07:38:46","slug":"sub-micron-computerized-inside-micrometer-wireless-industry-40","status":"publish","type":"product","link":"https:\/\/microtech.tools\/es\/product\/sub-micron-computerized-inside-micrometer-wireless-industry-40\/","title":{"rendered":"DataMet Tubular Micr\u00f3metro de interiores computarizado submicras Inal\u00e1mbrico Industria 4.0"},"content":{"rendered":"<p>Micr\u00f3metro de interiores computarizado tubular submicr\u00f3nico con transferencia de datos inal\u00e1mbrica+USB adoptado para Industria 4.0<\/p>\n<p>Los micr\u00f3metros internos computarizados tubulares pueden tener un rango de medici\u00f3n de 125-1000 mm (5-40 pulgadas); 125-1500 mm (5-60 pulgadas); 125-2100 mm (5-84 pulgadas); 125-3000 mm (5-120 pulgadas); 125-4000 mm (5-160 pulgadas); 125-5000 mm (5-200 pulgadas); 125-6000 mm (5-240 pulgadas). Tambi\u00e9n es posible fabricar cualquier rango seg\u00fan la solicitud del cliente. El di\u00e1metro del tubo es de 22mm y 125-5000mm (5-200 pulgadas); 125-6000mm (5-240 pulgadas) tienen 33mm.<\/p>\n<p>El sistema computarizado ofrece la posibilidad de obtener una resoluci\u00f3n de 0,1 micras y una mayor precisi\u00f3n que los micr\u00f3metros internos de la competencia.<br \/>\nAdem\u00e1s, el m\u00f3dulo de medici\u00f3n informatizado del micr\u00f3metro interno est\u00e1 equipado con memoria interna, funciones Go\/NoGo con indicaci\u00f3n en color, Max\/min, funci\u00f3n F\u00f3rmula, temperatura manual y compensaci\u00f3n de errores.<br \/>\nLa pantalla en color y la pantalla t\u00e1ctil proporcionan una gran facilidad de uso del micr\u00f3metro de submicras.<br \/>\nNo es necesario gastar dinero extra en bater\u00edas, ya que incorpora una bater\u00eda Li-pol recargable.<br \/>\nEl m\u00f3dulo de transferencia de datos inal\u00e1mbrico incorporado ofrece la posibilidad de transferir datos de medici\u00f3n y datos de la memoria al software MICROTECH MDS. Hay modificaciones de software para Windows, Android, dispositivos iOS.<br \/>\nTambi\u00e9n es posible utilizar la toma USB del instrumento computerizado MICROTECH para transferir datos directamente a la aplicaci\u00f3n de Windows con el cable del conjunto.<br \/>\nEl micr\u00f3metro interior pasa el control metrol\u00f3gico en el laboratorio de calibraci\u00f3n ISO 17025.<\/p>\n","protected":false},"excerpt":{"rendered":"<p>Micr\u00f3metro de interiores computarizado tubular submicr\u00f3nico con transferencia de datos inal\u00e1mbrica+USB adoptado para Industria 4.0<\/p>\n","protected":false},"featured_media":13916,"template":"","meta":{"_acf_changed":false},"product_brand":[6886],"product_cat":[3929],"product_tag":[],"class_list":{"0":"post-13915","1":"product","2":"type-product","3":"status-publish","4":"has-post-thumbnail","6":"product_brand-microtech","7":"product_cat-micrometros-interiores","8":"pa_battery-li_pol","9":"pa_dataoutput-usbhid","10":"pa_dataoutput-wireless","11":"pa_dataoutput-wirelesshid","12":"pa_indication-computerized1_54","13":"pa_measrange-125-1000-mm-5-40-inch","14":"pa_measrange-125-1500-mm-5-60-inch","15":"pa_measrange-125-2100-mm-5-85-inch","16":"pa_measrange-125-3000-mm-5-120-inch","17":"pa_measrange-125-4000-mm-5-160-inch","18":"pa_measrange-125-5000-mm-5-200-inch","19":"pa_measrange-125-6000-mm-5-240-inch","20":"pa_resolution_mm-3399","22":"first","23":"instock","24":"shipping-taxable","25":"purchasable","26":"product-type-variable"},"acf":[],"_links":{"self":[{"href":"https:\/\/microtech.tools\/es\/wp-json\/wp\/v2\/product\/13915","targetHints":{"allow":["GET"]}}],"collection":[{"href":"https:\/\/microtech.tools\/es\/wp-json\/wp\/v2\/product"}],"about":[{"href":"https:\/\/microtech.tools\/es\/wp-json\/wp\/v2\/types\/product"}],"wp:featuredmedia":[{"embeddable":true,"href":"https:\/\/microtech.tools\/es\/wp-json\/wp\/v2\/media\/13916"}],"wp:attachment":[{"href":"https:\/\/microtech.tools\/es\/wp-json\/wp\/v2\/media?parent=13915"}],"wp:term":[{"taxonomy":"product_brand","embeddable":true,"href":"https:\/\/microtech.tools\/es\/wp-json\/wp\/v2\/product_brand?post=13915"},{"taxonomy":"product_cat","embeddable":true,"href":"https:\/\/microtech.tools\/es\/wp-json\/wp\/v2\/product_cat?post=13915"},{"taxonomy":"product_tag","embeddable":true,"href":"https:\/\/microtech.tools\/es\/wp-json\/wp\/v2\/product_tag?post=13915"}],"curies":[{"name":"wp","href":"https:\/\/api.w.org\/{rel}","templated":true}]}}