{"id":14137,"date":"2023-03-13T13:32:47","date_gmt":"2023-03-13T10:32:47","guid":{"rendered":"https:\/\/microtech.tools\/product\/sub-micron-industry-40-indicator-wireless\/"},"modified":"2026-03-20T10:38:56","modified_gmt":"2026-03-20T07:38:56","slug":"sub-micron-industry-40-indicator-wireless","status":"publish","type":"product","link":"https:\/\/microtech.tools\/es\/product\/sub-micron-industry-40-indicator-wireless\/","title":{"rendered":"DataMet Indicador submicr\u00f3nico de Industria 4.0 Inal\u00e1mbrico"},"content":{"rendered":"<p><iframe title=\"YouTube video player\" src=\"https:\/\/www.youtube.com\/embed\/LZM_geUyUvQ?si=20xNKSTX14UgFcef\" width=\"560\" height=\"315\" frameborder=\"0\" allowfullscreen=\"allowfullscreen\"><\/iframe><\/p>\n<div>\n<p>MICROTECH fabrica un indicador de tabletas submicr\u00f3nico adaptado a la Industria 4.0<br \/>\nLos indicadores de tableta utilizan un sistema de medici\u00f3n informatizado desarrollado y patentado por MICROTECH (patentes UA126928, UA99686) con una resoluci\u00f3n de 0,1 micras.<br \/>\nLos indicadores de tableta informatizados pueden utilizarse para mediciones lineales de precisi\u00f3n o en soportes y dispositivos personalizados para radios, esferas y otros.<\/p>\n<p>El m\u00f3dulo de medici\u00f3n TABLET del indicador tiene las siguientes funciones:<\/p>\n<p>Modo GR\u00c1FICO en l\u00ednea<br \/>\nEscala ajustable ANAL\u00d3GICA en color<br \/>\nConexi\u00f3n HUB (conexi\u00f3n de dispositivo externo MICROTECH Wireless)<br \/>\nPosibilidades de conexi\u00f3n 2D (conexi\u00f3n e indicaci\u00f3n inal\u00e1mbrica de dispositivo externo)<br \/>\nConexi\u00f3n PROBE (indicador externo o indicador de palanca Conexi\u00f3n inal\u00e1mbrica) con modo AUTO<br \/>\nSistema de lectura r\u00e1pida 50 val\/seg<br \/>\nMEMORIA interna para 2000 valores con sistema de carpetas y estad\u00edstica,<br \/>\nFunci\u00f3n L\u00cdMITES (Go\/NoGo) con indicaci\u00f3n en color,<br \/>\nPICO (Max\/min),<br \/>\nTEMPORIZADOR<br \/>\nF\u00d3RMULA Ax2+Bx+C, RADIO, ESFERA<br \/>\nManual COMPENSACI\u00d3N TEMPERATURA<br \/>\nCompensaci\u00f3n LINEAL<br \/>\nSELECCI\u00d3N DE RESOLUCI\u00d3N 0,1\/0,01\/0,001\/0,0001 mm tambi\u00e9n en pulgadas<br \/>\nCALIBRACI\u00d3N control de fecha<br \/>\nBater\u00eda recargable Li-Pol con toma micro-USB<br \/>\nActualizaci\u00f3n FIRMWARE con cable USB<br \/>\nTransferencia inal\u00e1mbrica de datos de largo alcance a la aplicaci\u00f3n MICROTECH MDS para Windows, Android, iOS (versiones GRATUITAS). Descargue la aplicaci\u00f3n MICROTECH MDS desde Enlace a la aplicaci\u00f3n MDS<br \/>\nTransferencia de datos HID INAL\u00c1MBRICO a cualquier sistema y aplicaci\u00f3n (modo teclado) con posibilidades de configuraci\u00f3n de datos<br \/>\nSalida de datos MODBUS PLC opcional (4 hilos, RS-485) con posibilidades de configuraci\u00f3n de datos<br \/>\nTransferencia de datos HID USB a cualquier sistema y aplicaci\u00f3n (modo teclado) con posibilidades de configuraci\u00f3n de datos<\/p>\n<p>Todos los indicadores MICROTECH pasan control metrol\u00f3gico en laboratorio acreditado ISO 17025 ILAC en puesto de calibraci\u00f3n automatizado.<\/p>\n<p>ES POSIBLE A\u00d1ADIR FUNCIONES Y FORMULAS EXTRA A LOS INDICADORES INDUSTRY 4.0 A PETICI\u00d3N DEL CLIENTE<\/p>\n<\/div>\n","protected":false},"excerpt":{"rendered":"<p>MICROTECH fabrica un indicador de tabletas submicr\u00f3nico adaptado a la Industria 4.0<br \/>\nLos indicadores de tableta utilizan un sistema de medici\u00f3n informatizado desarrollado y patentado por MICROTECH (patentes UA126928, UA99686) con una resoluci\u00f3n de 0,1 micras.<\/p>\n","protected":false},"featured_media":18066,"template":"","meta":{"_acf_changed":false},"product_brand":[6886],"product_cat":[3831],"product_tag":[],"class_list":{"0":"post-14137","1":"product","2":"type-product","3":"status-publish","4":"has-post-thumbnail","6":"product_brand-microtech","7":"product_cat-indicadores-es","8":"pa_battery-li_pol","9":"pa_dataoutput-usbhid","10":"pa_dataoutput-wireless","11":"pa_dataoutput-wirelesshid","12":"pa_indication-computerized2_4","13":"pa_measrange-0-100-mm-4-inch","14":"pa_measrange-0-127-mm-05-inch","15":"pa_measrange-0-150-mm-6-inch","16":"pa_measrange-0-254-mm-1-inch","17":"pa_measrange-0-508-mm-2-inch","18":"pa_resolution_mm-3399","20":"first","21":"instock","22":"shipping-taxable","23":"purchasable","24":"product-type-variable","25":"has-default-attributes"},"acf":[],"_links":{"self":[{"href":"https:\/\/microtech.tools\/es\/wp-json\/wp\/v2\/product\/14137","targetHints":{"allow":["GET"]}}],"collection":[{"href":"https:\/\/microtech.tools\/es\/wp-json\/wp\/v2\/product"}],"about":[{"href":"https:\/\/microtech.tools\/es\/wp-json\/wp\/v2\/types\/product"}],"wp:featuredmedia":[{"embeddable":true,"href":"https:\/\/microtech.tools\/es\/wp-json\/wp\/v2\/media\/18066"}],"wp:attachment":[{"href":"https:\/\/microtech.tools\/es\/wp-json\/wp\/v2\/media?parent=14137"}],"wp:term":[{"taxonomy":"product_brand","embeddable":true,"href":"https:\/\/microtech.tools\/es\/wp-json\/wp\/v2\/product_brand?post=14137"},{"taxonomy":"product_cat","embeddable":true,"href":"https:\/\/microtech.tools\/es\/wp-json\/wp\/v2\/product_cat?post=14137"},{"taxonomy":"product_tag","embeddable":true,"href":"https:\/\/microtech.tools\/es\/wp-json\/wp\/v2\/product_tag?post=14137"}],"curies":[{"name":"wp","href":"https:\/\/api.w.org\/{rel}","templated":true}]}}