{"id":15703,"date":"2024-05-23T06:14:38","date_gmt":"2024-05-23T03:14:38","guid":{"rendered":"https:\/\/microtech.tools\/?post_type=product&#038;p=15703"},"modified":"2026-03-20T10:33:22","modified_gmt":"2026-03-20T07:33:22","slug":"medidor-informatizado-para-mediciones-externas-industria-4-0-copy","status":"publish","type":"product","link":"https:\/\/microtech.tools\/es\/product\/medidor-informatizado-para-mediciones-externas-industria-4-0-copy\/","title":{"rendered":"DataMet MEDIDOR INFORMATIZADO PARA MEDICIONES EXTERNAS INDUSTRIA 4.0 con contacto c\u00f3nico (form A)"},"content":{"rendered":"<p><iframe title=\"YouTube video player\" src=\"https:\/\/www.youtube.com\/embed\/_zajn26fEpI?si=rP3eR2gdyxLevWI8\" width=\"560\" height=\"315\" frameborder=\"0\" allowfullscreen=\"allowfullscreen\"><\/iframe><\/p>\n<p>Medidor de micras de precisi\u00f3n informatizado para medici\u00f3n externa con contacto c\u00f3nico (form A) con transferencia de datos inal\u00e1mbrica y USB adoptada ti Industria 4.0<\/p>\n<p>MODIFICACIONES de contactos: CONO (R0.3\/R0.5), PUNTA (R0.5), BOLA (\u00d81, \u00d81.5, \u00d82)<\/p>\n<p>El m\u00f3dulo electr\u00f3nico MICROTECH informatizado con una resoluci\u00f3n de 1 micra proporciona una mayor precisi\u00f3n que los medidores externos de la competencia.<\/p>\n<p>El sistema de medici\u00f3n computarizado MICS del medidor externo tiene una pantalla actualizada de alta resoluci\u00f3n de 1,54 pulgadas y tales funciones:<\/p>\n<p>&#8211; memoria interna con modo estad\u00edstico<br \/>\n&#8211; Indicaci\u00f3n en color Go\/NoGo (l\u00edmites)<br \/>\n&#8211; Funci\u00f3n de pico (M\u00edn\/M\u00e1x)<br \/>\n&#8211; Temporizador (lectura en memoria o transferencia de datos)<br \/>\n&#8211; F\u00f3rmula &#8211; indicador de c\u00e1lculo Ax2+Bx+C<br \/>\n&#8211; Selecci\u00f3n de resoluci\u00f3n (0,1 \/ 1\/ 10 micras)<br \/>\n-Selecci\u00f3n de mm\/pulgadas<br \/>\n&#8211; Compensaci\u00f3n de temperatura<br \/>\n&#8211; Compensaci\u00f3n de errores matem\u00e1ticos<br \/>\n&#8211; Transferencia inal\u00e1mbrica de datos a dispositivos Windows, iOS, Android<br \/>\n&#8211; Transferencia de datos USB HID a dispositivos Windows, MacOS, Linux, Android (modo teclado)<br \/>\n&#8211; Bater\u00eda Li-Pol recargable integrada con cargador magn\u00e9tico<br \/>\n&#8211; Pantalla en color de alta resoluci\u00f3n de 1,44 pulgadas con pantalla t\u00e1ctil.<\/p>\n<p>Todos los instrumentos MICROTECH pasan control metrol\u00f3gico en laboratorio metrol\u00f3gico acreditado ISO17025.<\/p>\n","protected":false},"excerpt":{"rendered":"<p><strong>Computerized precision micron gauge for external measuring with Wireless &amp; USB data transfer adopted to Industry 4.0<\/strong><\/p>\n","protected":false},"featured_media":35991,"template":"","meta":{"_acf_changed":false},"product_brand":[6886],"product_cat":[3883],"product_tag":[],"class_list":{"0":"post-15703","1":"product","2":"type-product","3":"status-publish","4":"has-post-thumbnail","6":"product_brand-microtech","7":"product_cat-medidores-de-calibre-externos","8":"pa_battery-li_pol","9":"pa_dataoutput-usbhid","10":"pa_dataoutput-wireless","11":"pa_dataoutput-wirelesshid","12":"pa_indication-computerized1_54","13":"pa_measrange-0-10-mm","14":"pa_measrange-0-20-mm-2","15":"pa_measrange-20-40-mm","16":"pa_measrange-40-60-mm","17":"pa_resolution_mm-0-0005","18":"pa_resolution_mm-3376","20":"first","21":"instock","22":"shipping-taxable","23":"purchasable","24":"product-type-variable"},"acf":[],"_links":{"self":[{"href":"https:\/\/microtech.tools\/es\/wp-json\/wp\/v2\/product\/15703","targetHints":{"allow":["GET"]}}],"collection":[{"href":"https:\/\/microtech.tools\/es\/wp-json\/wp\/v2\/product"}],"about":[{"href":"https:\/\/microtech.tools\/es\/wp-json\/wp\/v2\/types\/product"}],"wp:featuredmedia":[{"embeddable":true,"href":"https:\/\/microtech.tools\/es\/wp-json\/wp\/v2\/media\/35991"}],"wp:attachment":[{"href":"https:\/\/microtech.tools\/es\/wp-json\/wp\/v2\/media?parent=15703"}],"wp:term":[{"taxonomy":"product_brand","embeddable":true,"href":"https:\/\/microtech.tools\/es\/wp-json\/wp\/v2\/product_brand?post=15703"},{"taxonomy":"product_cat","embeddable":true,"href":"https:\/\/microtech.tools\/es\/wp-json\/wp\/v2\/product_cat?post=15703"},{"taxonomy":"product_tag","embeddable":true,"href":"https:\/\/microtech.tools\/es\/wp-json\/wp\/v2\/product_tag?post=15703"}],"curies":[{"name":"wp","href":"https:\/\/api.w.org\/{rel}","templated":true}]}}