{"id":16539,"date":"2024-07-19T06:00:41","date_gmt":"2024-07-19T03:00:41","guid":{"rendered":"https:\/\/microtech.tools\/?post_type=product&#038;p=16539"},"modified":"2026-04-03T11:10:24","modified_gmt":"2026-04-03T08:10:24","slug":"digital-recargable-calibre","status":"publish","type":"product","link":"https:\/\/microtech.tools\/es\/product\/digital-recargable-calibre\/","title":{"rendered":"CertiMet digital recargable calibre IP54"},"content":{"rendered":"<p><strong>\u00a1\u00a1\u00a1NUEVO !!! D<\/strong><strong>igital recargable\u00a0<\/strong><strong>Calibre IP54 con rodillo de pulgar.<\/strong><br \/>\n<strong>Estos calibres recargables MICROTECH tienen un rango de medici\u00f3n de 150, 200 o 300 mm y una resoluci\u00f3n de 0,01 mm.<\/strong><br \/>\n<strong>Electr\u00f3nica de pantalla grande de alta calidad en carcasa met\u00e1lica con puerto USB (para carga y salida de datos), bater\u00eda integrada recargable con indicaci\u00f3n de carga.<\/strong><br \/>\n<strong>M\u00f3dulo electr\u00f3nico con funciones mm\/in, cero, encendido\/apagado autom\u00e1tico.<\/strong><\/p>\n<p>Los calibres MICROTECH pasan el control metrol\u00f3gico en un laboratorio metrol\u00f3gico acreditado ISO 17025:2019.<br \/>\nTodos los calibres se completan con protocolo de calibraci\u00f3n, manual, cable de carga USB y caja de pl\u00e1stico.<br \/>\nOPCIONAL: CABLE DE DATOS<\/p>\n","protected":false},"excerpt":{"rendered":"<h4><strong>\u00a1\u00a1\u00a1NUEVO !!! D<\/strong><strong>igital recargable <\/strong><strong>Calibre IP54 con rodillo de pulgar.<\/strong><br \/>\n<strong>Estos calibres recargables MICROTECH tienen un rango de medici\u00f3n de 150, 200 o 300 mm y una resoluci\u00f3n de 0,01 mm.<\/strong><br \/>\n<strong>Electr\u00f3nica de pantalla grande de alta calidad en carcasa met\u00e1lica con puerto USB (para carga y salida de datos), bater\u00eda integrada recargable con indicaci\u00f3n de carga.<\/strong><br \/>\n<strong>M\u00f3dulo electr\u00f3nico con funciones mm\/in, cero, encendido\/apagado autom\u00e1tico.<\/strong><\/h4>\n","protected":false},"featured_media":18949,"template":"","meta":{"_acf_changed":false},"product_brand":[6886],"product_cat":[3332,3335],"product_tag":[],"class_list":{"0":"post-16539","1":"product","2":"type-product","3":"status-publish","4":"has-post-thumbnail","6":"product_brand-microtech","7":"product_cat-calibradores","8":"product_cat-calibradores-digitales","9":"pa_battery-li_pol","10":"pa_indication-digital","11":"pa_measrange-150mm6inch","12":"pa_measrange-200mm8inch","13":"pa_measrange-300mm12inch","14":"pa_resolution_mm-3437","15":"pa_waterproof-ip54-es","17":"first","18":"instock","19":"shipping-taxable","20":"purchasable","21":"product-type-variable","22":"has-default-attributes"},"acf":[],"_links":{"self":[{"href":"https:\/\/microtech.tools\/es\/wp-json\/wp\/v2\/product\/16539","targetHints":{"allow":["GET"]}}],"collection":[{"href":"https:\/\/microtech.tools\/es\/wp-json\/wp\/v2\/product"}],"about":[{"href":"https:\/\/microtech.tools\/es\/wp-json\/wp\/v2\/types\/product"}],"wp:featuredmedia":[{"embeddable":true,"href":"https:\/\/microtech.tools\/es\/wp-json\/wp\/v2\/media\/18949"}],"wp:attachment":[{"href":"https:\/\/microtech.tools\/es\/wp-json\/wp\/v2\/media?parent=16539"}],"wp:term":[{"taxonomy":"product_brand","embeddable":true,"href":"https:\/\/microtech.tools\/es\/wp-json\/wp\/v2\/product_brand?post=16539"},{"taxonomy":"product_cat","embeddable":true,"href":"https:\/\/microtech.tools\/es\/wp-json\/wp\/v2\/product_cat?post=16539"},{"taxonomy":"product_tag","embeddable":true,"href":"https:\/\/microtech.tools\/es\/wp-json\/wp\/v2\/product_tag?post=16539"}],"curies":[{"name":"wp","href":"https:\/\/api.w.org\/{rel}","templated":true}]}}