{"id":16879,"date":"2024-07-19T09:53:51","date_gmt":"2024-07-19T06:53:51","guid":{"rendered":"https:\/\/microtech.tools\/?post_type=product&#038;p=16879"},"modified":"2026-03-20T10:33:12","modified_gmt":"2026-03-20T07:33:12","slug":"micrometro-computarizado-de-disco-copy","status":"publish","type":"product","link":"https:\/\/microtech.tools\/es\/product\/micrometro-computarizado-de-disco-copy\/","title":{"rendered":"DataMet Micr\u00f3metro computarizado de disco"},"content":{"rendered":"<p>El micr\u00f3metro de disco computarizado submicrom\u00e9trico con salida de datos inal\u00e1mbrica y USB adoptado para la Industria 4.0 tiene un rango de hasta 1000 mm, resoluci\u00f3n de 0,1 micras. El micr\u00f3metro de disco submicrom\u00e9trico MICROTECH tiene un dedal de fricci\u00f3n con una fuerza de medici\u00f3n de 6-9 N.<br \/>\nMICROTECH micr\u00f3metros de disco de fabricaci\u00f3n con di\u00e1metro de disco 25mm con tales rangos: mm 0-25; 25-50; 50-75; 75-100y micr\u00f3metros de disco con di\u00e1metro de disco 35mm con tales rangos: mm 0-25; 25-50; 50-75; 75-100; 100-125; 125-150; 150-175; 175-200; 200-225; 225-250; 250-275; 275-300; 300-325; 325-350; 350-375; 375-400; 400-425; 425-450; 450-475; 475-500.<br \/>\nMicr\u00f3metro de disco con husillo no giratorio. Este micr\u00f3metro se puede utilizar para materiales blandos (l\u00e1mina, pel\u00edcula, caucho) y medici\u00f3n de dientes de engranajes.<br \/>\nHay modificaciones con discos de 20 o 35 mm de di\u00e1metro.<br \/>\nA petici\u00f3n del cliente es posible suministrar discos de di\u00e1metros especiales y rangos de medici\u00f3n personalizados.<br \/>\nEl sistema de medici\u00f3n computarizado MICS del micr\u00f3metro tiene tales funciones<br \/>\n&#8211; memoria interna con modo estad\u00edstico<br \/>\n&#8211; Indicaci\u00f3n en color Go\/NoGo (l\u00edmites)<br \/>\n&#8211; Funci\u00f3n pico (Min\/Max)<br \/>\n&#8211; Temporizador (lectura a memoria o transferencia de datos)<br \/>\n&#8211; F\u00f3rmula &#8211; indicador de c\u00e1lculo Ax2+Bx+C<br \/>\n&#8211; Selecci\u00f3n de resoluci\u00f3n (0,1 \/ 1\/ 10 micras)<br \/>\n&#8211; Selecci\u00f3n mm\/pulgada<br \/>\n&#8211; Compensaci\u00f3n de temperatura<br \/>\n&#8211; Compensaci\u00f3n de errores matem\u00e1ticos<br \/>\n&#8211; Transferencia inal\u00e1mbrica de datos a dispositivos Windows, iOS, Android<br \/>\n&#8211; Transferencia de datos USB HID a dispositivos Windows, MacOS, Linux, Android (modo teclado)<br \/>\n&#8211; Bater\u00eda Li-Pol recargable integrada con cargador magn\u00e9tico<br \/>\n&#8211; Pantalla en color de alta resoluci\u00f3n de 2,4 pulgadas con pantalla t\u00e1ctil.<br \/>\nMicr\u00f3metro submicrom\u00e9trico computerizado con m\u00f3dulo de transferencia de datos de largo alcance. MICROTECH dispone de versiones gratuitas de aplicaci\u00f3n para PC Windows, tel\u00e9fonos y tabletas Android e iOS. Puede descargar la aplicaci\u00f3n MICROTECH MDS desde Link to MDS app&#8217;s<br \/>\nEl micr\u00f3metro computarizado MICROTECH tiene funci\u00f3n de transferencia de datos USB HID para enviar datos reales y datos de la memoria directamente a cualquier aplicaci\u00f3n en sistemas Windows, Linux, MacOS, Android en modo teclado con el cable USB habitual sin necesidad de software especial.<br \/>\nLos micr\u00f3metros MICROTECH pasan control metrol\u00f3gico en laboratorio metrol\u00f3gico acreditado ISO 17025:2019.<br \/>\nTodos los micr\u00f3metros de disco completos con protocolo de calibraci\u00f3n, manual, cable magn\u00e9tico de carga y caja de pl\u00e1stico.<\/p>\n","protected":false},"excerpt":{"rendered":"<p>El micr\u00f3metro de disco computarizado submicrom\u00e9trico con salida de datos inal\u00e1mbrica y USB adoptado para la Industria 4.0 tiene un rango de hasta 1000 mm, resoluci\u00f3n de 0,1 micras.<\/p>\n","protected":false},"featured_media":18047,"template":"","meta":{"_acf_changed":false},"product_brand":[6886],"product_cat":[3353,3869],"product_tag":[],"class_list":{"0":"post-16879","1":"product","2":"type-product","3":"status-publish","4":"has-post-thumbnail","6":"product_brand-microtech","7":"product_cat-micrometros","8":"product_cat-micrometros-de-disco","9":"pa_battery-li_pol","10":"pa_dataoutput-usbhid","11":"pa_dataoutput-wireless","12":"pa_dataoutput-wirelesshid","13":"pa_indication-computerized2_4","14":"pa_measrange-0_25mm0_1inch","15":"pa_measrange-100-125-mm-4-5-inch","16":"pa_measrange-125-150-mm-5-6-inch","17":"pa_measrange-150-175-mm-6-7-inch","18":"pa_measrange-175-200-mm-7-8-inch","19":"pa_measrange-200-225-mm-8-9-inch","20":"pa_measrange-225-250-mm-9-10-inch","21":"pa_measrange-25_50mm1_2inch","22":"pa_measrange-250-275-mm-10-11-inch","23":"pa_measrange-275-300-mm-11-12-inch","24":"pa_measrange-300-325-mm-12-13-inch","25":"pa_measrange-325-350-mm-13-14-inch","26":"pa_measrange-350-375-mm-14-15-inch","27":"pa_measrange-375-400-mm-15-16-inch","28":"pa_measrange-400-425-mm-16-17-inch","29":"pa_measrange-425-450-mm-17-18-inch","30":"pa_measrange-450-475-mm-18-19-inch","31":"pa_measrange-475-500-mm-19-20-inch","32":"pa_measrange-50_75mm2_3inch","33":"pa_measrange-75_100mm3_4inch","34":"pa_resolution_mm-3399","35":"pa_waterproof-ip65-es","37":"first","38":"instock","39":"shipping-taxable","40":"purchasable","41":"product-type-variable"},"acf":[],"_links":{"self":[{"href":"https:\/\/microtech.tools\/es\/wp-json\/wp\/v2\/product\/16879","targetHints":{"allow":["GET"]}}],"collection":[{"href":"https:\/\/microtech.tools\/es\/wp-json\/wp\/v2\/product"}],"about":[{"href":"https:\/\/microtech.tools\/es\/wp-json\/wp\/v2\/types\/product"}],"wp:featuredmedia":[{"embeddable":true,"href":"https:\/\/microtech.tools\/es\/wp-json\/wp\/v2\/media\/18047"}],"wp:attachment":[{"href":"https:\/\/microtech.tools\/es\/wp-json\/wp\/v2\/media?parent=16879"}],"wp:term":[{"taxonomy":"product_brand","embeddable":true,"href":"https:\/\/microtech.tools\/es\/wp-json\/wp\/v2\/product_brand?post=16879"},{"taxonomy":"product_cat","embeddable":true,"href":"https:\/\/microtech.tools\/es\/wp-json\/wp\/v2\/product_cat?post=16879"},{"taxonomy":"product_tag","embeddable":true,"href":"https:\/\/microtech.tools\/es\/wp-json\/wp\/v2\/product_tag?post=16879"}],"curies":[{"name":"wp","href":"https:\/\/api.w.org\/{rel}","templated":true}]}}