{"id":20647,"date":"2025-04-29T08:54:05","date_gmt":"2025-04-29T05:54:05","guid":{"rendered":"https:\/\/microtech.tools\/product\/double-range-non-rotating-computerized-micrometer\/"},"modified":"2026-04-24T11:31:02","modified_gmt":"2026-04-24T08:31:02","slug":"micrometro-con-husillo-no-giratorio","status":"publish","type":"product","link":"https:\/\/microtech.tools\/es\/product\/micrometro-con-husillo-no-giratorio\/","title":{"rendered":"DataMet computarizado Micr\u00f3metro con husillo no giratorio y doble rango de medici\u00f3n"},"content":{"rendered":"<div dir=\"auto\">\n<p class=\"my-0\">Fabricaci\u00f3n MICROTECH \u2013 micr\u00f3metro computarizado de doble rango de medici\u00f3n con husillo no giratorio, adaptado a la Industria 4.0.<\/p>\n<p class=\"my-0\">Los micr\u00f3metros de mesa utilizan un sistema de medici\u00f3n computarizado desarrollado y patentado por MICROTECH (patentes UA126928, UA99686) con una discretizaci\u00f3n de 0,0005 mm y husillo no giratorio para la medici\u00f3n de l\u00e1minas, pel\u00edculas y materiales blandos.<\/p>\n<p class=\"my-0\">El micr\u00f3metro de amplio rango y husillo no giratorio de MICROTECH tiene un rango de 0\u201350 mm (0\u20132 pulgadas), cubriendo as\u00ed un doble rango de medici\u00f3n.<\/p>\n<p class=\"my-0\"><strong>El m\u00f3dulo de medici\u00f3n TABLET del micr\u00f3metro incluye las siguientes funciones:<\/strong><\/p>\n<ul class=\"marker:text-textOff list-disc\">\n<li>\n<p class=\"my-0\">Modo GR\u00c1FICO en l\u00ednea<\/p>\n<\/li>\n<li>\n<p class=\"my-0\">Escala ANAL\u00d3GICA de color ajustable<\/p>\n<\/li>\n<li>\n<p class=\"my-0\">Conexi\u00f3n HUB (conexi\u00f3n inal\u00e1mbrica externa de dispositivos MICROTECH)<\/p>\n<\/li>\n<li>\n<p class=\"my-0\">Posibilidades de conexi\u00f3n 2D (conexi\u00f3n e indicaci\u00f3n inal\u00e1mbrica de dispositivos externos)<\/p>\n<\/li>\n<li>\n<p class=\"my-0\">Conexi\u00f3n de SONDA (indicador externo o indicador de palanca, conexi\u00f3n inal\u00e1mbrica) con modo AUTO<\/p>\n<\/li>\n<li>\n<p class=\"my-0\">MEMORIA interna para 2000 valores con sistema de carpetas y estad\u00edsticas<\/p>\n<\/li>\n<li>\n<p class=\"my-0\">Funci\u00f3n de L\u00cdMITES (Go\/NoGo) con indicaci\u00f3n por color<\/p>\n<\/li>\n<li>\n<p class=\"my-0\">PEAK (m\u00e1ximo\/m\u00ednimo)<\/p>\n<\/li>\n<li>\n<p class=\"my-0\">TEMPORIZADOR<\/p>\n<\/li>\n<li>\n<p class=\"my-0\">F\u00f3rmula Ax2+Bx+C<\/p>\n<\/li>\n<li>\n<p class=\"my-0\">COMPENSACI\u00d3N MANUAL DE TEMPERATURA<\/p>\n<\/li>\n<li>\n<p class=\"my-0\">Compensaci\u00f3n LINEAL<\/p>\n<\/li>\n<li>\n<p class=\"my-0\">Selecci\u00f3n de DISCRETIZACI\u00d3N 0,1\/0,01\/0,001\/0,0005 mm, tambi\u00e9n en pulgadas<\/p>\n<\/li>\n<li>\n<p class=\"my-0\">Control de fecha de CALIBRACI\u00d3N<\/p>\n<\/li>\n<li>\n<p class=\"my-0\">Bater\u00eda recargable Li-Pol con conector micro-USB<\/p>\n<\/li>\n<li>\n<p class=\"my-0\">Actualizaci\u00f3n de FIRMWARE mediante cable USB<\/p>\n<\/li>\n<li>\n<p class=\"my-0\">Transferencia de datos inal\u00e1mbrica de largo alcance a la aplicaci\u00f3n MICROTECH MDS para Windows, Android, iOS (versiones GRATUITAS)<\/p>\n<\/li>\n<li>\n<p class=\"my-0\">Transferencia de datos inal\u00e1mbrica HID a cualquier sistema y aplicaci\u00f3n (modo teclado) con posibilidades de configuraci\u00f3n de datos<\/p>\n<\/li>\n<li>\n<p class=\"my-0\">Salida opcional MODBUS PLC (4 hilos, RS-485) con posibilidades de configuraci\u00f3n de datos<\/p>\n<\/li>\n<li>\n<p class=\"my-0\">Transferencia de datos USB HID a cualquier sistema y aplicaci\u00f3n (modo teclado) con posibilidades de configuraci\u00f3n de datos<\/p>\n<\/li>\n<\/ul>\n<p class=\"my-0\">Todos los micr\u00f3metros MICROTECH tienen superficies de medici\u00f3n acabadas a mano (Ra&lt;0,32) y pasan control metrol\u00f3gico en laboratorio acreditado seg\u00fan ISO 17025 ILAC.<\/p>\n<\/div>\n","protected":false},"excerpt":{"rendered":"<p>Los micr\u00f3metros de mesa utilizan un sistema de medici\u00f3n computarizado desarrollado y patentado por MICROTECH (patentes UA126928, UA99686) con una discretizaci\u00f3n de 0,0005 mm y husillo no giratorio para la medici\u00f3n de l\u00e1minas, pel\u00edculas y materiales blandos.<\/p>\n","protected":false},"featured_media":20629,"template":"","meta":{"_acf_changed":false},"product_brand":[6886],"product_cat":[3354],"product_tag":[],"class_list":{"0":"post-20647","1":"product","2":"type-product","3":"status-publish","4":"has-post-thumbnail","6":"product_brand-microtech","7":"product_cat-micrometro-de-precision","8":"pa_dataoutput-usbhid","9":"pa_dataoutput-wireless","10":"pa_dataoutput-wirelesshid","11":"pa_measrange-0-50-mm-0-2-inch","12":"pa_measrange-100-150-mm-4-6-inch","13":"pa_measrange-150-200-mm-6-8-inch","14":"pa_measrange-200-250-mm-8-10-inch","15":"pa_measrange-250-300-mm-10-12-inch","16":"pa_measrange-300-350-mm-12-14-inch","17":"pa_measrange-350-400-mm-14-16-inch","18":"pa_measrange-400-450-mm-16-18-inch","19":"pa_measrange-450-500-mm-18-20-inch","20":"pa_measrange-50-100-mm-2-4-inch","21":"pa_resolution_mm-0-0005","23":"first","24":"instock","25":"shipping-taxable","26":"purchasable","27":"product-type-variable","28":"has-default-attributes"},"acf":[],"_links":{"self":[{"href":"https:\/\/microtech.tools\/es\/wp-json\/wp\/v2\/product\/20647","targetHints":{"allow":["GET"]}}],"collection":[{"href":"https:\/\/microtech.tools\/es\/wp-json\/wp\/v2\/product"}],"about":[{"href":"https:\/\/microtech.tools\/es\/wp-json\/wp\/v2\/types\/product"}],"wp:featuredmedia":[{"embeddable":true,"href":"https:\/\/microtech.tools\/es\/wp-json\/wp\/v2\/media\/20629"}],"wp:attachment":[{"href":"https:\/\/microtech.tools\/es\/wp-json\/wp\/v2\/media?parent=20647"}],"wp:term":[{"taxonomy":"product_brand","embeddable":true,"href":"https:\/\/microtech.tools\/es\/wp-json\/wp\/v2\/product_brand?post=20647"},{"taxonomy":"product_cat","embeddable":true,"href":"https:\/\/microtech.tools\/es\/wp-json\/wp\/v2\/product_cat?post=20647"},{"taxonomy":"product_tag","embeddable":true,"href":"https:\/\/microtech.tools\/es\/wp-json\/wp\/v2\/product_tag?post=20647"}],"curies":[{"name":"wp","href":"https:\/\/api.w.org\/{rel}","templated":true}]}}