{"id":21247,"date":"2025-07-23T11:50:06","date_gmt":"2025-07-23T08:50:06","guid":{"rendered":"https:\/\/microtech.tools\/?post_type=product&#038;p=21247"},"modified":"2026-04-03T09:32:13","modified_gmt":"2026-04-03T06:32:13","slug":"ceramico-calibre-de-baja-fuerza-ip67","status":"publish","type":"product","link":"https:\/\/microtech.tools\/es\/product\/ceramico-calibre-de-baja-fuerza-ip67\/","title":{"rendered":"SwissMet Cer\u00e1mico Calibre micron de baja fuerza IP67"},"content":{"rendered":"<p><iframe title=\"YouTube video player\" src=\"https:\/\/www.youtube.com\/embed\/exjiPsitcuk?si=NLJGgGurYqNoTbjj\" width=\"560\" height=\"315\" frameborder=\"0\" allowfullscreen=\"allowfullscreen\"><\/iframe><\/p>\n<p>MICROTECH fabrica cer\u00e1mico calibre de baja fuerza con control de fuerza de medici\u00f3n. (Pat. US10429165)<br \/>\nEstos calibres est\u00e1n equipados con un m\u00f3dulo patentado de control de fuerza para medir todo el tiempo con una misma fuerza baja (0,8N). Permite medir materiales blandos (cart\u00f3n, caucho, pl\u00e1stico, etc.) sin deformaci\u00f3n.<br \/>\nEstos calibres tienen rangos de 150, 200, 300 mm (6, 8, 12 pulgadas) y tienen sistema de medici\u00f3n electr\u00f3nico suizo con IP67 a prueba de agua.<br \/>\nLa modificaci\u00f3n con m\u00f3dulo de transferencia de datos inal\u00e1mbrico de largo alcance incorporado ofrece la posibilidad de transferir datos de medici\u00f3n y datos de la memoria al software MICROTECH MDS a una distancia de hasta 30 metros. Existen modificaciones del software para dispositivos Windows, Android, iOS.<br \/>\nTodos los calibres MICROTECH tienen mand\u00edbulas de medici\u00f3n acabadas a mano y pasan control metrol\u00f3gico en laboratorio acreditado ISO 17025 lila con certificado de calibraci\u00f3n sin coste adicional.<\/p>\n<p>&#8211; Patente US20170322009, UA100613, UA121314 de MICROTECH<\/p>\n<p>&#8211; Versi\u00f3n de baja fuerza (0,8N) para materiales blandos<\/p>\n<p>&#8211; Modificaci\u00f3n con transferencia de datos inal\u00e1mbrica de baja energ\u00eda incorporada a dispositivos Windows, Android, iOS con distancia de hasta 10 m<\/p>\n<p>&#8211; Software SPC para dispositivos Windows, Android, iOS GRATIS<\/p>\n<p>&#8211; Modificaci\u00f3n con tecnolog\u00eda patentada de autolubricaci\u00f3n (Pat. UA121314 de MICROTECH)<\/p>\n<p>&#8211; Modificaci\u00f3n con electr\u00f3nica suiza de alto nivel con pantalla grande. Clase de protecci\u00f3n IP-67 NUEVO<\/p>\n<p>&#8211; Control metrol\u00f3gico 100% en laboratorio acreditado por ISO17025 (Ilac MRA)<\/p>\n","protected":false},"excerpt":{"rendered":"<p>MICROTECH fabrica cer\u00e1mico calibre de baja fuerza con control de fuerza de medici\u00f3n. (Pat. US10429165)<\/p>\n<p>Estos calibres est\u00e1n equipados con un m\u00f3dulo patentado de control de fuerza para medir todo el tiempo con una misma fuerza baja (0,8N). Permite medir materiales blandos (cart\u00f3n, caucho, pl\u00e1stico, etc.) sin deformaci\u00f3n.<\/p>\n","protected":false},"featured_media":21267,"template":"","meta":{"_acf_changed":false},"product_brand":[6886],"product_cat":[3332,3335],"product_tag":[],"class_list":{"0":"post-21247","1":"product","2":"type-product","3":"status-publish","4":"has-post-thumbnail","6":"product_brand-microtech","7":"product_cat-calibradores","8":"product_cat-calibradores-digitales","9":"pa_battery-cr2032","10":"pa_dataoutput-wireless","11":"pa_dataoutput-withoutconnection","12":"pa_indication-digital","13":"pa_jawstype-ceramic-jaws","14":"pa_measrange-150mm6inch","15":"pa_measrange-200mm8inch","16":"pa_measrange-300mm12inch","17":"pa_rangeupto_mm-3442","18":"pa_resolution_mm-0_01","19":"pa_waterproof-ip67-es","21":"first","22":"instock","23":"shipping-taxable","24":"purchasable","25":"product-type-variable","26":"has-default-attributes"},"acf":[],"_links":{"self":[{"href":"https:\/\/microtech.tools\/es\/wp-json\/wp\/v2\/product\/21247","targetHints":{"allow":["GET"]}}],"collection":[{"href":"https:\/\/microtech.tools\/es\/wp-json\/wp\/v2\/product"}],"about":[{"href":"https:\/\/microtech.tools\/es\/wp-json\/wp\/v2\/types\/product"}],"wp:featuredmedia":[{"embeddable":true,"href":"https:\/\/microtech.tools\/es\/wp-json\/wp\/v2\/media\/21267"}],"wp:attachment":[{"href":"https:\/\/microtech.tools\/es\/wp-json\/wp\/v2\/media?parent=21247"}],"wp:term":[{"taxonomy":"product_brand","embeddable":true,"href":"https:\/\/microtech.tools\/es\/wp-json\/wp\/v2\/product_brand?post=21247"},{"taxonomy":"product_cat","embeddable":true,"href":"https:\/\/microtech.tools\/es\/wp-json\/wp\/v2\/product_cat?post=21247"},{"taxonomy":"product_tag","embeddable":true,"href":"https:\/\/microtech.tools\/es\/wp-json\/wp\/v2\/product_tag?post=21247"}],"curies":[{"name":"wp","href":"https:\/\/api.w.org\/{rel}","templated":true}]}}