{"id":25660,"date":"2025-09-19T11:39:19","date_gmt":"2025-09-19T08:39:19","guid":{"rendered":"https:\/\/microtech.tools\/?post_type=product&#038;p=25660"},"modified":"2026-03-20T10:32:06","modified_gmt":"2026-03-20T07:32:06","slug":"husillo-giratorio-micrometrico-submicrometrico-de-mesa-de-laboratorio-copy","status":"publish","type":"product","link":"https:\/\/microtech.tools\/es\/product\/husillo-giratorio-micrometrico-submicrometrico-de-mesa-de-laboratorio-copy\/","title":{"rendered":"Modbus DataMet Husillo giratorio microm\u00e9trico submicrom\u00e9trico de mesa de laboratorio"},"content":{"rendered":"<p><iframe title=\"YouTube video player\" src=\"https:\/\/www.youtube.com\/embed\/IEpkzFrN0k0?si=K9Tr0UcRgLK3NMo7\" width=\"560\" height=\"315\" frameborder=\"0\" allowfullscreen=\"allowfullscreen\"><\/iframe><\/p>\n<div>\n<p>Micr\u00f3metro submicrom\u00e9trico de laboratorio para tabletas MICROTECH adaptado a la Industria 4.0<br \/>\nLos micr\u00f3metros de tableta utilizan un sistema de medici\u00f3n computarizado desarrollado y patentado por MICROTECH (Patentes UA126928, UA99686) con una resoluci\u00f3n de 0,1 micras y una precisi\u00f3n de hasta 1 micra.<br \/>\nMicr\u00f3metro de laboratorio MICROTECH basado en una s\u00f3lida construcci\u00f3n de banco con cabezal microm\u00e9trico de mesa submicrom\u00e9trico.<br \/>\nMicr\u00f3metro de laboratorio con rango de medici\u00f3n de 25 y 50 mm o hasta 650 mm de modificaci\u00f3n con yunque m\u00f3vil (sistema patentado de rodillos deslizantes).<\/p>\n<p>El m\u00f3dulo de medici\u00f3n TABLET del micr\u00f3metro de laboratorio dispone de las siguientes funciones :<\/p>\n<p>Modo GR\u00c1FICO ON-LINE<br \/>\nEscala ANAL\u00d3GICA en color ajustable<br \/>\nConexi\u00f3n HUB (dispositivo externo MICROTECH Conexi\u00f3n inal\u00e1mbrica)<br \/>\nPosibilidades de conexi\u00f3n 2D (conexi\u00f3n e indicaci\u00f3n inal\u00e1mbrica de dispositivo externo)<br \/>\nConexi\u00f3n PROBE (indicador externo o indicador de palanca Conexi\u00f3n inal\u00e1mbrica) con modo AUTO<br \/>\nMEMORIA interna para 2000 valores con sistema de carpetas y estad\u00edstica,<br \/>\nfunci\u00f3n L\u00cdMITES (Go\/NoGo) con indicaci\u00f3n en color,<br \/>\nPICO (Max\/min),<br \/>\nTEMPORIZADOR<br \/>\nF\u00d3RMULA Ax2+Bx+C<br \/>\nManual COMPENSACI\u00d3N TEMPERATURA<br \/>\nCompensaci\u00f3n LINEAL<br \/>\nSELECCI\u00d3N DE RESOLUCI\u00d3N 0,1\/0,01\/0,001\/0,0001 mm tambi\u00e9n en pulgadas<br \/>\nCALIBRACI\u00d3N control de fecha<br \/>\nBater\u00eda recargable Li-Pol con toma micro-USB<br \/>\nActualizaci\u00f3n FIRMWARE con cable USB<br \/>\nTransferencia inal\u00e1mbrica de datos de largo alcance a la aplicaci\u00f3n MICROTECH MDS para Windows, Android, iOS (versiones GRATUITAS). Descargue la aplicaci\u00f3n MICROTECH MDS desde Enlace a la aplicaci\u00f3n MDS<br \/>\nTransferencia de datos HID INAL\u00c1MBRICO a cualquier sistema y aplicaci\u00f3n (modo teclado) con posibilidades de configuraci\u00f3n de datos<br \/>\nSalida de datos MODBUS PLC opcional (4 hilos, RS-485) con posibilidades de configuraci\u00f3n de datos<br \/>\nTransferencia de datos HID USB a cualquier sistema y aplicaci\u00f3n (modo teclado) con posibilidades de configuraci\u00f3n de datos<\/p>\n<p>Todos los micr\u00f3metros MICROTECH tienen superficies de medici\u00f3n acabadas a mano (Ra&lt;0,32) y pasan control metrol\u00f3gico en laboratorio acreditado ISO 17025 ILAC.<\/p>\n<p>ES POSIBLE A\u00d1ADIR FUNCIONES Y F\u00d3RMULAS EXTRA A LOS MICR\u00d3METROS INDUSTRY 4.0 A PETICI\u00d3N DEL CLIENTE<\/p>\n<\/div>\n","protected":false},"excerpt":{"rendered":"<p>Micr\u00f3metro Modbus submicrom\u00e9trico de laboratorio para tabletas MICROTECH adaptado a la Industria 4.0<\/p>\n","protected":false},"featured_media":25664,"template":"","meta":{"_acf_changed":false},"product_brand":[6886],"product_cat":[3354],"product_tag":[],"class_list":{"0":"post-25660","1":"product","2":"type-product","3":"status-publish","4":"has-post-thumbnail","6":"product_brand-microtech","7":"product_cat-micrometro-de-precision","8":"pa_battery-li_pol","9":"pa_calibration-iso17025","10":"pa_dataoutput-usbhid","11":"pa_dataoutput-wireless","12":"pa_dataoutput-wirelesshid","13":"pa_indication-computerized2_4","14":"pa_measrange-0_25mm0_1inch","15":"pa_measrange-0-50-mm","16":"pa_resolution_mm-3399","17":"pa_waterproof-ip65-es","19":"first","20":"instock","21":"shipping-taxable","22":"purchasable","23":"product-type-variable"},"acf":[],"_links":{"self":[{"href":"https:\/\/microtech.tools\/es\/wp-json\/wp\/v2\/product\/25660","targetHints":{"allow":["GET"]}}],"collection":[{"href":"https:\/\/microtech.tools\/es\/wp-json\/wp\/v2\/product"}],"about":[{"href":"https:\/\/microtech.tools\/es\/wp-json\/wp\/v2\/types\/product"}],"wp:featuredmedia":[{"embeddable":true,"href":"https:\/\/microtech.tools\/es\/wp-json\/wp\/v2\/media\/25664"}],"wp:attachment":[{"href":"https:\/\/microtech.tools\/es\/wp-json\/wp\/v2\/media?parent=25660"}],"wp:term":[{"taxonomy":"product_brand","embeddable":true,"href":"https:\/\/microtech.tools\/es\/wp-json\/wp\/v2\/product_brand?post=25660"},{"taxonomy":"product_cat","embeddable":true,"href":"https:\/\/microtech.tools\/es\/wp-json\/wp\/v2\/product_cat?post=25660"},{"taxonomy":"product_tag","embeddable":true,"href":"https:\/\/microtech.tools\/es\/wp-json\/wp\/v2\/product_tag?post=25660"}],"curies":[{"name":"wp","href":"https:\/\/api.w.org\/{rel}","templated":true}]}}