{"id":39315,"date":"2024-07-25T08:19:05","date_gmt":"2024-07-25T05:19:05","guid":{"rendered":"https:\/\/microtech.tools\/?post_type=product&#038;p=39315"},"modified":"2026-04-03T08:33:16","modified_gmt":"2026-04-03T05:33:16","slug":"swiss-mikron-suwmiarka-bi-force-ip67","status":"publish","type":"product","link":"https:\/\/microtech.tools\/pl\/produkt\/swiss-mikron-suwmiarka-bi-force-ip67\/","title":{"rendered":"SwissMet Mikron Suwmiarka Bi-Force IP67"},"content":{"rendered":"<p><iframe title=\"WIRELESS Micron SwissMet Bi-Force caliper IP67\" width=\"1140\" height=\"641\" src=\"https:\/\/www.youtube.com\/embed\/tYOxchgIvT8?feature=oembed\" frameborder=\"0\" allow=\"accelerometer; autoplay; clipboard-write; encrypted-media; gyroscope; picture-in-picture; web-share\" referrerpolicy=\"strict-origin-when-cross-origin\" allowfullscreen><\/iframe><\/p>\n<p data-path-to-node=\"1\">Firma MICROTECH produkuje precyzyjne cyfrowy suwmiarki z kontrol\u0105 si\u0142y Bi-Force (Pat. US10429165) o stopniu ochrony IP67.<\/p>\n<p data-path-to-node=\"2\"><span class=\"citation-83 citation-end-83\">Ta precyzyjna suwmiarka jest wyposa\u017cona w najwy\u017cszej jako\u015bci szwajcarsk\u0105 elektronik\u0119 IP67 i oferuje wy\u017csz\u0105 dok\u0142adno\u015b\u0107 ni\u017c standardowe suwmiarki dost\u0119pne na rynku.<\/span> <span class=\"citation-82 citation-end-82\">MICROTECH wyposa\u017cy\u0142 suwmiarki w opatentowany modu\u0142 kontroli si\u0142y, co pozwala na wykonywanie pomiar\u00f3w zawsze z t\u0105 sam\u0105 si\u0142\u0105 (8N).<\/span> <span class=\"citation-81 citation-end-81\">Ta opatentowana technologia poprawia dok\u0142adno\u015b\u0107 suwmiarki a\u017c do 1 mikrona, co stanowi znaczn\u0105 przewag\u0119 nad standardowymi przyrz\u0105dami.<\/span><\/p>\n<p data-path-to-node=\"3\"><span class=\"citation-80 citation-end-80\">Nowy modu\u0142 DOUBLE FORCE umo\u017cliwia kontrol\u0119 si\u0142y nacisku zar\u00f3wno na szcz\u0119kach wewn\u0119trznych, jak i zewn\u0119trznych.<\/span><\/p>\n<p data-path-to-node=\"4\"><span class=\"citation-79 citation-end-79\">Suwmiarki te s\u0105 dost\u0119pne w zakresach 150, 200, 300 mm (6, 8, 12 cali) i posiadaj\u0105 szwajcarski elektroniczny system pomiarowy z wodoodporno\u015bci\u0105 klasy IP67.<\/span><\/p>\n<p data-path-to-node=\"5\"><span class=\"citation-78 citation-end-78\">Wszystkie suwmiarki MICROTECH posiadaj\u0105 r\u0119cznie wyka\u0144czane szcz\u0119ki pomiarowe i przechodz\u0105 kontrol\u0119 metrologiczn\u0105 w akredytowanym laboratorium ISO 17025 (ILAC).<\/span> W zestawie znajduje si\u0119 bezp\u0142atny certyfikat kalibracji (\u015bwiadectwo wzorcowania).<\/p>\n","protected":false},"excerpt":{"rendered":"<p data-path-to-node=\"1\">Firma MICROTECH produkuje precyzyjne cyfrowy suwmiarki z kontrol\u0105 si\u0142y Bi-Force (Pat. US10429165) o stopniu ochrony IP67.<\/p>\n<p data-path-to-node=\"2\"><span class=\"citation-83 citation-end-83\">Ta precyzyjna suwmiarka jest wyposa\u017cona w najwy\u017cszej jako\u015bci szwajcarsk\u0105 elektronik\u0119 IP67 i oferuje wy\u017csz\u0105 dok\u0142adno\u015b\u0107 ni\u017c standardowe suwmiarki dost\u0119pne na rynku.<\/span> <span class=\"citation-82 citation-end-82\">MICROTECH wyposa\u017cy\u0142 suwmiarki w opatentowany modu\u0142 kontroli si\u0142y, co pozwala na wykonywanie pomiar\u00f3w zawsze z t\u0105 sam\u0105 si\u0142\u0105 (8N).<\/span> <span class=\"citation-81 citation-end-81\">Ta opatentowana technologia poprawia dok\u0142adno\u015b\u0107 suwmiarki a\u017c do 1 mikrona, co stanowi znaczn\u0105 przewag\u0119 nad standardowymi przyrz\u0105dami.<\/span><\/p>\n","protected":false},"featured_media":39324,"template":"","meta":{"_acf_changed":false},"product_brand":[6886],"product_cat":[6872,5019],"product_tag":[],"class_list":{"0":"post-39315","1":"product","2":"type-product","3":"status-publish","4":"has-post-thumbnail","6":"product_brand-microtech","7":"product_cat-suwmiarki","8":"product_cat-suwmiarki-cyfrowe","9":"pa_battery-cr2032","10":"pa_calibration-iso17025","11":"pa_dataoutput-wireless","12":"pa_indication-digital","13":"pa_jawstype-ceramic-jaws","14":"pa_jawstype-standardjaws","15":"pa_measrange-150mm6inch","16":"pa_measrange-200mm8inch","17":"pa_measrange-300mm12inch","18":"pa_resolution_mm-0_001","20":"first","21":"instock","22":"shipping-taxable","23":"purchasable","24":"product-type-variable","25":"has-default-attributes"},"acf":[],"_links":{"self":[{"href":"https:\/\/microtech.tools\/pl\/wp-json\/wp\/v2\/product\/39315","targetHints":{"allow":["GET"]}}],"collection":[{"href":"https:\/\/microtech.tools\/pl\/wp-json\/wp\/v2\/product"}],"about":[{"href":"https:\/\/microtech.tools\/pl\/wp-json\/wp\/v2\/types\/product"}],"wp:featuredmedia":[{"embeddable":true,"href":"https:\/\/microtech.tools\/pl\/wp-json\/wp\/v2\/media\/39324"}],"wp:attachment":[{"href":"https:\/\/microtech.tools\/pl\/wp-json\/wp\/v2\/media?parent=39315"}],"wp:term":[{"taxonomy":"product_brand","embeddable":true,"href":"https:\/\/microtech.tools\/pl\/wp-json\/wp\/v2\/product_brand?post=39315"},{"taxonomy":"product_cat","embeddable":true,"href":"https:\/\/microtech.tools\/pl\/wp-json\/wp\/v2\/product_cat?post=39315"},{"taxonomy":"product_tag","embeddable":true,"href":"https:\/\/microtech.tools\/pl\/wp-json\/wp\/v2\/product_tag?post=39315"}],"curies":[{"name":"wp","href":"https:\/\/api.w.org\/{rel}","templated":true}]}}