{"id":39351,"date":"2024-07-25T07:58:01","date_gmt":"2024-07-25T04:58:01","guid":{"rendered":"https:\/\/microtech.tools\/?post_type=product&#038;p=39351"},"modified":"2026-04-03T08:44:06","modified_gmt":"2026-04-03T05:44:06","slug":"bezprzewodowa-mikronowa-suwmiarka-force","status":"publish","type":"product","link":"https:\/\/microtech.tools\/pl\/produkt\/bezprzewodowa-mikronowa-suwmiarka-force\/","title":{"rendered":"Bezprzewodowa mikronowa suwmiarka SwissMet Bi-Force IP67"},"content":{"rendered":"<p><iframe title=\"WIRELESS Micron SwissMet Bi-Force caliper IP67\" width=\"1140\" height=\"641\" src=\"https:\/\/www.youtube.com\/embed\/tYOxchgIvT8?feature=oembed\" frameborder=\"0\" allow=\"accelerometer; autoplay; clipboard-write; encrypted-media; gyroscope; picture-in-picture; web-share\" referrerpolicy=\"strict-origin-when-cross-origin\" allowfullscreen><\/iframe><\/p>\n<p data-path-to-node=\"1\"><span class=\"citation-111 citation-end-111\">MICROTECH produkuje bezprzewodowe mikronowi suwmiarki precyzyjne z kontrol\u0105 si\u0142y nacisku Bi-Force (Pat.<\/span> US10429165) o stopniu ochrony IP67. <span class=\"citation-110 citation-end-110\">Ta precyzyjna bezprzewodowa suwmiarka posiada najwy\u017cszej jako\u015bci szwajcarsk\u0105 elektronik\u0119 IP67 i charakteryzuje si\u0119 wy\u017csz\u0105 dok\u0142adno\u015bci\u0105 ni\u017c suwmiarki rynkowe.<\/span> <span class=\"citation-109 citation-end-109\">MICROTECH wyposa\u017cy\u0142 suwmiarki w opatentowany modu\u0142 kontroli si\u0142y (Force control), aby pomiar za ka\u017cdym razem odbywa\u0142 si\u0119 z t\u0105 sam\u0105 si\u0142\u0105 (8N).<\/span> <span class=\"citation-108 citation-end-108\">Ta opatentowana technologia pozwala zwi\u0119kszy\u0107 dok\u0142adno\u015b\u0107 suwmiarki do 1 mikrona, co jest wynikiem znacznie lepszym ni\u017c w przypadku standardowych suwmiarek.<\/span> <span class=\"citation-107 citation-end-107\">Nowy modu\u0142 DOUBLE FORCE daje mo\u017cliwo\u015b\u0107 kontroli si\u0142y na szcz\u0119kach wewn\u0119trznych i zewn\u0119trznych.<\/span> <span class=\"citation-106 citation-end-106\">Suwmiarki te posiadaj\u0105 zakresy 150, 200, 300 mm (6, 8, 12 cali) i s\u0105 wyposa\u017cone w szwajcarski elektroniczny system pomiarowy z wodoodporno\u015bci\u0105 IP67.<\/span><\/p>\n<p data-path-to-node=\"2\">\u2022 konwersja mm\/cale<\/p>\n<p data-path-to-node=\"2\"><span class=\"citation-105 citation-end-105\">\u2022 funkcje Preset<\/span><\/p>\n<p data-path-to-node=\"2\">\u2022 automatyczne w\u0142\u0105czanie\/wy\u0142\u0105czanie<\/p>\n<p data-path-to-node=\"2\">\u2022 zerowanie<\/p>\n<p data-path-to-node=\"2\">\u2022 menu<\/p>\n<p data-path-to-node=\"2\"><span class=\"citation-104 citation-end-104\">\u2022 bateria 3V CR2032<\/span><\/p>\n<p data-path-to-node=\"3\">BEZPRZEWODOWA suwmiarka MICROTECH posiada 3 tryby transmisji danych:<\/p>\n<p data-path-to-node=\"3\"><span class=\"citation-103 citation-end-103\">\u2022 BEZPRZEWODOWA transmisja danych do aplikacji MDS (dost\u0119pne wersje aplikacji na systemy Windows, Android, iOS, MacOS)<\/span><\/p>\n<p data-path-to-node=\"3\"><span class=\"citation-102 citation-end-102\">\u2022 BEZPRZEWODOWY tryb HID bezpo\u015brednio do dowolnego urz\u0105dzenia i aplikacji (dzia\u0142a jak klawiatura)<\/span><\/p>\n<p data-path-to-node=\"3\">\u2022 BEZPRZEWODOWY tryb HID+MAC bezpo\u015brednio do dowolnego urz\u0105dzenia i aplikacji (dzia\u0142a jak klawiatura) z adresem MAC<\/p>\n<p data-path-to-node=\"4\"><span class=\"citation-101 citation-end-101\">Wszystkie suwmiarki MICROTECH posiadaj\u0105 r\u0119cznie wyka\u0144czane szcz\u0119ki pomiarowe i przechodz\u0105 kontrol\u0119 metrologiczn\u0105 w akredytowanym laboratorium ISO 17025 ILAC, otrzymuj\u0105c certyfikat wzorcowania bez dodatkowych koszt\u00f3w.<\/span><\/p>\n","protected":false},"excerpt":{"rendered":"<p><span class=\"citation-111 citation-end-111\">MICROTECH produkuje bezprzewodowe mikronowi suwmiarki precyzyjne z kontrol\u0105 si\u0142y nacisku Bi-Force (Pat.<\/span> US10429165) o stopniu ochrony IP67. <span class=\"citation-110 citation-end-110\">Ta precyzyjna bezprzewodowa suwmiarka posiada najwy\u017cszej jako\u015bci szwajcarsk\u0105 elektronik\u0119 IP67 i charakteryzuje si\u0119 wy\u017csz\u0105 dok\u0142adno\u015bci\u0105 ni\u017c suwmiarki rynkowe.<\/span> <span class=\"citation-109 citation-end-109\">MICROTECH wyposa\u017cy\u0142 suwmiarki w opatentowany modu\u0142 kontroli si\u0142y (Force control), aby pomiar za ka\u017cdym razem odbywa\u0142 si\u0119 z t\u0105 sam\u0105 si\u0142\u0105 (8N).<\/span><\/p>\n","protected":false},"featured_media":39361,"template":"","meta":{"_acf_changed":false},"product_brand":[6886],"product_cat":[6872,5019],"product_tag":[],"class_list":{"0":"post-39351","1":"product","2":"type-product","3":"status-publish","4":"has-post-thumbnail","6":"product_brand-microtech","7":"product_cat-suwmiarki","8":"product_cat-suwmiarki-cyfrowe","9":"pa_battery-cr2032","10":"pa_calibration-iso17025","11":"pa_dataoutput-wireless","12":"pa_dataoutput-wirelesshid","13":"pa_indication-digital","14":"pa_jawstype-ceramic-jaws","15":"pa_jawstype-standardjaws","16":"pa_measrange-150mm6inch","17":"pa_measrange-200mm8inch","18":"pa_measrange-300mm12inch","19":"pa_resolution_mm-0_001","21":"first","22":"instock","23":"shipping-taxable","24":"purchasable","25":"product-type-variable","26":"has-default-attributes"},"acf":[],"_links":{"self":[{"href":"https:\/\/microtech.tools\/pl\/wp-json\/wp\/v2\/product\/39351","targetHints":{"allow":["GET"]}}],"collection":[{"href":"https:\/\/microtech.tools\/pl\/wp-json\/wp\/v2\/product"}],"about":[{"href":"https:\/\/microtech.tools\/pl\/wp-json\/wp\/v2\/types\/product"}],"wp:featuredmedia":[{"embeddable":true,"href":"https:\/\/microtech.tools\/pl\/wp-json\/wp\/v2\/media\/39361"}],"wp:attachment":[{"href":"https:\/\/microtech.tools\/pl\/wp-json\/wp\/v2\/media?parent=39351"}],"wp:term":[{"taxonomy":"product_brand","embeddable":true,"href":"https:\/\/microtech.tools\/pl\/wp-json\/wp\/v2\/product_brand?post=39351"},{"taxonomy":"product_cat","embeddable":true,"href":"https:\/\/microtech.tools\/pl\/wp-json\/wp\/v2\/product_cat?post=39351"},{"taxonomy":"product_tag","embeddable":true,"href":"https:\/\/microtech.tools\/pl\/wp-json\/wp\/v2\/product_tag?post=39351"}],"curies":[{"name":"wp","href":"https:\/\/api.w.org\/{rel}","templated":true}]}}