{"id":39559,"date":"2023-03-13T10:42:04","date_gmt":"2023-03-13T07:42:04","guid":{"rendered":"https:\/\/microtech.tools\/?post_type=product&#038;p=39559"},"modified":"2026-04-03T09:44:01","modified_gmt":"2026-04-03T06:44:01","slug":"suwmiarka-precyzyjna-ip67","status":"publish","type":"product","link":"https:\/\/microtech.tools\/pl\/produkt\/suwmiarka-precyzyjna-ip67\/","title":{"rendered":"CertiMet Suwmiarka precyzyjna IP67"},"content":{"rendered":"<p><iframe title=\"Precision caliper IP-67 MICROTECH (5 micron resolution (0.002&quot;)\" width=\"1140\" height=\"641\" src=\"https:\/\/www.youtube.com\/embed\/A1_aQBvZGQo?feature=oembed\" frameborder=\"0\" allow=\"accelerometer; autoplay; clipboard-write; encrypted-media; gyroscope; picture-in-picture; web-share\" referrerpolicy=\"strict-origin-when-cross-origin\" allowfullscreen><\/iframe><\/p>\n<p>MICROTECH produkuje suwmiarki cyfrowi CertiMet z klas\u0105 wodoszczelno\u015bci IP67. Te suwmiarki posiadaj\u0105 uk\u0142ad elektroniczny o zakresach 150, 200, 300 mm (6, 8, 12 cali) ze stopniem ochrony IP67, funkcj\u0105 mm\/cale, trybem absolutnym oraz funkcj\u0105 hold. Dok\u0142adno\u015b\u0107 suwmiarki jest wy\u017csza ni\u017c wymagania normy DIN862.<\/p>\n<p>Wszystkie suwmiarki MICROTECH posiadaj\u0105 r\u0119cznie wyka\u0144czane powierzchnie pomiarowe (Ra&lt;0,32) i przechodz\u0105 kontrol\u0119 metrologiczn\u0105 w laboratorium akredytowanym ISO 17025 ilac z certyfikatem wzorcowania bez dodatkowych koszt\u00f3w.<\/p>\n","protected":false},"excerpt":{"rendered":"<p>MICROTECH produkuje suwmiarki cyfrowi CertiMet z klas\u0105 wodoszczelno\u015bci IP67. Te suwmiarki posiadaj\u0105 uk\u0142ad elektroniczny o zakresach 150, 200, 300 mm (6, 8, 12 cali) ze stopniem ochrony IP67, funkcj\u0105 mm\/cale, trybem absolutnym oraz funkcj\u0105 hold. Dok\u0142adno\u015b\u0107 suwmiarki jest wy\u017csza ni\u017c wymagania normy DIN862.<\/p>\n","protected":false},"featured_media":39568,"template":"","meta":{"_acf_changed":false},"product_brand":[6886],"product_cat":[6872,5019],"product_tag":[],"class_list":{"0":"post-39559","1":"product","2":"type-product","3":"status-publish","4":"has-post-thumbnail","6":"product_brand-microtech","7":"product_cat-suwmiarki","8":"product_cat-suwmiarki-cyfrowe","9":"pa_battery-cr2032","10":"pa_indication-digital","11":"pa_measrange-150mm6inch","12":"pa_measrange-200mm8inch","13":"pa_measrange-300mm12inch","14":"pa_rangeupto_mm-6080","15":"pa_reading-0_005mm0002inch","16":"pa_reading-0_01mm0005inch","17":"pa_resolution_mm-0_005","19":"first","20":"instock","21":"shipping-taxable","22":"purchasable","23":"product-type-variable","24":"has-default-attributes"},"acf":[],"_links":{"self":[{"href":"https:\/\/microtech.tools\/pl\/wp-json\/wp\/v2\/product\/39559","targetHints":{"allow":["GET"]}}],"collection":[{"href":"https:\/\/microtech.tools\/pl\/wp-json\/wp\/v2\/product"}],"about":[{"href":"https:\/\/microtech.tools\/pl\/wp-json\/wp\/v2\/types\/product"}],"wp:featuredmedia":[{"embeddable":true,"href":"https:\/\/microtech.tools\/pl\/wp-json\/wp\/v2\/media\/39568"}],"wp:attachment":[{"href":"https:\/\/microtech.tools\/pl\/wp-json\/wp\/v2\/media?parent=39559"}],"wp:term":[{"taxonomy":"product_brand","embeddable":true,"href":"https:\/\/microtech.tools\/pl\/wp-json\/wp\/v2\/product_brand?post=39559"},{"taxonomy":"product_cat","embeddable":true,"href":"https:\/\/microtech.tools\/pl\/wp-json\/wp\/v2\/product_cat?post=39559"},{"taxonomy":"product_tag","embeddable":true,"href":"https:\/\/microtech.tools\/pl\/wp-json\/wp\/v2\/product_tag?post=39559"}],"curies":[{"name":"wp","href":"https:\/\/api.w.org\/{rel}","templated":true}]}}