{"id":39715,"date":"2023-10-02T09:33:47","date_gmt":"2023-10-02T06:33:47","guid":{"rendered":"https:\/\/microtech.tools\/?post_type=product&#038;p=39715"},"modified":"2026-04-03T10:52:39","modified_gmt":"2026-04-03T07:52:39","slug":"bezprzewodowa-suwmiarka-bi-force-ip67","status":"publish","type":"product","link":"https:\/\/microtech.tools\/pl\/produkt\/bezprzewodowa-suwmiarka-bi-force-ip67\/","title":{"rendered":"SwissMet Bezprzewodowa suwmiarka Bi-Force IP67"},"content":{"rendered":"<p data-path-to-node=\"1\">MICROTECH produkuje bezprzewodowe suwmiarki precyzyjne z podw\u00f3jn\u0105 kontrol\u0105 si\u0142y docisku (Pat. US10429165) ze stopniem ochrony IP67.<\/p>\n<p data-path-to-node=\"2\">Ta precyzyjna suwmiarka bezprzewodowa posiada najwy\u017cszej jako\u015bci szwajcarsk\u0105 elektronik\u0119 IP67 oraz wy\u017csz\u0105 dok\u0142adno\u015b\u0107 ni\u017c suwmiarki rynkowe. Firma MICROTECH wyposa\u017cy\u0142a suwmiarki w opatentowany modu\u0142 kontroli si\u0142y, aby pomiar zawsze odbywa\u0142 si\u0119 z t\u0105 sam\u0105 si\u0142\u0105 (8N). Ta opatentowana technologia poprawia dok\u0142adno\u015b\u0107 suwmiarki do 10 mikron\u00f3w, co jest wynikiem znacznie lepszym ni\u017c w przypadku standardowych suwmiarek.<\/p>\n<p data-path-to-node=\"3\">Nowy modu\u0142 DOUBLE FORCE daje mo\u017cliwo\u015b\u0107 kontroli si\u0142y na szcz\u0119kach wewn\u0119trznych i zewn\u0119trznych.<\/p>\n<p data-path-to-node=\"4\">Suwmiarki te posiadaj\u0105 zakresy 150, 200, 300 mm (6, 8, 12 cali) i s\u0105 wyposa\u017cone w szwajcarski elektroniczny system pomiarowy z wodoodporno\u015bci\u0105 IP67.<\/p>\n<ul data-path-to-node=\"5\">\n<li>\n<p data-path-to-node=\"5,0,0\">konwersja mm\/cale<\/p>\n<\/li>\n<li>\n<p data-path-to-node=\"5,1,0\">funkcje Preset<\/p>\n<\/li>\n<li>\n<p data-path-to-node=\"5,2,0\">automatyczne w\u0142\u0105czanie\/wy\u0142\u0105czanie<\/p>\n<\/li>\n<li>\n<p data-path-to-node=\"5,3,0\">zerowanie<\/p>\n<\/li>\n<li>\n<p data-path-to-node=\"5,4,0\">menu<\/p>\n<\/li>\n<li>\n<p data-path-to-node=\"5,5,0\">bateria 3V CR2032<\/p>\n<\/li>\n<\/ul>\n<p data-path-to-node=\"6\">BEZPRZEWODOWA suwmiarka MICROTECH posiada 3 tryby transmisji danych:<\/p>\n<ul data-path-to-node=\"7\">\n<li>\n<p data-path-to-node=\"7,0,0\">BEZPRZEWODOWA transmisja danych do aplikacji MDS (dost\u0119pne wersje aplikacji dla system\u00f3w Windows, Android, iOS, MacOS)<\/p>\n<\/li>\n<li>\n<p data-path-to-node=\"7,1,0\">Tryb BEZPRZEWODOWY HID bezpo\u015brednio do dowolnego urz\u0105dzenia i aplikacji (jak klawiatura)<\/p>\n<\/li>\n<li>\n<p data-path-to-node=\"7,2,0\">Tryb BEZPRZEWODOWY HID+MAC bezpo\u015brednio do dowolnego urz\u0105dzenia i aplikacji (jak klawiatura) z adresem MAC<\/p>\n<\/li>\n<\/ul>\n<p data-path-to-node=\"8\">Wszystkie suwmiarki MICROTECH posiadaj\u0105 r\u0119cznie wyka\u0144czane szcz\u0119ki pomiarowe i przechodz\u0105 kontrol\u0119 metrologiczn\u0105 w laboratorium akredytowanym ISO 17025 ILAC z do\u0142\u0105czonym certyfikatem wzorcowania bez dodatkowych koszt\u00f3w.<\/p>\n","protected":false},"excerpt":{"rendered":"<p data-path-to-node=\"1\">MICROTECH produkuje bezprzewodowe suwmiarki precyzyjne z podw\u00f3jn\u0105 kontrol\u0105 si\u0142y docisku (Pat. US10429165) ze stopniem ochrony IP67.<\/p>\n<p data-path-to-node=\"2\">Ta precyzyjna suwmiarka bezprzewodowa posiada najwy\u017cszej jako\u015bci szwajcarsk\u0105 elektronik\u0119 IP67 oraz wy\u017csz\u0105 dok\u0142adno\u015b\u0107 ni\u017c suwmiarki rynkowe. Firma MICROTECH wyposa\u017cy\u0142a suwmiarki w opatentowany modu\u0142 kontroli si\u0142y, aby pomiar zawsze odbywa\u0142 si\u0119 z t\u0105 sam\u0105 si\u0142\u0105 (8N). Ta opatentowana technologia poprawia dok\u0142adno\u015b\u0107 suwmiarki do 10 mikron\u00f3w, co jest wynikiem znacznie lepszym ni\u017c w przypadku standardowych suwmiarek.<\/p>\n","protected":false},"featured_media":39720,"template":"","meta":{"_acf_changed":false},"product_brand":[6886],"product_cat":[6872,5019],"product_tag":[],"class_list":{"0":"post-39715","1":"product","2":"type-product","3":"status-publish","4":"has-post-thumbnail","6":"product_brand-microtech","7":"product_cat-suwmiarki","8":"product_cat-suwmiarki-cyfrowe","9":"pa_battery-cr2032","10":"pa_calibration-iso17025","11":"pa_dataoutput-wireless","12":"pa_dataoutput-wirelesshid","13":"pa_indication-digital","14":"pa_jawstype-carbidejaws","15":"pa_jawstype-standardjaws","16":"pa_measrange-150mm6inch","17":"pa_measrange-200mm8inch","18":"pa_measrange-300mm12inch","19":"pa_resolution_mm-0_01","21":"first","22":"instock","23":"shipping-taxable","24":"purchasable","25":"product-type-variable","26":"has-default-attributes"},"acf":[],"_links":{"self":[{"href":"https:\/\/microtech.tools\/pl\/wp-json\/wp\/v2\/product\/39715","targetHints":{"allow":["GET"]}}],"collection":[{"href":"https:\/\/microtech.tools\/pl\/wp-json\/wp\/v2\/product"}],"about":[{"href":"https:\/\/microtech.tools\/pl\/wp-json\/wp\/v2\/types\/product"}],"wp:featuredmedia":[{"embeddable":true,"href":"https:\/\/microtech.tools\/pl\/wp-json\/wp\/v2\/media\/39720"}],"wp:attachment":[{"href":"https:\/\/microtech.tools\/pl\/wp-json\/wp\/v2\/media?parent=39715"}],"wp:term":[{"taxonomy":"product_brand","embeddable":true,"href":"https:\/\/microtech.tools\/pl\/wp-json\/wp\/v2\/product_brand?post=39715"},{"taxonomy":"product_cat","embeddable":true,"href":"https:\/\/microtech.tools\/pl\/wp-json\/wp\/v2\/product_cat?post=39715"},{"taxonomy":"product_tag","embeddable":true,"href":"https:\/\/microtech.tools\/pl\/wp-json\/wp\/v2\/product_tag?post=39715"}],"curies":[{"name":"wp","href":"https:\/\/api.w.org\/{rel}","templated":true}]}}