{"id":39842,"date":"2025-11-07T09:04:34","date_gmt":"2025-11-07T06:04:34","guid":{"rendered":"https:\/\/microtech.tools\/?post_type=product&#038;p=39842"},"modified":"2026-04-03T11:28:05","modified_gmt":"2026-04-03T08:28:05","slug":"bezprzewodowa-suwmiarka-cyfrowa-ip67","status":"publish","type":"product","link":"https:\/\/microtech.tools\/pl\/produkt\/bezprzewodowa-suwmiarka-cyfrowa-ip67\/","title":{"rendered":"SwissMet Bezprzewodowa suwmiarka cyfrowa z zewn\u0119trznymi szcz\u0119kami no\u017cowymi IP67"},"content":{"rendered":"<p>MICROTECH produkuje bezprzewodowe suwmiarki cyfrowe z ko\u0144c\u00f3wkami pomiarowymi i szwajcarskim elektronicznym systemem pomiarowym o stopniu ochrony IP67 w optymalnej cenie. Te precyzyjne suwmiarki posiadaj\u0105 rozdzielczo\u015b\u0107 10 mikron\u00f3w (0,01 mm) i wy\u017csz\u0105 dok\u0142adno\u015b\u0107 ni\u017c inne suwmiarki dost\u0119pne na rynku. G\u0142\u00f3wn\u0105 zalet\u0105 suwmiarki MICROTECH z du\u017cym ekranem jest wy\u015bwietlacz LCD o wysoko\u015bci cyfr 12,5 mm.<\/p>\n<p>Suwmiarka ta posiada zakres 0-300\/500\/600 mm. Suwmiarki te posiadaj\u0105 szcz\u0119ki pomiarowe 40 i 60 mm \/ 30 i 100 mm oraz szwajcarski elektroniczny system pomiarowy z wodoodporno\u015bci\u0105 IP67. Stopie\u0144 ochrony IP67 i ekonomiczna cena. Bateria CR2032 3V.<\/p>\n<p>Wszystkie suwmiarki MICROTECH posiadaj\u0105 r\u0119cznie wyka\u0144czane powierzchnie pomiarowe (Ra &lt; 0,32) i przechodz\u0105 kontrol\u0119 metrologiczn\u0105 w akredytowanym laboratorium ISO 17025 ilac z do\u0142\u0105czonym bezp\u0142atnym \u015bwiadectwem wzorcowania.<\/p>\n","protected":false},"excerpt":{"rendered":"<p>MICROTECH produkuje bezprzewodowe suwmiarki cyfrowe z ko\u0144c\u00f3wkami pomiarowymi i szwajcarskim elektronicznym systemem pomiarowym o stopniu ochrony IP67 w optymalnej cenie. Te precyzyjne suwmiarki posiadaj\u0105 rozdzielczo\u015b\u0107 10 mikron\u00f3w (0,01 mm) i wy\u017csz\u0105 dok\u0142adno\u015b\u0107 ni\u017c inne suwmiarki dost\u0119pne na rynku. G\u0142\u00f3wn\u0105 zalet\u0105 suwmiarki MICROTECH z du\u017cym ekranem jest wy\u015bwietlacz LCD o wysoko\u015bci cyfr 12,5 mm.<\/p>\n","protected":false},"featured_media":39843,"template":"","meta":{"_acf_changed":false},"product_brand":[6886],"product_cat":[5013],"product_tag":[],"class_list":{"0":"post-39842","1":"product","2":"type-product","3":"status-publish","4":"has-post-thumbnail","6":"product_brand-microtech","7":"product_cat-suwmiarka-z-gornymi-szczekami","8":"pa_dataoutput-wireless","9":"pa_measrange-300mm12inch","10":"pa_measrange-500mm20inch","11":"pa_measrange-600mm24inch","12":"pa_resolution_mm-0_01","14":"first","15":"instock","16":"shipping-taxable","17":"purchasable","18":"product-type-variable","19":"has-default-attributes"},"acf":[],"_links":{"self":[{"href":"https:\/\/microtech.tools\/pl\/wp-json\/wp\/v2\/product\/39842","targetHints":{"allow":["GET"]}}],"collection":[{"href":"https:\/\/microtech.tools\/pl\/wp-json\/wp\/v2\/product"}],"about":[{"href":"https:\/\/microtech.tools\/pl\/wp-json\/wp\/v2\/types\/product"}],"wp:featuredmedia":[{"embeddable":true,"href":"https:\/\/microtech.tools\/pl\/wp-json\/wp\/v2\/media\/39843"}],"wp:attachment":[{"href":"https:\/\/microtech.tools\/pl\/wp-json\/wp\/v2\/media?parent=39842"}],"wp:term":[{"taxonomy":"product_brand","embeddable":true,"href":"https:\/\/microtech.tools\/pl\/wp-json\/wp\/v2\/product_brand?post=39842"},{"taxonomy":"product_cat","embeddable":true,"href":"https:\/\/microtech.tools\/pl\/wp-json\/wp\/v2\/product_cat?post=39842"},{"taxonomy":"product_tag","embeddable":true,"href":"https:\/\/microtech.tools\/pl\/wp-json\/wp\/v2\/product_tag?post=39842"}],"curies":[{"name":"wp","href":"https:\/\/api.w.org\/{rel}","templated":true}]}}