{"id":39881,"date":"2023-03-13T10:41:37","date_gmt":"2023-03-13T07:41:37","guid":{"rendered":"https:\/\/microtech.tools\/?post_type=product&#038;p=39881"},"modified":"2026-04-03T11:45:36","modified_gmt":"2026-04-03T08:45:36","slug":"komputerowa-suwmiarkaznozowymiszczekami","status":"publish","type":"product","link":"https:\/\/microtech.tools\/pl\/produkt\/komputerowa-suwmiarkaznozowymiszczekami\/","title":{"rendered":"Komputerowa suwmiarka z no\u017cowymi szcz\u0119kami zewn\u0119trznymi DataMet e-Force Industry 4.0"},"content":{"rendered":"<p data-path-to-node=\"1\">Komputerowa suwmiarka z no\u017cowymi szcz\u0119kami DataMet e-Force MICROTECH z inteligentnym systemem pomiarowym MICS i wielofunkcyjn\u0105 kontrol\u0105 si\u0142y nacisku 1-20N.<\/p>\n<p data-path-to-node=\"2\">MICROTECH zaktualizowa\u0142 suwmiarki o elektroniczny modu\u0142 kontroli si\u0142y nacisku multi-Force, kt\u00f3ry umo\u017cliwia pomiar z \u017c\u0105dan\u0105 si\u0142\u0105. Si\u0142\u0119 pomiaru mo\u017cna wybra\u0107 z menu w zakresie 1-20N. Automatyczny tryb si\u0142y umo\u017cliwia zapisanie w pami\u0119ci lub przes\u0142anie do aplikacji aktualnej warto\u015bci po osi\u0105gni\u0119ciu zadanej si\u0142y (1-20N). Opatentowana technologia e-Force poprawia dok\u0142adno\u015b\u0107 suwmiarki i automatyzuje proces pomiarowy.<\/p>\n<p data-path-to-node=\"3\">Suwmiarka z g\u00f3rnymi szcz\u0119kami posiada szcz\u0119ki o d\u0142ugo\u015bci 40 i 60 mm.<\/p>\n<p data-path-to-node=\"4\">Komputerowy system pomiarowy MICS suwmiarki posiada nast\u0119puj\u0105ce funkcje:<\/p>\n<ul data-path-to-node=\"5\">\n<li>\n<p data-path-to-node=\"5,0,0\">wewn\u0119trzna pami\u0119\u0107 z trybem statystycznym<\/p>\n<\/li>\n<li>\n<p data-path-to-node=\"5,1,0\">kolorowa indykacja Dobry\/Niedobry (limity)<\/p>\n<\/li>\n<li>\n<p data-path-to-node=\"5,2,0\">funkcja Peak (Min\/Max)<\/p>\n<\/li>\n<li>\n<p data-path-to-node=\"5,3,0\">Timer (zapis do pami\u0119ci lub transfer danych)<\/p>\n<\/li>\n<li>\n<p data-path-to-node=\"5,4,0\">Formu\u0142a &#8211; wska\u017anik obliczeniowy Ax2+Bx+C<\/p>\n<\/li>\n<li>\n<p data-path-to-node=\"5,5,0\">wyb\u00f3r rozdzielczo\u015bci (5 \/ 10 mikron\u00f3w)<\/p>\n<\/li>\n<li>\n<p data-path-to-node=\"5,6,0\">wyb\u00f3r mm\/cale<\/p>\n<\/li>\n<li>\n<p data-path-to-node=\"5,7,0\">kompensacja temperatury<\/p>\n<\/li>\n<li>\n<p data-path-to-node=\"5,8,0\">matematyczna kompensacja b\u0142\u0119d\u00f3w<\/p>\n<\/li>\n<li>\n<p data-path-to-node=\"5,9,0\">bezprzewodowy transfer danych do urz\u0105dze\u0144 Windows, iOS, Android<\/p>\n<\/li>\n<li>\n<p data-path-to-node=\"5,10,0\">transfer danych USB HID do urz\u0105dze\u0144 Windows, MacOS, Linux, Android (tryb klawiatury)<\/p>\n<\/li>\n<li>\n<p data-path-to-node=\"5,11,0\">wbudowany akumulator Li-Pol z \u0142adowark\u0105 magnetyczn\u0105<\/p>\n<\/li>\n<li>\n<p data-path-to-node=\"5,12,0\">kolorowy wy\u015bwietlacz wysokiej rozdzielczo\u015bci 1,54 cala z ekranem dotykowym<\/p>\n<\/li>\n<\/ul>\n<p data-path-to-node=\"6\">Komputerowa suwmiarka MICROTECH posiada 3 tryby transferu danych:<\/p>\n<ul data-path-to-node=\"7\">\n<li>\n<p data-path-to-node=\"7,0,0\">BEZPRZEWODOWY transfer danych do aplikacji MDS (dost\u0119pne wersje aplikacji dla Windows, Android, iOS, MacOS)<\/p>\n<\/li>\n<li>\n<p data-path-to-node=\"7,1,0\">BEZPRZEWODOWY tryb HID bezpo\u015brednio do dowolnego urz\u0105dzenia i aplikacji (jako klawiatura)<\/p>\n<\/li>\n<li>\n<p data-path-to-node=\"7,2,0\">BEZPRZEWODOWY tryb HID+MAC bezpo\u015brednio do dowolnego urz\u0105dzenia i aplikacji (jako klawiatura) z adresem MAC<\/p>\n<\/li>\n<\/ul>\n<p data-path-to-node=\"8\">Suwmiarki MICROTECH przechodz\u0105 kontrol\u0119 metrologiczn\u0105 w akredytowanym laboratorium metrologicznym ISO 17025:2019.<\/p>\n<p data-path-to-node=\"9\">Wszystkie suwmiarki dostarczane s\u0105 z protoko\u0142em wzorcowania, instrukcj\u0105 obs\u0142ugi, magnetycznym kablem do \u0142adowania i plastikowym etui.<\/p>\n","protected":false},"excerpt":{"rendered":"<p data-path-to-node=\"1\">Komputerowa suwmiarka z no\u017cowymi szcz\u0119kami DataMet e-Force MICROTECH z inteligentnym systemem pomiarowym MICS i wielofunkcyjn\u0105 kontrol\u0105 si\u0142y nacisku 1-20N.<\/p>\n<p data-path-to-node=\"2\">MICROTECH zaktualizowa\u0142 suwmiarki o elektroniczny modu\u0142 kontroli si\u0142y nacisku multi-Force, kt\u00f3ry umo\u017cliwia pomiar z \u017c\u0105dan\u0105 si\u0142\u0105. Si\u0142\u0119 pomiaru mo\u017cna wybra\u0107 z menu w zakresie 1-20N. Automatyczny tryb si\u0142y umo\u017cliwia zapisanie w pami\u0119ci lub przes\u0142anie do aplikacji aktualnej warto\u015bci po osi\u0105gni\u0119ciu zadanej si\u0142y (1-20N). Opatentowana technologia e-Force poprawia dok\u0142adno\u015b\u0107 suwmiarki i automatyzuje proces pomiarowy<\/p>\n","protected":false},"featured_media":39888,"template":"","meta":{"_acf_changed":false},"product_brand":[6886],"product_cat":[5013],"product_tag":[],"class_list":{"0":"post-39881","1":"product","2":"type-product","3":"status-publish","4":"has-post-thumbnail","6":"product_brand-microtech","7":"product_cat-suwmiarka-z-gornymi-szczekami","8":"pa_battery-li_pol","9":"pa_calibration-iso17025","10":"pa_dataoutput-usbhid","11":"pa_dataoutput-wireless","12":"pa_dataoutput-wirelesshid","13":"pa_indication-computerized1_54","14":"pa_measrange-300mm12inch","15":"pa_measrange-500mm20inch","16":"pa_rangeupto_mm-6080","17":"pa_reading-0_001mm00005inch","18":"pa_reading-0_005mm0002inch","19":"pa_reading-0_01mm0005inch","20":"pa_resolution_mm-0_001","22":"first","23":"instock","24":"shipping-taxable","25":"purchasable","26":"product-type-variable","27":"has-default-attributes"},"acf":[],"_links":{"self":[{"href":"https:\/\/microtech.tools\/pl\/wp-json\/wp\/v2\/product\/39881","targetHints":{"allow":["GET"]}}],"collection":[{"href":"https:\/\/microtech.tools\/pl\/wp-json\/wp\/v2\/product"}],"about":[{"href":"https:\/\/microtech.tools\/pl\/wp-json\/wp\/v2\/types\/product"}],"wp:featuredmedia":[{"embeddable":true,"href":"https:\/\/microtech.tools\/pl\/wp-json\/wp\/v2\/media\/39888"}],"wp:attachment":[{"href":"https:\/\/microtech.tools\/pl\/wp-json\/wp\/v2\/media?parent=39881"}],"wp:term":[{"taxonomy":"product_brand","embeddable":true,"href":"https:\/\/microtech.tools\/pl\/wp-json\/wp\/v2\/product_brand?post=39881"},{"taxonomy":"product_cat","embeddable":true,"href":"https:\/\/microtech.tools\/pl\/wp-json\/wp\/v2\/product_cat?post=39881"},{"taxonomy":"product_tag","embeddable":true,"href":"https:\/\/microtech.tools\/pl\/wp-json\/wp\/v2\/product_tag?post=39881"}],"curies":[{"name":"wp","href":"https:\/\/api.w.org\/{rel}","templated":true}]}}