{"id":40391,"date":"2025-07-24T13:32:10","date_gmt":"2025-07-24T10:32:10","guid":{"rendered":"https:\/\/microtech.tools\/?post_type=product&#038;p=40391"},"modified":"2026-04-09T09:45:01","modified_gmt":"2026-04-09T06:45:01","slug":"force-suwmiarka-z-dlugimi-szczekami","status":"publish","type":"product","link":"https:\/\/microtech.tools\/pl\/produkt\/force-suwmiarka-z-dlugimi-szczekami\/","title":{"rendered":"SwissMet Bezprzewodowa mikronowa Bi-Force suwmiarka z d\u0142ugimi szcz\u0119kami IP67"},"content":{"rendered":"<p data-path-to-node=\"1\">Bezprzewodowa mikronowa Bi-Force suwmiarka z d\u0142ugimi szcz\u0119kami MICROTECH si\u0119 stopniem ochrony IP67. Suwmiarki te s\u0105 wyposa\u017cone w d\u0142ugie szcz\u0119ki zaprojektowane zar\u00f3wno do pomiar\u00f3w wewn\u0119trznych (powy\u017cej 10 mm), jak i zewn\u0119trznych, co zapewnia wszechstronno\u015b\u0107 w r\u00f3\u017cnych zastosowaniach.<\/p>\n<p data-path-to-node=\"2\">Kluczowe cechy obejmuj\u0105:<\/p>\n<ul data-path-to-node=\"3\">\n<li>\n<p data-path-to-node=\"3,0,0\">D\u0142ugie szcz\u0119ki zdolne do precyzyjnych pomiar\u00f3w wewn\u0119trznych (&gt; 10 mm) i zewn\u0119trznych.<\/p>\n<\/li>\n<li>\n<p data-path-to-node=\"3,1,0\">Modu\u0142 kontroli si\u0142y Bi-Force zapewniaj\u0105cy si\u0142\u0119 pomiarow\u0105 8N dla pomiar\u00f3w zewn\u0119trznych i 4N dla wewn\u0119trznych, chroniony patentami US10429165 i UA146381.<\/p>\n<\/li>\n<li>\n<p data-path-to-node=\"3,2,0\">Wyj\u0105tkowa dok\u0142adno\u015b\u0107 do +\/-10 mikrometr\u00f3w na szcz\u0119kach zewn\u0119trznych, przy czym dok\u0142adno\u015b\u0107 pomiar\u00f3w wewn\u0119trznych jest zgodna z normami ISO13385.<\/p>\n<\/li>\n<li>\n<p data-path-to-node=\"3,3,0\">Wysokiej klasy szwajcarska elektronika MICRON z funkcj\u0105 PRESET i stopniem ochrony IP67 zgodnie z norm\u0105 IEC60529.<\/p>\n<\/li>\n<li>\n<p data-path-to-node=\"3,4,0\">Maksymalna pr\u0119dko\u015b\u0107 przesuwu suwaka do 2,5 m\/s w celu wspierania wydajnych proces\u00f3w pomiarowych.<\/p>\n<\/li>\n<li>\n<p data-path-to-node=\"3,5,0\">Du\u017cy, czytelny wy\u015bwietlacz z cyframi o wysoko\u015bci 12 mm i cz\u0119stotliwo\u015bci\u0105 od\u015bwie\u017cania przekraczaj\u0105c\u0105 10 razy na sekund\u0119.<\/p>\n<\/li>\n<li>\n<p data-path-to-node=\"3,6,0\">Trzy tryby transferu danych:<\/p>\n<\/li>\n<li>\n<p data-path-to-node=\"3,7,0\">Po\u0142\u0105czenie bezprzewodowe z aplikacj\u0105 MICROTECH MDS (kompatybiln\u0105 z systemami Windows, Android, iOS i MacOS).<\/p>\n<\/li>\n<li>\n<p data-path-to-node=\"3,8,0\">Bezprzewodowy tryb HID.<\/p>\n<\/li>\n<li>\n<p data-path-to-node=\"3,9,0\">Bezprzewodowy tryb HID + MAC dla zwi\u0119kszonej kompatybilno\u015bci urz\u0105dze\u0144.<\/p>\n<\/li>\n<li>\n<p data-path-to-node=\"3,10,0\">Trwa\u0142a konstrukcja ze stali nierdzewnej z r\u0119cznie wyka\u0144czanymi powierzchniami pomiarowymi, osi\u0105gaj\u0105cymi chropowato\u015b\u0107 powierzchni Ra &lt; 0,32 mikrometra.<\/p>\n<\/li>\n<li>\n<p data-path-to-node=\"3,11,0\">Zasilanie bateri\u0105 3V CR2032 zapewniaj\u0105c\u0105 d\u0142ug\u0105 \u017cywotno\u015b\u0107 operacyjn\u0105.<\/p>\n<\/li>\n<li>\n<p data-path-to-node=\"3,12,0\">Dostarczana ze \u015bwiadectwem wzorcowania akredytowanym zgodnie z ISO17025 (Ilac MRA).<\/p>\n<\/li>\n<\/ul>\n<p data-path-to-node=\"4\">Ta bezprzewodowa suwmiarka integruje zaawansowan\u0105 technologi\u0119 pomiarow\u0105 z solidn\u0105 konstrukcj\u0105, zapewniaj\u0105c precyzj\u0119, niezawodno\u015b\u0107 i p\u0142ynn\u0105 integracj\u0119 danych cyfrowych wymagan\u0105 w wymagaj\u0105cych \u015brodowiskach przemys\u0142owych.<\/p>\n","protected":false},"excerpt":{"rendered":"<p>Bezprzewodowa mikronowa Bi-Force suwmiarka z d\u0142ugimi szcz\u0119kami MICROTECH si\u0119 stopniem ochrony IP67. Suwmiarki te s\u0105 wyposa\u017cone w d\u0142ugie szcz\u0119ki zaprojektowane zar\u00f3wno do pomiar\u00f3w wewn\u0119trznych (powy\u017cej 10 mm), jak i zewn\u0119trznych, co zapewnia wszechstronno\u015b\u0107 w r\u00f3\u017cnych zastosowaniach.<\/p>\n","protected":false},"featured_media":40374,"template":"","meta":{"_acf_changed":false},"product_brand":[6886],"product_cat":[5027],"product_tag":[],"class_list":{"0":"post-40391","1":"product","2":"type-product","3":"status-publish","4":"has-post-thumbnail","6":"product_brand-microtech","7":"product_cat-dlugie-suwmiarki","8":"pa_battery-cr2032","9":"pa_calibration-iso17025","10":"pa_forcecontrol-double-force","11":"pa_indication-digital","12":"pa_jawlength-100mm4inch","13":"pa_measrange-300mm12inch","14":"pa_measrange-400mm16inch","15":"pa_measrange-500mm20inch","16":"pa_measrange-600mm24inch","17":"pa_resolution_mm-0_001","19":"first","20":"instock","21":"shipping-taxable","22":"purchasable","23":"product-type-variable"},"acf":[],"_links":{"self":[{"href":"https:\/\/microtech.tools\/pl\/wp-json\/wp\/v2\/product\/40391","targetHints":{"allow":["GET"]}}],"collection":[{"href":"https:\/\/microtech.tools\/pl\/wp-json\/wp\/v2\/product"}],"about":[{"href":"https:\/\/microtech.tools\/pl\/wp-json\/wp\/v2\/types\/product"}],"wp:featuredmedia":[{"embeddable":true,"href":"https:\/\/microtech.tools\/pl\/wp-json\/wp\/v2\/media\/40374"}],"wp:attachment":[{"href":"https:\/\/microtech.tools\/pl\/wp-json\/wp\/v2\/media?parent=40391"}],"wp:term":[{"taxonomy":"product_brand","embeddable":true,"href":"https:\/\/microtech.tools\/pl\/wp-json\/wp\/v2\/product_brand?post=40391"},{"taxonomy":"product_cat","embeddable":true,"href":"https:\/\/microtech.tools\/pl\/wp-json\/wp\/v2\/product_cat?post=40391"},{"taxonomy":"product_tag","embeddable":true,"href":"https:\/\/microtech.tools\/pl\/wp-json\/wp\/v2\/product_tag?post=40391"}],"curies":[{"name":"wp","href":"https:\/\/api.w.org\/{rel}","templated":true}]}}