{"id":41092,"date":"2025-07-31T14:30:53","date_gmt":"2025-07-31T11:30:53","guid":{"rendered":"https:\/\/microtech.tools\/?post_type=product&#038;p=41092"},"modified":"2026-03-20T10:25:04","modified_gmt":"2026-03-20T07:25:04","slug":"suwmiarka-modulowa-do-kol-zebatych-swissmet-micron-ip67-bezprzewodowa","status":"publish","type":"product","link":"https:\/\/microtech.tools\/pl\/produkt\/suwmiarka-modulowa-do-kol-zebatych-swissmet-micron-ip67-bezprzewodowa\/","title":{"rendered":"Suwmiarka modu\u0142owa do k\u00f3\u0142 z\u0119batych SwissMet MICRON IP67 Bezprzewodowa"},"content":{"rendered":"<p data-path-to-node=\"1\">Cyfrowa suwmiarka modu\u0142owa do k\u00f3\u0142 z\u0119batych SwissMet IP67 wyprodukowana przez Microtech s\u0142u\u017cy do pomiaru grubo\u015bci z\u0119b\u00f3w k\u00f3\u0142 z\u0119batych na linii podzia\u0142owej, frez\u00f3w obwiedniowych, narz\u0119dzi kszta\u0142towych i do gwint\u00f3w itp. Posiada zakres pomiarowy 25 mm i 50 mm. Urz\u0105dzenie wyposa\u017cone jest w szwajcarsk\u0105 elektronik\u0119 i stopie\u0144 ochrony IP67 dla niezawodnego u\u017cytkowania w wymagaj\u0105cych warunkach. Ta precyzyjna suwmiarka posiada rozdzielczo\u015b\u0107 0,001 mm i wysok\u0105 dok\u0142adno\u015b\u0107 pomiaru.<\/p>\n<p data-path-to-node=\"2\">Ta suwmiarka posiada bezprzewodowe tryby przesy\u0142ania danych: Bezprzewodowy, Bezprzewodowy HID, Bezprzewodowy HID+MAC.<\/p>\n<p data-path-to-node=\"3\">Suwmiarka modu\u0142owa posiada nast\u0119puj\u0105ce funkcje: preset, ABS, mm\/cale, automatyczne w\u0142\u0105czanie\/wy\u0142\u0105czanie.<\/p>\n<p data-path-to-node=\"4\">Wszystkie cyfrowe suwmiarki modu\u0142owe do k\u00f3\u0142 z\u0119batych MICROTECH SwissMet IP67 przechodz\u0105 kontrol\u0119 metrologiczn\u0105 w akredytowanym laboratorium ISO 17025 (Ilac) z protoko\u0142em wzorcowania.<\/p>\n","protected":false},"excerpt":{"rendered":"<p>Cyfrowa suwmiarka modu\u0142owa do k\u00f3\u0142 z\u0119batych SwissMet IP67 wyprodukowana przez Microtech s\u0142u\u017cy do pomiaru grubo\u015bci z\u0119b\u00f3w k\u00f3\u0142 z\u0119batych na linii podzia\u0142owej, frez\u00f3w obwiedniowych, narz\u0119dzi kszta\u0142towych i do gwint\u00f3w itp. Posiada zakres pomiarowy 25 mm i 50 mm.<\/p>\n","protected":false},"featured_media":41078,"template":"","meta":{"_acf_changed":false},"product_brand":[6886],"product_cat":[5023],"product_tag":[],"class_list":{"0":"post-41092","1":"product","2":"type-product","3":"status-publish","4":"has-post-thumbnail","6":"product_brand-microtech","7":"product_cat-suwmiarki-do-pomiaru-zebow-kol-zebatych","8":"pa_battery-cr2032","9":"pa_dataoutput-wireless","10":"pa_dataoutput-wirelesshid","11":"pa_indication-digital","12":"pa_measrange-m1-25","13":"pa_measrange-m5-50","14":"pa_resolution_mm-0_001","16":"first","17":"instock","18":"shipping-taxable","19":"purchasable","20":"product-type-variable"},"acf":[],"_links":{"self":[{"href":"https:\/\/microtech.tools\/pl\/wp-json\/wp\/v2\/product\/41092","targetHints":{"allow":["GET"]}}],"collection":[{"href":"https:\/\/microtech.tools\/pl\/wp-json\/wp\/v2\/product"}],"about":[{"href":"https:\/\/microtech.tools\/pl\/wp-json\/wp\/v2\/types\/product"}],"wp:featuredmedia":[{"embeddable":true,"href":"https:\/\/microtech.tools\/pl\/wp-json\/wp\/v2\/media\/41078"}],"wp:attachment":[{"href":"https:\/\/microtech.tools\/pl\/wp-json\/wp\/v2\/media?parent=41092"}],"wp:term":[{"taxonomy":"product_brand","embeddable":true,"href":"https:\/\/microtech.tools\/pl\/wp-json\/wp\/v2\/product_brand?post=41092"},{"taxonomy":"product_cat","embeddable":true,"href":"https:\/\/microtech.tools\/pl\/wp-json\/wp\/v2\/product_cat?post=41092"},{"taxonomy":"product_tag","embeddable":true,"href":"https:\/\/microtech.tools\/pl\/wp-json\/wp\/v2\/product_tag?post=41092"}],"curies":[{"name":"wp","href":"https:\/\/api.w.org\/{rel}","templated":true}]}}