{"id":41177,"date":"2025-12-12T12:27:38","date_gmt":"2025-12-12T09:27:38","guid":{"rendered":"https:\/\/microtech.tools\/?post_type=product&#038;p=41177"},"modified":"2026-04-17T08:35:23","modified_gmt":"2026-04-17T05:35:23","slug":"komputerowa-kabla-suwmiarka-ip54-0-150","status":"publish","type":"product","link":"https:\/\/microtech.tools\/pl\/produkt\/komputerowa-kabla-suwmiarka-ip54-0-150\/","title":{"rendered":"DataMet e-Force komputerowa Kabla suwmiarka IP54 0-150&#215;0,001 mm (Bezprzewodowa+USB)"},"content":{"rendered":"<p data-path-to-node=\"1\">Ta komputerowa suwmiarka DataMet KABEL e-Force do pomiaru kabli od MICROTECH jest wyposa\u017cona w p\u0142askie i punktowe (d 0,3 mm) szcz\u0119ki oraz szwajcarski system odczytu o rozdzielczo\u015bci 0,001 mm.<\/p>\n<p data-path-to-node=\"2\">Opatentowany modu\u0142 steruj\u0105cy e-Force zapewnia wybieraln\u0105 si\u0142\u0119 nacisku (8N zewn\u0119trzna \/ 4N wewn\u0119trzna) dla stabilnych, powtarzalnych pomiar\u00f3w z dok\u0142adno\u015bci\u0105 do 1 mikrona.<\/p>\n<p data-path-to-node=\"3\">Komputerowy system MICS oferuje zaawansowane funkcje, takie jak limity Go\/NoGo z kolorow\u0105 sygnalizacj\u0105, Max\/Min (PEAK), Timer, Formu\u0142\u0119 (Ax2+Bx+C, Promie\u0144, Sfera), r\u0119czn\u0105 kompensacj\u0119 temperatury i liniow\u0105, wyb\u00f3r rozdzielczo\u015bci 0,1\/0,01\/0,001 mm oraz cale, pami\u0119\u0107 wewn\u0119trzn\u0105 na 2000 warto\u015bci ze struktur\u0105 folder\u00f3w i statystykami oraz kontrol\u0119 daty kalibracji.<\/p>\n<p data-path-to-node=\"4\">Przyrz\u0105d wykorzystuje akumulator Li-Pol z micro-USB i obs\u0142uguje aktualizacje oprogramowania uk\u0142adowego przez USB.<\/p>\n<p data-path-to-node=\"5\">Transfer danych i \u0142\u0105czno\u015b\u0107 Industry 4.0:<\/p>\n<ul data-path-to-node=\"6\">\n<li>\n<p data-path-to-node=\"6,0,0\">BEZPRZEWODOWY transfer danych do aplikacji MDS (dost\u0119pne wersje aplikacji dla Windows, Android, iOS, MacOS)<\/p>\n<\/li>\n<li>\n<p data-path-to-node=\"6,1,0\">Tryb BEZPRZEWODOWY HID bezpo\u015brednio do dowolnego urz\u0105dzenia i aplikacji (jak klawiatura)<\/p>\n<\/li>\n<li>\n<p data-path-to-node=\"6,2,0\">Tryb BEZPRZEWODOWY HID+MAC bezpo\u015brednio do dowolnego urz\u0105dzenia i aplikacji (jak klawiatura) z adresem MAC<\/p>\n<\/li>\n<li>\n<p data-path-to-node=\"6,3,0\">USB HID<\/p>\n<\/li>\n<li>\n<p data-path-to-node=\"6,4,0\">OPCJONALNIE MODBUS RTU (RS-485, 4-przewodowy, 5-24V) dla po\u0142\u0105cze\u0144 przemys\u0142owych<\/p>\n<\/li>\n<\/ul>\n<p data-path-to-node=\"7\">Suwmiarki MICROTECH przechodz\u0105 kontrol\u0119 metrologiczn\u0105 w akredytowanym laboratorium metrologicznym ISO 17025 (ILAC MRA).<\/p>\n<p data-path-to-node=\"8\">Wszystkie suwmiarki s\u0105 dostarczane z certyfikatem wzorcowania, instrukcj\u0105 obs\u0142ugi, magnetycznym kablem do \u0142adowania i plastikowym etui.<\/p>\n","protected":false},"excerpt":{"rendered":"<p data-path-to-node=\"1\">Ta komputerowa suwmiarka DataMet KABEL e-Force do pomiaru kabli od MICROTECH jest wyposa\u017cona w p\u0142askie i punktowe (d 0,3 mm) szcz\u0119ki oraz szwajcarski system odczytu o rozdzielczo\u015bci 0,001 mm.<\/p>\n<p data-path-to-node=\"2\">Opatentowany modu\u0142 steruj\u0105cy e-Force zapewnia wybieraln\u0105 si\u0142\u0119 nacisku (8N zewn\u0119trzna \/ 4N wewn\u0119trzna) dla stabilnych, powtarzalnych pomiar\u00f3w z dok\u0142adno\u015bci\u0105 do 1 mikrona.<\/p>\n","protected":false},"featured_media":41178,"template":"","meta":{"_acf_changed":false},"product_brand":[6886],"product_cat":[5011],"product_tag":[],"class_list":{"0":"post-41177","1":"product","2":"type-product","3":"status-publish","4":"has-post-thumbnail","6":"product_brand-microtech","7":"product_cat-suwmiarki-do-kabli","8":"pa_battery-li_pol","9":"pa_calibration-iso17025","10":"pa_dataoutput-usbhid","11":"pa_dataoutput-wireless","12":"pa_dataoutput-wirelesshid","13":"pa_indication-computerized-2-0","14":"pa_jawstype-standardjaws","15":"pa_measrange-150mm6inch","16":"pa_reading-0_001mm00005inch","17":"pa_resolution_mm-0-0005","19":"first","20":"instock","21":"shipping-taxable","22":"purchasable","23":"product-type-simple"},"acf":[],"_links":{"self":[{"href":"https:\/\/microtech.tools\/pl\/wp-json\/wp\/v2\/product\/41177","targetHints":{"allow":["GET"]}}],"collection":[{"href":"https:\/\/microtech.tools\/pl\/wp-json\/wp\/v2\/product"}],"about":[{"href":"https:\/\/microtech.tools\/pl\/wp-json\/wp\/v2\/types\/product"}],"wp:featuredmedia":[{"embeddable":true,"href":"https:\/\/microtech.tools\/pl\/wp-json\/wp\/v2\/media\/41178"}],"wp:attachment":[{"href":"https:\/\/microtech.tools\/pl\/wp-json\/wp\/v2\/media?parent=41177"}],"wp:term":[{"taxonomy":"product_brand","embeddable":true,"href":"https:\/\/microtech.tools\/pl\/wp-json\/wp\/v2\/product_brand?post=41177"},{"taxonomy":"product_cat","embeddable":true,"href":"https:\/\/microtech.tools\/pl\/wp-json\/wp\/v2\/product_cat?post=41177"},{"taxonomy":"product_tag","embeddable":true,"href":"https:\/\/microtech.tools\/pl\/wp-json\/wp\/v2\/product_tag?post=41177"}],"curies":[{"name":"wp","href":"https:\/\/api.w.org\/{rel}","templated":true}]}}