{"id":41185,"date":"2025-12-12T12:57:33","date_gmt":"2025-12-12T09:57:33","guid":{"rendered":"https:\/\/microtech.tools\/?post_type=product&#038;p=41185"},"modified":"2026-04-17T08:45:00","modified_gmt":"2026-04-17T05:45:00","slug":"modbus-kablowa-suwmiarka-ip54-0-150","status":"publish","type":"product","link":"https:\/\/microtech.tools\/pl\/produkt\/modbus-kablowa-suwmiarka-ip54-0-150\/","title":{"rendered":"Modbus DataMet komputerowa Kablowa suwmiarka IP54 0-150&#215;0,001 mm (Bezprzewodowa+USB+Modbus)"},"content":{"rendered":"<p data-path-to-node=\"0\">Modbus DataMet e-Force komputerowa kablowa suwmiarka IP54 0-150&#215;0,001 mm (Bezprzewodowa+USB+Modbus)<\/p>\n<p data-path-to-node=\"1\">Ta komputerowa suwmiarka Modbus DataMet KABEL e-Force do pomiaru kabli od MICROTECH jest wyposa\u017cona w szcz\u0119ki p\u0142askie i punktowe (\u015brednica 0,3 mm) oraz szwajcarski system odczytu o rozdzielczo\u015bci 0,001 mm.<\/p>\n<p data-path-to-node=\"2\">Opatentowany modu\u0142 kontrolny e-Force zapewnia wybieraln\u0105 si\u0142\u0119 pomiaru (8N zewn\u0119trzna \/ 4N wewn\u0119trzna) dla stabilnych, powtarzalnych pomiar\u00f3w z dok\u0142adno\u015bci\u0105 do 1 mikrona.<\/p>\n<p data-path-to-node=\"3\">Komputerowy system MICS oferuje zaawansowane funkcje, takie jak limity Dobry\/Z\u0142y (Go\/NoGo) z kolorow\u0105 sygnalizacj\u0105, Max\/Min (PEAK), Timer, Formu\u0142a (Ax2+Bx+C, Promie\u0144, Sfera), r\u0119czna kompensacja temperaturowa i liniowa, wyb\u00f3r rozdzielczo\u015bci 0,1\/0,01\/0,001 mm oraz cale, pami\u0119\u0107 wewn\u0119trzna na 2000 warto\u015bci ze struktur\u0105 folder\u00f3w i statystykami oraz kontrola daty wzorcowania.<\/p>\n<p data-path-to-node=\"4\">Przyrz\u0105d wykorzystuje akumulator Li-Pol z gniazdem micro-USB i obs\u0142uguje aktualizacje oprogramowania uk\u0142adowego przez USB.<\/p>\n<p data-path-to-node=\"5\">Transfer danych:<\/p>\n<ul data-path-to-node=\"6\">\n<li>\n<p data-path-to-node=\"6,0,0\">BEZPRZEWODOWY transfer danych do aplikacji MDS (dost\u0119pne wersje aplikacji dla Windows, Android, iOS, MacOS)<\/p>\n<\/li>\n<li>\n<p data-path-to-node=\"6,1,0\">BEZPRZEWODOWY HID \u2013 bezpo\u015bredni transfer do dowolnego urz\u0105dzenia lub aplikacji (jako klawiatura)<\/p>\n<\/li>\n<li>\n<p data-path-to-node=\"6,2,0\">BEZPRZEWODOWY HID+MAC \u2013 z adresem MAC<\/p>\n<\/li>\n<li>\n<p data-path-to-node=\"6,3,0\">USB HID<\/p>\n<\/li>\n<li>\n<p data-path-to-node=\"6,4,0\">MODBUS RTU (RS-485, 4-przewodowy, 5-24V) dla po\u0142\u0105cze\u0144 przemys\u0142owych<\/p>\n<\/li>\n<\/ul>\n<p data-path-to-node=\"7\">Suwmiarki MICROTECH przechodz\u0105 kontrol\u0119 metrologiczn\u0105 w akredytowanym laboratorium metrologicznym ISO 17025 (ILAC MRA).<\/p>\n<p data-path-to-node=\"8\">Wszystkie suwmiarki s\u0105 dostarczane w komplecie ze \u015bwiadectwem wzorcowania, instrukcj\u0105 obs\u0142ugi, magnetycznym kablem do \u0142adowania i plastikowym etui.<\/p>\n","protected":false},"excerpt":{"rendered":"<p data-path-to-node=\"0\">Modbus DataMet KABEL e-Force komputerowa suwmiarka IP54 0-150&#215;0,001 mm (Bezprzewodowa+USB+Modbus)<\/p>\n<p data-path-to-node=\"1\">Ta komputerowa suwmiarka Modbus DataMet KABEL e-Force do pomiaru kabli od MICROTECH jest wyposa\u017cona w szcz\u0119ki p\u0142askie i punktowe (\u015brednica 0,3 mm) oraz szwajcarski system odczytu o rozdzielczo\u015bci 0,001 mm.<\/p>\n","protected":false},"featured_media":41178,"template":"","meta":{"_acf_changed":false},"product_brand":[6886],"product_cat":[5011],"product_tag":[],"class_list":{"0":"post-41185","1":"product","2":"type-product","3":"status-publish","4":"has-post-thumbnail","6":"product_brand-microtech","7":"product_cat-suwmiarki-do-kabli","8":"pa_battery-li_pol","9":"pa_calibration-iso17025","10":"pa_dataoutput-usbhid","11":"pa_dataoutput-wireless","12":"pa_dataoutput-wirelesshid","13":"pa_indication-computerized-2-0","14":"pa_jawstype-standardjaws","15":"pa_measrange-150mm6inch","16":"pa_reading-0_001mm00005inch","17":"pa_resolution_mm-0-0005","19":"first","20":"instock","21":"shipping-taxable","22":"purchasable","23":"product-type-simple"},"acf":[],"_links":{"self":[{"href":"https:\/\/microtech.tools\/pl\/wp-json\/wp\/v2\/product\/41185","targetHints":{"allow":["GET"]}}],"collection":[{"href":"https:\/\/microtech.tools\/pl\/wp-json\/wp\/v2\/product"}],"about":[{"href":"https:\/\/microtech.tools\/pl\/wp-json\/wp\/v2\/types\/product"}],"wp:featuredmedia":[{"embeddable":true,"href":"https:\/\/microtech.tools\/pl\/wp-json\/wp\/v2\/media\/41178"}],"wp:attachment":[{"href":"https:\/\/microtech.tools\/pl\/wp-json\/wp\/v2\/media?parent=41185"}],"wp:term":[{"taxonomy":"product_brand","embeddable":true,"href":"https:\/\/microtech.tools\/pl\/wp-json\/wp\/v2\/product_brand?post=41185"},{"taxonomy":"product_cat","embeddable":true,"href":"https:\/\/microtech.tools\/pl\/wp-json\/wp\/v2\/product_cat?post=41185"},{"taxonomy":"product_tag","embeddable":true,"href":"https:\/\/microtech.tools\/pl\/wp-json\/wp\/v2\/product_tag?post=41185"}],"curies":[{"name":"wp","href":"https:\/\/api.w.org\/{rel}","templated":true}]}}