{"id":41188,"date":"2025-12-12T10:18:38","date_gmt":"2025-12-12T07:18:38","guid":{"rendered":"https:\/\/microtech.tools\/?post_type=product&#038;p=41188"},"modified":"2026-04-17T08:52:51","modified_gmt":"2026-04-17T05:52:51","slug":"swissmet-kablowa-suwmiarka-ip67-0-150","status":"publish","type":"product","link":"https:\/\/microtech.tools\/pl\/produkt\/swissmet-kablowa-suwmiarka-ip67-0-150\/","title":{"rendered":"SwissMet Cyfrowa Bi-Force kablowa suwmiarka IP67 0-150&#215;0,001 mm"},"content":{"rendered":"<p data-path-to-node=\"1\">SwissMet Bi-Force Kablowa suwmiarka cyfrowa z p\u0142askimi\/punktowymi szcz\u0119kami i kontrol\u0105 si\u0142y Bi-Force. (Pat. US10429165, UA146381, UA202300560) ze stopniem ochrony IP67<\/p>\n<p data-path-to-node=\"2\">Ta precyzyjna suwmiarka SwissMet KABEL posiada najwy\u017cszej jako\u015bci szwajcarsk\u0105 elektronik\u0119 IP67, wy\u017csz\u0105 dok\u0142adno\u015b\u0107 ni\u017c standardy rynkowe oraz unikalne p\u0142askie (punktowe 0,3 mm) szcz\u0119ki do wszechstronnych pomiar\u00f3w. MICROTECH wyposa\u017cy\u0142 j\u0105 w opatentowany modu\u0142 kontroli PODW\u00d3JNEJ SI\u0141Y (8 N zewn\u0119trzna \/ 4 N wewn\u0119trzna) dla uzyskania sp\u00f3jnego nacisku, co poprawia dok\u0142adno\u015b\u0107 do 1 mikrona.<\/p>\n<p data-path-to-node=\"3\">Dost\u0119pna w zakresie 150 mm (6 cali).<\/p>\n<p data-path-to-node=\"4\">R\u0119cznie wyka\u0144czane szcz\u0119ki przechodz\u0105 kontrol\u0119 metrologiczn\u0105 w laboratorium akredytowanym zgodnie z ISO 17025 (ILAC MRA) z do\u0142\u0105czonym \u015bwiadectwem wzorcowania<\/p>\n","protected":false},"excerpt":{"rendered":"<p>SwissMet KABEL Bi-Force suwmiarka cyfrowa z p\u0142askimi\/punktowymi szcz\u0119kami i kontrol\u0105 si\u0142y Bi-Force. (Pat. US10429165, UA146381, UA202300560) ze stopniem ochrony IP67<\/p>\n","protected":false},"featured_media":41190,"template":"","meta":{"_acf_changed":false},"product_brand":[6886],"product_cat":[5011],"product_tag":[],"class_list":{"0":"post-41188","1":"product","2":"type-product","3":"status-publish","4":"has-post-thumbnail","6":"product_brand-microtech","7":"product_cat-suwmiarki-do-kabli","8":"pa_battery-cr2032","9":"pa_calibration-iso17025","10":"pa_indication-digital","11":"pa_measrange-150mm6inch","12":"pa_resolution_mm-0_001","14":"first","15":"instock","16":"shipping-taxable","17":"purchasable","18":"product-type-simple"},"acf":[],"_links":{"self":[{"href":"https:\/\/microtech.tools\/pl\/wp-json\/wp\/v2\/product\/41188","targetHints":{"allow":["GET"]}}],"collection":[{"href":"https:\/\/microtech.tools\/pl\/wp-json\/wp\/v2\/product"}],"about":[{"href":"https:\/\/microtech.tools\/pl\/wp-json\/wp\/v2\/types\/product"}],"wp:featuredmedia":[{"embeddable":true,"href":"https:\/\/microtech.tools\/pl\/wp-json\/wp\/v2\/media\/41190"}],"wp:attachment":[{"href":"https:\/\/microtech.tools\/pl\/wp-json\/wp\/v2\/media?parent=41188"}],"wp:term":[{"taxonomy":"product_brand","embeddable":true,"href":"https:\/\/microtech.tools\/pl\/wp-json\/wp\/v2\/product_brand?post=41188"},{"taxonomy":"product_cat","embeddable":true,"href":"https:\/\/microtech.tools\/pl\/wp-json\/wp\/v2\/product_cat?post=41188"},{"taxonomy":"product_tag","embeddable":true,"href":"https:\/\/microtech.tools\/pl\/wp-json\/wp\/v2\/product_tag?post=41188"}],"curies":[{"name":"wp","href":"https:\/\/api.w.org\/{rel}","templated":true}]}}