{"id":41370,"date":"2023-03-06T13:50:07","date_gmt":"2023-03-06T10:50:07","guid":{"rendered":"https:\/\/microtech.tools\/?post_type=product&#038;p=41370"},"modified":"2026-04-10T09:28:46","modified_gmt":"2026-04-10T06:28:46","slug":"suwmiarka-do-rowkow-zewnetrznych-ip54-3","status":"publish","type":"product","link":"https:\/\/microtech.tools\/pl\/produkt\/suwmiarka-do-rowkow-zewnetrznych-ip54-3\/","title":{"rendered":"DataMet Komputerowa punktowa suwmiarka do rowk\u00f3w zewn\u0119trznych IP54"},"content":{"rendered":"<p data-path-to-node=\"0\">Precyzyjna mikronowa suwmiarka tabletowa DataMet z d\u0142ugimi szcz\u0119kami do pomiar\u00f3w zewn\u0119trznych zosta\u0142a opracowana i opatentowana (Pat.US 10184772) przez firm\u0119 MICROTECH.<\/p>\n<p data-path-to-node=\"1\">Komputerowa suwmiarka do rowk\u00f3w zewn\u0119trznych punktowa IP54<\/p>\n<p data-path-to-node=\"2\">G\u0142\u00f3wn\u0105 zalet\u0105 tej precyzyjnej suwmiarki jest zastosowanie komputerowego systemu pomiarowego firmy MICROTECH.<\/p>\n<p data-path-to-node=\"3\">MICROTECH zaktualizowa\u0142 suwmiarki z d\u0142ugimi szcz\u0119kami i punktami zewn\u0119trznymi o elektroniczny modu\u0142 kontroli si\u0142y multi-Force, co daje mo\u017cliwo\u015b\u0107 wykonywania pomiar\u00f3w za ka\u017cdym razem z t\u0105 sam\u0105 si\u0142\u0105. Si\u0142\u0119 nacisku mo\u017cna wybra\u0107 w menu w zakresie 1-20 N. Tryb automatycznej si\u0142y umo\u017cliwia zapisanie do pami\u0119ci lub przes\u0142anie do aplikacji aktualnej warto\u015bci po osi\u0105gni\u0119ciu zadanej si\u0142y (1-20 N). Opatentowana technologia e-Force poprawia dok\u0142adno\u015b\u0107 suwmiarki i automatyzuje proces pomiarowy.<\/p>\n<p data-path-to-node=\"4\">Te mikronowe suwmiarki posiadaj\u0105 zakresy 500, 1000 mm (20, 40 cali).<\/p>\n<p data-path-to-node=\"5\">Szcz\u0119ki mog\u0105 mie\u0107 d\u0142ugo\u015b\u0107 300 mm z punktami zewn\u0119trznymi do pomiar\u00f3w zewn\u0119trznych.<\/p>\n<p data-path-to-node=\"6\">Komputerowy modu\u0142 pomiarowy suwmiarki tabletowej wyposa\u017cony jest w kolorowy wy\u015bwietlacz 2,4 cala oraz ekran dotykowy i posiada takie funkcje: pami\u0119\u0107 wewn\u0119trzna, wykres, skala analogowa, funkcje Go\/NoGo z kolorow\u0105 sygnalizacj\u0105, Max\/min, funkcja formu\u0142y, r\u0119czna kompensacja temperatury i b\u0142\u0119du, akumulator Li-Pol, gniazdo \u0142adowania magnetycznego.<\/p>\n<p data-path-to-node=\"7\">Bezprzewodowa suwmiarka posiada modu\u0142 przesy\u0142u danych o du\u017cym zasi\u0119gu.<\/p>\n<p data-path-to-node=\"8\">Bezprzewodowa suwmiarka MICROTECH posiada 3 tryby przesy\u0142u danych:<\/p>\n<ul data-path-to-node=\"9\">\n<li>\n<p data-path-to-node=\"9,0,0\">BEZPRZEWODOWY przesy\u0142 danych do aplikacji MDS (dost\u0119pne wersje aplikacji dla system\u00f3w Windows, Android, iOS, MacOS) Link do aplikacji MDS<\/p>\n<\/li>\n<li>\n<p data-path-to-node=\"9,1,0\">Tryb BEZPRZEWODOWY HID bezpo\u015brednio do dowolnego urz\u0105dzenia i aplikacji (jak klawiatura)<\/p>\n<\/li>\n<li>\n<p data-path-to-node=\"9,2,0\">Tryb BEZPRZEWODOWY HID+MAC bezpo\u015brednio do dowolnego urz\u0105dzenia i aplikacji (jak klawiatura) z adresem MAC<\/p>\n<\/li>\n<\/ul>\n<p data-path-to-node=\"10\">Suwmiarki MICROTECH przechodz\u0105 kontrol\u0119 metrologiczn\u0105 w akredytowanym laboratorium metrologicznym ISO 17025:2019.<\/p>\n<p data-path-to-node=\"11\">Wszystkie suwmiarki s\u0105 dostarczane z protoko\u0142em kalibracji, instrukcj\u0105 obs\u0142ugi, magnetycznym kablem do \u0142adowania i plastikowym pude\u0142kiem.<\/p>\n<p data-path-to-node=\"12\">Na \u017cyczenie klienta istnieje mo\u017cliwo\u015b\u0107 wykonania specjalnego zakresu, konfiguracji szcz\u0119k i ko\u0144c\u00f3wek.<\/p>\n","protected":false},"excerpt":{"rendered":"<p>Precyzyjna mikronowa suwmiarka tabletowa DataMet z d\u0142ugimi szcz\u0119kami do pomiar\u00f3w zewn\u0119trznych zosta\u0142a opracowana i opatentowana (Pat.US 10184772) przez firm\u0119 MICROTECH. Komputerowa suwmiarka do rowk\u00f3w zewn\u0119trznych punktowa IP54 G\u0142\u00f3wn\u0105 zalet\u0105 tej precyzyjnej suwmiarki jest zastosowanie komputerowego systemu pomiarowego firmy MICROTECH. MICROTECH zaktualizowa\u0142 suwmiarki z d\u0142ugimi szcz\u0119kami i punktami zewn\u0119trznymi o elektroniczny modu\u0142 kontroli si\u0142y multi-Force, co [&hellip;]<\/p>\n","protected":false},"featured_media":41372,"template":"","meta":{"_acf_changed":false},"product_brand":[6886],"product_cat":[5031,6872],"product_tag":[],"class_list":{"0":"post-41370","1":"product","2":"type-product","3":"status-publish","4":"has-post-thumbnail","6":"product_brand-microtech","7":"product_cat-suwmiarka-zewnetrzna","8":"product_cat-suwmiarki","9":"pa_battery-li_pol","10":"pa_dataoutput-usbhid","11":"pa_dataoutput-wireless","12":"pa_dataoutput-wirelesshid","13":"pa_indication-computerized2_4","14":"pa_jawlength-150mm6inch","15":"pa_jawlength-300mm12inch","16":"pa_jawlength-90mm-3-5-inch","17":"pa_measrange-1000mm40inch","18":"pa_measrange-300mm12inch","19":"pa_measrange-500mm20inch","20":"pa_resolution_mm-5920","21":"pa_resolution_mm-5927","22":"pa_resolution_mm-5928","24":"first","25":"instock","26":"shipping-taxable","27":"purchasable","28":"product-type-variable"},"acf":[],"_links":{"self":[{"href":"https:\/\/microtech.tools\/pl\/wp-json\/wp\/v2\/product\/41370","targetHints":{"allow":["GET"]}}],"collection":[{"href":"https:\/\/microtech.tools\/pl\/wp-json\/wp\/v2\/product"}],"about":[{"href":"https:\/\/microtech.tools\/pl\/wp-json\/wp\/v2\/types\/product"}],"wp:featuredmedia":[{"embeddable":true,"href":"https:\/\/microtech.tools\/pl\/wp-json\/wp\/v2\/media\/41372"}],"wp:attachment":[{"href":"https:\/\/microtech.tools\/pl\/wp-json\/wp\/v2\/media?parent=41370"}],"wp:term":[{"taxonomy":"product_brand","embeddable":true,"href":"https:\/\/microtech.tools\/pl\/wp-json\/wp\/v2\/product_brand?post=41370"},{"taxonomy":"product_cat","embeddable":true,"href":"https:\/\/microtech.tools\/pl\/wp-json\/wp\/v2\/product_cat?post=41370"},{"taxonomy":"product_tag","embeddable":true,"href":"https:\/\/microtech.tools\/pl\/wp-json\/wp\/v2\/product_tag?post=41370"}],"curies":[{"name":"wp","href":"https:\/\/api.w.org\/{rel}","templated":true}]}}