{"id":41755,"date":"2023-03-13T13:10:58","date_gmt":"2023-03-13T10:10:58","guid":{"rendered":"https:\/\/microtech.tools\/?post_type=product&#038;p=41755"},"modified":"2026-04-17T13:17:08","modified_gmt":"2026-04-17T10:17:08","slug":"suwmiarka-glebokosciowa-bezprzewodowa","status":"publish","type":"product","link":"https:\/\/microtech.tools\/pl\/produkt\/suwmiarka-glebokosciowa-bezprzewodowa\/","title":{"rendered":"Suwmiarka g\u0142\u0119boko\u015bciowa bezprzewodowa SwissMet IP67"},"content":{"rendered":"<p data-path-to-node=\"1\">Bezprzewodowa suwmiarka g\u0142\u0119boko\u015bciowa MICROTECH SwissMet IP67 ze szwajcarskim elektronicznym systemem pomiarowym. Dost\u0119pne w zakresach 150, 200, 300, 500, 1000, 2000, 3000 mm (6, 8, 12, 20, 40, 80, 120 cali) i rozdzielczo\u015bci 0,01 mm.<\/p>\n<p data-path-to-node=\"2\">Wysokiej jako\u015bci szwajcarska elektronika o stopniu ochrony IP67 z wy\u015bwietlaczem o du\u017cym kontra\u015bcie (wysoko\u015b\u0107 cyfr 12 mm):<\/p>\n<ul data-path-to-node=\"3\">\n<li>\n<p data-path-to-node=\"3,0,0\">konwersja mm\/cale<\/p>\n<\/li>\n<li>\n<p data-path-to-node=\"3,1,0\">funkcje Preset<\/p>\n<\/li>\n<li>\n<p data-path-to-node=\"3,2,0\">automatyczne w\u0142\u0105czanie\/wy\u0142\u0105czanie<\/p>\n<\/li>\n<li>\n<p data-path-to-node=\"3,3,0\">zerowanie<\/p>\n<\/li>\n<li>\n<p data-path-to-node=\"3,4,0\">menu<\/p>\n<\/li>\n<li>\n<p data-path-to-node=\"3,5,0\">bateria 3V CR2032<\/p>\n<\/li>\n<\/ul>\n<p data-path-to-node=\"4\">Bezprzewodowa suwmiarka MICROTECH posiada 3 tryby transferu danych:<\/p>\n<ul data-path-to-node=\"5\">\n<li>\n<p data-path-to-node=\"5,0,0\">BEZPRZEWODOWY transfer danych do aplikacji MDS (dost\u0119pne wersje aplikacji dla system\u00f3w Windows, Android, iOS, MacOS)<\/p>\n<\/li>\n<li>\n<p data-path-to-node=\"5,1,0\">BEZPRZEWODOWY tryb HID bezpo\u015brednio do dowolnego urz\u0105dzenia i aplikacji (jak klawiatura)<\/p>\n<\/li>\n<li>\n<p data-path-to-node=\"5,2,0\">BEZPRZEWODOWY tryb HID+MAC bezpo\u015brednio do dowolnego urz\u0105dzenia i aplikacji (jak klawiatura) z adresem MAC<\/p>\n<\/li>\n<\/ul>\n<p data-path-to-node=\"6\">Wszystkie suwmiarki MICROTECH posiadaj\u0105 r\u0119cznie wyka\u0144czane powierzchnie pomiarowe (Ra &lt; 0,32) oraz przechodz\u0105 kontrol\u0119 metrologiczn\u0105 w laboratorium akredytowanym zgodnie z ISO 17025 ilac. Dostarczane w ergonomicznym plastikowym etui wraz z instrukcj\u0105 obs\u0142ugi i \u015bwiadectwem wzorcowania.<\/p>\n","protected":false},"excerpt":{"rendered":"<p>Bezprzewodowa suwmiarka g\u0142\u0119boko\u015bciowa MICROTECH SwissMet IP67 ze szwajcarskim elektronicznym systemem pomiarowym. Dost\u0119pne w zakresach 150, 200, 300, 500, 1000, 2000, 3000 mm (6, 8, 12, 20, 40, 80, 120 cali) i rozdzielczo\u015bci 0,01 mm.<\/p>\n","protected":false},"featured_media":41763,"template":"","meta":{"_acf_changed":false},"product_brand":[6886],"product_cat":[5017,6872],"product_tag":[],"class_list":{"0":"post-41755","1":"product","2":"type-product","3":"status-publish","4":"has-post-thumbnail","6":"product_brand-microtech","7":"product_cat-suwmiarka-glebokosciowa","8":"product_cat-suwmiarki","9":"pa_battery-cr2032","10":"pa_calibration-iso17025","11":"pa_dataoutput-wireless","12":"pa_indication-digital","13":"pa_measrange-1000mm40inch","14":"pa_measrange-150mm6inch","15":"pa_measrange-200mm8inch","16":"pa_measrange-2000mm80inch","17":"pa_measrange-300mm12inch","18":"pa_measrange-3000mm120inch","19":"pa_measrange-500mm20inch","20":"pa_resolution_mm-5920","21":"pa_resolution_mm-5928","23":"first","24":"instock","25":"shipping-taxable","26":"purchasable","27":"product-type-variable"},"acf":[],"_links":{"self":[{"href":"https:\/\/microtech.tools\/pl\/wp-json\/wp\/v2\/product\/41755","targetHints":{"allow":["GET"]}}],"collection":[{"href":"https:\/\/microtech.tools\/pl\/wp-json\/wp\/v2\/product"}],"about":[{"href":"https:\/\/microtech.tools\/pl\/wp-json\/wp\/v2\/types\/product"}],"wp:featuredmedia":[{"embeddable":true,"href":"https:\/\/microtech.tools\/pl\/wp-json\/wp\/v2\/media\/41763"}],"wp:attachment":[{"href":"https:\/\/microtech.tools\/pl\/wp-json\/wp\/v2\/media?parent=41755"}],"wp:term":[{"taxonomy":"product_brand","embeddable":true,"href":"https:\/\/microtech.tools\/pl\/wp-json\/wp\/v2\/product_brand?post=41755"},{"taxonomy":"product_cat","embeddable":true,"href":"https:\/\/microtech.tools\/pl\/wp-json\/wp\/v2\/product_cat?post=41755"},{"taxonomy":"product_tag","embeddable":true,"href":"https:\/\/microtech.tools\/pl\/wp-json\/wp\/v2\/product_tag?post=41755"}],"curies":[{"name":"wp","href":"https:\/\/api.w.org\/{rel}","templated":true}]}}