{"id":41836,"date":"2025-07-31T13:01:41","date_gmt":"2025-07-31T10:01:41","guid":{"rendered":"https:\/\/microtech.tools\/?post_type=product&#038;p=41836"},"modified":"2026-04-17T13:37:41","modified_gmt":"2026-04-17T10:37:41","slug":"mikronowa-suwmiarka-glebokosciowa","status":"publish","type":"product","link":"https:\/\/microtech.tools\/pl\/produkt\/mikronowa-suwmiarka-glebokosciowa\/","title":{"rendered":"DataMet Komputerowa mikronowa suwmiarka g\u0142\u0119boko\u015bciowa"},"content":{"rendered":"<p data-path-to-node=\"0\">Komputerowa mikronowa suwmiarka g\u0142\u0119boko\u015bciowa e-Force MICROTECH z kontrol\u0105 si\u0142y docisku 1-20N, bezprzewodowym przesy\u0142em danych oraz wyj\u015bciem USB, dostosowana do standard\u00f3w Przemys\u0142u 4.0.<\/p>\n<p data-path-to-node=\"1\">MICROTECH zaktualizowa\u0142 suwmiarki o elektroniczny modu\u0142 kontroli si\u0142y docisku, co umo\u017cliwia wykonywanie pomiar\u00f3w zawsze z t\u0105 sam\u0105 si\u0142\u0105. Si\u0142\u0119 pomiaru mo\u017cna wybra\u0107 z poziomu menu w zakresie 1-20N. Tryb automatyczny pozwala na zapis w pami\u0119ci lub przes\u0142anie do aplikacji aktualnej warto\u015bci po osi\u0105gni\u0119ciu zadanej si\u0142y (1-20N). Opatentowana technologia e-Force zwi\u0119ksza dok\u0142adno\u015b\u0107 suwmiarki i automatyzuje proces pomiarowy.<\/p>\n<p data-path-to-node=\"2\">Te precyzyjne suwmiarki posiadaj\u0105 zakresy 150, 200, 300 mm (6, 8, 12 cali).<\/p>\n<p data-path-to-node=\"3\">Szwajcarski system odczytowy posiada rozdzielczo\u015b\u0107 0,001 mm.<\/p>\n<p data-path-to-node=\"4\">Komputerowy system pomiarowy MICS suwmiarki posiada nast\u0119puj\u0105ce funkcje:<\/p>\n<ul data-path-to-node=\"5\">\n<li>\n<p data-path-to-node=\"5,0,0\">wewn\u0119trzna pami\u0119\u0107 z trybem statystycznym<\/p>\n<\/li>\n<li>\n<p data-path-to-node=\"5,1,0\">kolorowa indykacja Dobry\/B\u0142\u0105d (limity)<\/p>\n<\/li>\n<li>\n<p data-path-to-node=\"5,2,0\">funkcja Peak (Min\/Max)<\/p>\n<\/li>\n<li>\n<p data-path-to-node=\"5,3,0\">Timer (odczyt do pami\u0119ci lub transfer danych)<\/p>\n<\/li>\n<li>\n<p data-path-to-node=\"5,4,0\">Formu\u0142a &#8211; wska\u017anik obliczeniowy Ax2+Bx+C<\/p>\n<\/li>\n<li>\n<p data-path-to-node=\"5,5,0\">wyb\u00f3r rozdzielczo\u015bci (1 \/ 10 mikron\u00f3w)<\/p>\n<\/li>\n<li>\n<p data-path-to-node=\"5,6,0\">wyb\u00f3r mm\/cale<\/p>\n<\/li>\n<li>\n<p data-path-to-node=\"5,7,0\">kompensacja temperatury<\/p>\n<\/li>\n<li>\n<p data-path-to-node=\"5,8,0\">matematyczna kompensacja b\u0142\u0119du<\/p>\n<\/li>\n<li>\n<p data-path-to-node=\"5,9,0\">bezprzewodowy transfer danych do urz\u0105dze\u0144 Windows, iOS, Android<\/p>\n<\/li>\n<li>\n<p data-path-to-node=\"5,10,0\">transfer danych USB HID do urz\u0105dze\u0144 Windows, MacOS, Linux, Android (tryb klawiatury)<\/p>\n<\/li>\n<li>\n<p data-path-to-node=\"5,11,0\">wbudowany akumulator Li-Pol z \u0142adowark\u0105 magnetyczn\u0105<\/p>\n<\/li>\n<li>\n<p data-path-to-node=\"5,12,0\">kolorowy wy\u015bwietlacz wysokiej rozdzielczo\u015bci 1,54 cala z ekranem dotykowym.<\/p>\n<\/li>\n<\/ul>\n<p data-path-to-node=\"6\">BEZPRZEWODOWA suwmiarka MICROTECH posiada 3 tryby transferu danych:<\/p>\n<ul data-path-to-node=\"7\">\n<li>\n<p data-path-to-node=\"7,0,0\">BEZPRZEWODOWY transfer danych do aplikacji MDS (dost\u0119pne wersje aplikacji dla Windows, Android, iOS, MacOS)<\/p>\n<\/li>\n<li>\n<p data-path-to-node=\"7,1,0\">Tryb BEZPRZEWODOWY HID bezpo\u015brednio do dowolnego urz\u0105dzenia i aplikacji (jako klawiatura)<\/p>\n<\/li>\n<li>\n<p data-path-to-node=\"7,2,0\">Tryb BEZPRZEWODOWY HID+MAC bezpo\u015brednio do dowolnego urz\u0105dzenia i aplikacji (jako klawiatura) z adresem MAC<\/p>\n<\/li>\n<\/ul>\n<p data-path-to-node=\"8\">Suwmiarki MICROTECH przechodz\u0105 kontrol\u0119 metrologiczn\u0105 w akredytowanym laboratorium metrologicznym ISO 17025:2019.<\/p>\n<p data-path-to-node=\"9\">Wszystkie suwmiarki s\u0105 dostarczane z protoko\u0142em wzorcowania, instrukcj\u0105 obs\u0142ugi, magnetycznym kablem do \u0142adowania i plastikowym etui.<\/p>\n","protected":false},"excerpt":{"rendered":"<p data-path-to-node=\"0\">Komputerowa mikronowa suwmiarka g\u0142\u0119boko\u015bciowa e-Force MICROTECH z kontrol\u0105 si\u0142y docisku 1-20N, bezprzewodowym przesy\u0142em danych oraz wyj\u015bciem USB, dostosowana do standard\u00f3w Przemys\u0142u 4.0.<\/p>\n<p data-path-to-node=\"1\">MICROTECH zaktualizowa\u0142 suwmiarki o elektroniczny modu\u0142 kontroli si\u0142y docisku, co umo\u017cliwia wykonywanie pomiar\u00f3w zawsze z t\u0105 sam\u0105 si\u0142\u0105. Si\u0142\u0119 pomiaru mo\u017cna wybra\u0107 z poziomu menu w zakresie 1-20N.<\/p>\n","protected":false},"featured_media":41839,"template":"","meta":{"_acf_changed":false},"product_brand":[6886],"product_cat":[5017,6872],"product_tag":[],"class_list":{"0":"post-41836","1":"product","2":"type-product","3":"status-publish","4":"has-post-thumbnail","6":"product_brand-microtech","7":"product_cat-suwmiarka-glebokosciowa","8":"product_cat-suwmiarki","9":"pa_battery-li_pol","10":"pa_indication-computerized1_54","11":"pa_measrange-1000mm40inch","12":"pa_measrange-150mm6inch","13":"pa_measrange-200-mm-8-inh","14":"pa_measrange-300mm12inch","15":"pa_measrange-500mm20inch","16":"pa_resolution_mm-0_001","18":"first","19":"instock","20":"shipping-taxable","21":"purchasable","22":"product-type-variable"},"acf":[],"_links":{"self":[{"href":"https:\/\/microtech.tools\/pl\/wp-json\/wp\/v2\/product\/41836","targetHints":{"allow":["GET"]}}],"collection":[{"href":"https:\/\/microtech.tools\/pl\/wp-json\/wp\/v2\/product"}],"about":[{"href":"https:\/\/microtech.tools\/pl\/wp-json\/wp\/v2\/types\/product"}],"wp:featuredmedia":[{"embeddable":true,"href":"https:\/\/microtech.tools\/pl\/wp-json\/wp\/v2\/media\/41839"}],"wp:attachment":[{"href":"https:\/\/microtech.tools\/pl\/wp-json\/wp\/v2\/media?parent=41836"}],"wp:term":[{"taxonomy":"product_brand","embeddable":true,"href":"https:\/\/microtech.tools\/pl\/wp-json\/wp\/v2\/product_brand?post=41836"},{"taxonomy":"product_cat","embeddable":true,"href":"https:\/\/microtech.tools\/pl\/wp-json\/wp\/v2\/product_cat?post=41836"},{"taxonomy":"product_tag","embeddable":true,"href":"https:\/\/microtech.tools\/pl\/wp-json\/wp\/v2\/product_tag?post=41836"}],"curies":[{"name":"wp","href":"https:\/\/api.w.org\/{rel}","templated":true}]}}