{"id":42086,"date":"2023-03-13T13:20:34","date_gmt":"2023-03-13T10:20:34","guid":{"rendered":"https:\/\/microtech.tools\/?post_type=product&#038;p=42086"},"modified":"2026-03-19T17:43:42","modified_gmt":"2026-03-19T14:43:42","slug":"datamet-dwuzakresowy-komputerowy-mikrometr-z-nieobrotowym-wrzecionem","status":"publish","type":"product","link":"https:\/\/microtech.tools\/pl\/produkt\/datamet-dwuzakresowy-komputerowy-mikrometr-z-nieobrotowym-wrzecionem\/","title":{"rendered":"DataMet Dwuzakresowy komputerowy mikrometr z nieobrotowym wrzecionem"},"content":{"rendered":"<p><iframe width=\"560\" height=\"315\" src=\"https:\/\/www.youtube.com\/embed\/-z_xjfqSvnU?si=grTIN0LBjuwBxpKc\" title=\"YouTube video player\" frameborder=\"0\" allow=\"accelerometer; autoplay; clipboard-write; encrypted-media; gyroscope; picture-in-picture; web-share\" referrerpolicy=\"strict-origin-when-cross-origin\" allowfullscreen><\/iframe><\/p>\n<p data-path-to-node=\"1\">Produkowany przez MICROTECH dwuzakresowy mikrometr komputerowy z nieobrotowym wrzecionem, dostosowany do wymog\u00f3w Przemys\u0142u 4.0.<\/p>\n<p data-path-to-node=\"2\">Mikrometry tabletowe wykorzystuj\u0105 komputerowy system pomiarowy opracowany i opatentowany przez MICROTECH (Patenty UA126928, UA99686) o rozdzielczo\u015bci 0,5 mikrona i nieobrotowym wrzecionie do pomiaru folii, film\u00f3w i materia\u0142\u00f3w mi\u0119kkich.<\/p>\n<p data-path-to-node=\"3\">Szerokozakresowy mikrometr z nieobrotowym wrzecionem MICROTECH posiada zakres 0-50 mm (0-2 cale), co pokrywa podw\u00f3jny zakres pomiarowy.<\/p>\n<p data-path-to-node=\"4\">Modu\u0142 pomiarowy TABLET mikrometru posiada nast\u0119puj\u0105ce funkcje:<\/p>\n<ul data-path-to-node=\"5\">\n<li>\n<p data-path-to-node=\"5,0,0\">Tryb GRAFICZNY online<\/p>\n<\/li>\n<li>\n<p data-path-to-node=\"5,1,0\">Kolorowa ANALOGOWA skala regulowana<\/p>\n<\/li>\n<li>\n<p data-path-to-node=\"5,2,0\">Po\u0142\u0105czenie HUB (po\u0142\u0105czenie z zewn\u0119trznym bezprzewodowym urz\u0105dzeniem MICROTECH)<\/p>\n<\/li>\n<li>\n<p data-path-to-node=\"5,3,0\">Mo\u017cliwo\u015bci po\u0142\u0105czenia 2D (bezprzewodowe po\u0142\u0105czenie i wskazania urz\u0105dzenia zewn\u0119trznego)<\/p>\n<\/li>\n<li>\n<p data-path-to-node=\"5,4,0\">Po\u0142\u0105czenie sondy PROBE (bezprzewodowe po\u0142\u0105czenie zewn\u0119trznego czujnika lub czujnika d\u017awigniowego) z trybem AUTO<\/p>\n<\/li>\n<li>\n<p data-path-to-node=\"5,5,0\">Wewn\u0119trzna PAMI\u0118\u0106 na 2000 warto\u015bci z systemem folder\u00f3w i statystyk\u0105<\/p>\n<\/li>\n<li>\n<p data-path-to-node=\"5,6,0\">Funkcja LIMIT\u00d3W (Dobry\/Niedobry) z kolorow\u0105 sygnalizacj\u0105<\/p>\n<\/li>\n<li>\n<p data-path-to-node=\"5,7,0\">PEAK (Maks\/min)<\/p>\n<\/li>\n<li>\n<p data-path-to-node=\"5,8,0\">TIMER<\/p>\n<\/li>\n<li>\n<p data-path-to-node=\"5,9,0\">FORMU\u0141A Ax2+Bx+C<\/p>\n<\/li>\n<li>\n<p data-path-to-node=\"5,10,0\">R\u0119czna KOMPENSACJA TEMPERATURY<\/p>\n<\/li>\n<li>\n<p data-path-to-node=\"5,11,0\">Kompensacja LINIOWA<\/p>\n<\/li>\n<li>\n<p data-path-to-node=\"5,12,0\">Wyb\u00f3r ROZDZIELCZO\u015aCI 0,1\/0,01\/0,001\/0,0005 mm, r\u00f3wnie\u017c w calach<\/p>\n<\/li>\n<li>\n<p data-path-to-node=\"5,13,0\">Kontrola daty WZORCOWANIA<\/p>\n<\/li>\n<li>\n<p data-path-to-node=\"5,14,0\">Akumulator Li-Pol z gniazdem micro-USB<\/p>\n<\/li>\n<li>\n<p data-path-to-node=\"5,15,0\">Aktualizacja OPROGRAMOWANIA uk\u0142adowego za pomoc\u0105 kabla USB<\/p>\n<\/li>\n<li>\n<p data-path-to-node=\"5,16,0\">BEZPRZEWODOWA transmisja danych dalekiego zasi\u0119gu do aplikacji MICROTECH MDS dla system\u00f3w Windows, Android, iOS (wersje BEZP\u0141ATNE)<\/p>\n<\/li>\n<li>\n<p data-path-to-node=\"5,17,0\">BEZPRZEWODOWA transmisja danych HID do dowolnego systemu i aplikacji (tryb klawiatury) z mo\u017cliwo\u015bci\u0105 konfiguracji danych<\/p>\n<\/li>\n<li>\n<p data-path-to-node=\"5,18,0\">Opcjonalne wyj\u015bcie danych MODBUS PLC (4-przewodowe, RS-485) z mo\u017cliwo\u015bci\u0105 konfiguracji danych<\/p>\n<\/li>\n<li>\n<p data-path-to-node=\"5,19,0\">Transmisja danych USB HID do dowolnego systemu i aplikacji (tryb klawiatury) z mo\u017cliwo\u015bci\u0105 konfiguracji danych<\/p>\n<\/li>\n<\/ul>\n<p data-path-to-node=\"6\">Wszystkie mikrometry MICROTECH posiadaj\u0105 r\u0119cznie wyka\u0144czane powierzchnie pomiarowe (Ra&lt;0,32) i przechodz\u0105 kontrol\u0119 metrologiczn\u0105 w laboratorium akredytowanym wg ISO 17025 ILAC.<\/p>\n<p data-path-to-node=\"7\">ISTNIEJE MO\u017bLIWO\u015a\u0106 DODANIA DODATKOWYCH FUNKCJI I FORMU\u0141 DO MIKROMETR\u00d3W PRZEMYS\u0141U 4.0 NA \u017bYCZENIE KLIENTA<\/p>\n","protected":false},"excerpt":{"rendered":"<p data-path-to-node=\"1\">Produkowany przez MICROTECH dwuzakresowy mikrometr komputerowy z nieobrotowym wrzecionem, dostosowany do wymog\u00f3w Przemys\u0142u 4.0.<\/p>\n<p data-path-to-node=\"2\">Mikrometry tabletowe wykorzystuj\u0105 komputerowy system pomiarowy opracowany i opatentowany przez MICROTECH (Patenty UA126928, UA99686) o rozdzielczo\u015bci 0,5 mikrona i nieobrotowym wrzecionie do pomiaru folii, film\u00f3w i materia\u0142\u00f3w mi\u0119kkich.<\/p>\n","protected":false},"featured_media":42090,"template":"","meta":{"_acf_changed":false},"product_brand":[6886],"product_cat":[5079,5085],"product_tag":[],"class_list":{"0":"post-42086","1":"product","2":"type-product","3":"status-publish","4":"has-post-thumbnail","6":"product_brand-microtech","7":"product_cat-mikrometr","8":"product_cat-precision-micrometers","9":"pa_battery-li_pol","10":"pa_dataoutput-usbhid","11":"pa_dataoutput-wireless","12":"pa_dataoutput-wirelesshid","13":"pa_indication-computerized2_4","14":"pa_measrange-0_25mm0_1inch","15":"pa_measrange-100-125-mm-4-5-inch","16":"pa_measrange-125-150-mm-5-6-inch","17":"pa_measrange-150-175-mm-6-7-inch","18":"pa_measrange-175-200-mm-7-8-inch","19":"pa_measrange-200-225-mm-8-9-inch","20":"pa_measrange-225-250-mm-9-10-inch","21":"pa_measrange-25_50mm1_2inch","22":"pa_measrange-250-275-mm-10-11-inch","23":"pa_measrange-275-300-mm-11-12-inch","24":"pa_measrange-50_75mm2_3inch","25":"pa_measrange-75_100mm3_4inch","26":"pa_resolution_mm-5912","28":"first","29":"instock","30":"shipping-taxable","31":"purchasable","32":"product-type-variable"},"acf":[],"_links":{"self":[{"href":"https:\/\/microtech.tools\/pl\/wp-json\/wp\/v2\/product\/42086","targetHints":{"allow":["GET"]}}],"collection":[{"href":"https:\/\/microtech.tools\/pl\/wp-json\/wp\/v2\/product"}],"about":[{"href":"https:\/\/microtech.tools\/pl\/wp-json\/wp\/v2\/types\/product"}],"wp:featuredmedia":[{"embeddable":true,"href":"https:\/\/microtech.tools\/pl\/wp-json\/wp\/v2\/media\/42090"}],"wp:attachment":[{"href":"https:\/\/microtech.tools\/pl\/wp-json\/wp\/v2\/media?parent=42086"}],"wp:term":[{"taxonomy":"product_brand","embeddable":true,"href":"https:\/\/microtech.tools\/pl\/wp-json\/wp\/v2\/product_brand?post=42086"},{"taxonomy":"product_cat","embeddable":true,"href":"https:\/\/microtech.tools\/pl\/wp-json\/wp\/v2\/product_cat?post=42086"},{"taxonomy":"product_tag","embeddable":true,"href":"https:\/\/microtech.tools\/pl\/wp-json\/wp\/v2\/product_tag?post=42086"}],"curies":[{"name":"wp","href":"https:\/\/api.w.org\/{rel}","templated":true}]}}