{"id":42230,"date":"2025-09-19T11:39:19","date_gmt":"2025-09-19T08:39:19","guid":{"rendered":"https:\/\/microtech.tools\/?post_type=product&#038;p=42230"},"modified":"2026-05-11T08:43:03","modified_gmt":"2026-05-11T05:43:03","slug":"mikrometr-stolowy-submikronowy","status":"publish","type":"product","link":"https:\/\/microtech.tools\/pl\/produkt\/mikrometr-stolowy-submikronowy\/","title":{"rendered":"Modbus DataMet Laboratoryjny submikronowy mikrometr sto\u0142owy z obrotowym wrzecionem"},"content":{"rendered":"<p data-path-to-node=\"1\">MICROTECH produkuje mikrometr sto\u0142owy submikronowy z modu\u0142em Tablet i Modbus, dostosowane do standard\u00f3w Industry 4.0. Mikrometry z modu\u0142em Tablet wykorzystuj\u0105 komputerowy system pomiarowy opracowany i opatentowany przez firm\u0119 MICROTECH (patenty UA126928, UA99686) o rozdzielczo\u015bci 0,1 mikrona i dok\u0142adno\u015bci do 1 mikrona. Mikrometr laboratoryjny MICROTECH LAB bazuje na solidnej konstrukcji sto\u0142owej z submikronow\u0105 g\u0142owic\u0105 mikrometryczn\u0105 Tablet. Mikrometr laboratoryjny o zakresie pomiarowym 25 i 50 mm lub do 650 mm w wersji z ruchomym kowade\u0142kiem (opatentowany system rolek przesuwnych).<\/p>\n<p data-path-to-node=\"2\">Modu\u0142 pomiarowy TABLET mikrometru laboratoryjnego posiada nast\u0119puj\u0105ce funkcje:<\/p>\n<ul data-path-to-node=\"3\">\n<li>\n<p data-path-to-node=\"3,0,0\">Tryb GRAFICZNY on-line<\/p>\n<\/li>\n<li>\n<p data-path-to-node=\"3,1,0\">Kolorowa, regulowana skala ANALOGOWA<\/p>\n<\/li>\n<li>\n<p data-path-to-node=\"3,2,0\">Po\u0142\u0105czenie HUB (pod\u0142\u0105czenie zewn\u0119trznych urz\u0105dze\u0144 bezprzewodowych MICROTECH)<\/p>\n<\/li>\n<li>\n<p data-path-to-node=\"3,3,0\">Mo\u017cliwo\u015b\u0107 po\u0142\u0105czenia 2D (bezprzewodowe po\u0142\u0105czenie i wskazania z urz\u0105dzenia zewn\u0119trznego)<\/p>\n<\/li>\n<li>\n<p data-path-to-node=\"3,4,0\">Pod\u0142\u0105czenie sondy PROBE (bezprzewodowe po\u0142\u0105czenie czujnika zegarowego lub czujnika d\u017awigniowego) z trybem AUTO<\/p>\n<\/li>\n<li>\n<p data-path-to-node=\"3,5,0\">Wewn\u0119trzna PAMI\u0118\u0106 na 2000 warto\u015bci z systemem folder\u00f3w i statystyk\u0105<\/p>\n<\/li>\n<li>\n<p data-path-to-node=\"3,6,0\">Funkcja LIMIT\u00d3W (Dobry\/Niedobry) z kolorow\u0105 sygnalizacj\u0105<\/p>\n<\/li>\n<li>\n<p data-path-to-node=\"3,7,0\">Funkcja PEAK (Max\/min)<\/p>\n<\/li>\n<li>\n<p data-path-to-node=\"3,8,0\">TIMER<\/p>\n<\/li>\n<li>\n<p data-path-to-node=\"3,9,0\">FORMU\u0141A Ax2+Bx+C<\/p>\n<\/li>\n<li>\n<p data-path-to-node=\"3,10,0\">R\u0119czna KOMPENSACJA TEMPERATURY<\/p>\n<\/li>\n<li>\n<p data-path-to-node=\"3,11,0\">Kompensacja LINIOWA<\/p>\n<\/li>\n<li>\n<p data-path-to-node=\"3,12,0\">Wyb\u00f3r ROZDZIELCZO\u015aCI 0,1\/0,01\/0,001\/0,0001 mm, tak\u017ce w calach<\/p>\n<\/li>\n<li>\n<p data-path-to-node=\"3,13,0\">Kontrola daty WZORCOWANIA<\/p>\n<\/li>\n<li>\n<p data-path-to-node=\"3,14,0\">Akumulator Li-Pol z gniazdem micro-USB<\/p>\n<\/li>\n<li>\n<p data-path-to-node=\"3,15,0\">Aktualizacja OPROGRAMOWANIA uk\u0142adowego przez kabel USB<\/p>\n<\/li>\n<li>\n<p data-path-to-node=\"3,16,0\">BEZPRZEWODOWA transmisja danych dalekiego zasi\u0119gu do aplikacji MICROTECH MDS dla system\u00f3w Windows, Android, iOS (wersje BEZP\u0141ATNE). Pobierz aplikacj\u0119 MICROTECH MDS z linku do aplikacji MDS<\/p>\n<\/li>\n<li>\n<p data-path-to-node=\"3,17,0\">BEZPRZEWODOWA transmisja danych HID do dowolnego systemu i aplikacji (tryb klawiatury) z mo\u017cliwo\u015bci\u0105 konfiguracji danych<\/p>\n<\/li>\n<li>\n<p data-path-to-node=\"3,18,0\">Opcjonalne wyj\u015bcie danych MODBUS PLC (4-przewodowe, RS-485) z mo\u017cliwo\u015bci\u0105 konfiguracji danych<\/p>\n<\/li>\n<li>\n<p data-path-to-node=\"3,19,0\">Transmisja danych USB HID do dowolnego systemu i aplikacji (tryb klawiatury) z mo\u017cliwo\u015bci\u0105 konfiguracji danych<\/p>\n<\/li>\n<\/ul>\n<p data-path-to-node=\"4\">Wszystkie mikrometry MICROTECH posiadaj\u0105 r\u0119cznie docierane powierzchnie pomiarowe (Ra&lt;0,32) i przechodz\u0105 kontrol\u0119 metrologiczn\u0105 w laboratorium akredytowanym zgodnie z norm\u0105 ISO 17025 ILAC.<\/p>\n<p data-path-to-node=\"5\">NA \u017bYCZENIE KLIENTA MO\u017bLIWE JEST DODANIE DODATKOWYCH FUNKCJI I FORMU\u0141 DO MIKROMETR\u00d3W ZGODNYCH Z INDUSTRY 4.0.<\/p>\n","protected":false},"excerpt":{"rendered":"<p>MICROTECH produkuje mikrometr sto\u0142owy submikronowy z modu\u0142em Tablet i Modbus, dostosowane do standard\u00f3w Industry 4.0. Mikrometry z modu\u0142em Tablet wykorzystuj\u0105 komputerowy system pomiarowy opracowany i opatentowany przez firm\u0119 MICROTECH (patenty UA126928, UA99686) o rozdzielczo\u015bci 0,1 mikrona i dok\u0142adno\u015bci do 1 mikrona.<\/p>\n","protected":false},"featured_media":42231,"template":"","meta":{"_acf_changed":false},"product_brand":[6886],"product_cat":[5085],"product_tag":[],"class_list":{"0":"post-42230","1":"product","2":"type-product","3":"status-publish","4":"has-post-thumbnail","6":"product_brand-microtech","7":"product_cat-precision-micrometers","8":"pa_battery-li_pol","9":"pa_calibration-iso17025","10":"pa_dataoutput-usbhid","11":"pa_dataoutput-wireless","12":"pa_dataoutput-wirelesshid","13":"pa_indication-computerized2_4","14":"pa_measrange-0_25mm0_1inch","15":"pa_measrange-0-50-mm","16":"pa_resolution_mm-5912","18":"first","19":"instock","20":"shipping-taxable","21":"purchasable","22":"product-type-variable"},"acf":[],"_links":{"self":[{"href":"https:\/\/microtech.tools\/pl\/wp-json\/wp\/v2\/product\/42230","targetHints":{"allow":["GET"]}}],"collection":[{"href":"https:\/\/microtech.tools\/pl\/wp-json\/wp\/v2\/product"}],"about":[{"href":"https:\/\/microtech.tools\/pl\/wp-json\/wp\/v2\/types\/product"}],"wp:featuredmedia":[{"embeddable":true,"href":"https:\/\/microtech.tools\/pl\/wp-json\/wp\/v2\/media\/42231"}],"wp:attachment":[{"href":"https:\/\/microtech.tools\/pl\/wp-json\/wp\/v2\/media?parent=42230"}],"wp:term":[{"taxonomy":"product_brand","embeddable":true,"href":"https:\/\/microtech.tools\/pl\/wp-json\/wp\/v2\/product_brand?post=42230"},{"taxonomy":"product_cat","embeddable":true,"href":"https:\/\/microtech.tools\/pl\/wp-json\/wp\/v2\/product_cat?post=42230"},{"taxonomy":"product_tag","embeddable":true,"href":"https:\/\/microtech.tools\/pl\/wp-json\/wp\/v2\/product_tag?post=42230"}],"curies":[{"name":"wp","href":"https:\/\/api.w.org\/{rel}","templated":true}]}}