{"id":42376,"date":"2023-03-06T13:41:48","date_gmt":"2023-03-06T10:41:48","guid":{"rendered":"https:\/\/microtech.tools\/?post_type=product&#038;p=42376"},"modified":"2026-05-11T09:57:04","modified_gmt":"2026-05-11T06:57:04","slug":"modulowy-mikrometr-komputerowy-datamet","status":"publish","type":"product","link":"https:\/\/microtech.tools\/pl\/produkt\/modulowy-mikrometr-komputerowy-datamet\/","title":{"rendered":"DataMet Modu\u0142owy mikrometr komputerowy bezprzewodowy"},"content":{"rendered":"<p data-path-to-node=\"0\">Modu\u0142owy mikrometr komputerowy bezprzewodowy zosta\u0142 opracowany przez firm\u0119 MICROTECH.<\/p>\n<p data-path-to-node=\"1\">Dost\u0119pne zakresy 1000, 1500, 2000, 3000, 4000, 5000, 6000, 8000, 9000, 10000 mm (40, 60, 80, 120, 160, 200, 240, 280, 300, 320, 360, 400 cali), a zakresy specjalne mog\u0105 by\u0107 wykonane na zam\u00f3wienie.<\/p>\n<p data-path-to-node=\"2\">W modu\u0142owych mikrometrach o du\u017cym zakresie stosowana jest komputerowa g\u0142owica mikrometryczna o zakresie 50 mm oraz pier\u015bcienie ustawcze. Takie mikrometry mog\u0105 mierzy\u0107 detale w zakresach 500 lub 1000 mm zgodnie z zakresem og\u00f3lnym.<\/p>\n<p data-path-to-node=\"3\">Te du\u017ce mikrometry sk\u0142adaj\u0105 si\u0119 z modu\u0142\u00f3w u\u0142atwiaj\u0105cych transport i mog\u0105 by\u0107 \u0142atwo zmontowane w ci\u0105gu 10-20 minut.<\/p>\n<p data-path-to-node=\"4\">G\u0142\u00f3wn\u0105 zalet\u0105 tego precyzyjnego mikrometru jest zastosowanie komputerowego systemu pomiarowego od MICROTECH.<\/p>\n<p data-path-to-node=\"5\">Daje to mo\u017cliwo\u015b\u0107 uzyskania rozdzielczo\u015bci 0,1 mikrona i wy\u017cszej dok\u0142adno\u015bci ni\u017c w mikrometrach konkurencji.<\/p>\n<p data-path-to-node=\"6\">Ponadto komputerowy modu\u0142 pomiarowy mikrometru wyposa\u017cony jest w pami\u0119\u0107 wewn\u0119trzn\u0105, funkcje Dobry\/Odrzut z kolorow\u0105 indykacj\u0105, Max\/min, funkcj\u0119 formu\u0142y, r\u0119czn\u0105 kompensacj\u0119 temperatury i b\u0142\u0119d\u00f3w.<\/p>\n<p data-path-to-node=\"7\">Kolorowy wy\u015bwietlacz i ekran dotykowy zapewniaj\u0105 wysok\u0105 u\u017cyteczno\u015b\u0107 mikrometru submikronowego.<\/p>\n<p data-path-to-node=\"8\">Nie ma potrzeby wydawania dodatkowych pieni\u0119dzy na baterie dzi\u0119ki wbudowanemu akumulatorowi Li-pol.<\/p>\n<p data-path-to-node=\"9\">Wbudowany modu\u0142 bezprzewodowego przesy\u0142ania danych umo\u017cliwia przesy\u0142anie danych pomiarowych i danych z pami\u0119ci do oprogramowania MICROTECH MDS. Dost\u0119pne s\u0105 wersje oprogramowania dla urz\u0105dze\u0144 z systemami Windows, Android, iOS.<\/p>\n<p data-path-to-node=\"10\">Mo\u017cliwe jest r\u00f3wnie\u017c wykorzystanie gniazda USB w komputerowym przyrz\u0105dzie MICROTECH do przesy\u0142ania danych bezpo\u015brednio do aplikacji Windows za pomoc\u0105 kabla z zestawu.<\/p>\n<p data-path-to-node=\"11\">Wszystkie mikrometry o du\u017cym zakresie przechodz\u0105 kontrol\u0119 metrologiczn\u0105 w akredytowanym laboratorium ISO 17025 z certyfikatem wzorcowania.<\/p>\n<p data-path-to-node=\"12\">Mikrometr modu\u0142owy jest montowany z oddzielnych modu\u0142\u00f3w, kt\u00f3rych d\u0142ugo\u015b\u0107 dobierana jest pod k\u0105tem \u0142atwo\u015bci transportu (maks. rozmiar 2100 mm):<\/p>\n<ul data-path-to-node=\"13\">\n<li>\n<p data-path-to-node=\"13,0,0\">Dla mikrometru o zakresie 3000 mm wystarcz\u0105 3 modu\u0142y;<\/p>\n<\/li>\n<li>\n<p data-path-to-node=\"13,1,0\">Dla mikrometru o zakresie 10000 mm zalecanych jest 10 modu\u0142\u00f3w.<\/p>\n<\/li>\n<\/ul>\n<p data-path-to-node=\"14\">Elementy (modu\u0142y) s\u0105 mocowane ze sob\u0105 za pomoc\u0105 2 (dw\u00f3ch) ko\u0142nierzy, z kt\u00f3rych ka\u017cdy posiada 4 (cztery) \u015bruby z nakr\u0119tkami szybkomocuj\u0105cymi.<\/p>\n<p data-path-to-node=\"15\">Po\u0142\u0105czenie \u015bruba-nakr\u0119tka zajmuje oko\u0142o 1 (jednej) minuty, wi\u0119c ca\u0142kowity czas monta\u017cu mikrometru modu\u0142owego wynosi:<\/p>\n<ul data-path-to-node=\"16\">\n<li>\n<p data-path-to-node=\"16,0,0\">Dla zakresu 3000 mm oko\u0142o 16-20 minut;<\/p>\n<\/li>\n<li>\n<p data-path-to-node=\"16,1,0\">Dla zakresu 4000 mm oko\u0142o 25-30 minut;<\/p>\n<\/li>\n<li>\n<p data-path-to-node=\"16,2,0\">Dla zakresu 5000 mm oko\u0142o 40-50 minut;<\/p>\n<\/li>\n<li>\n<p data-path-to-node=\"16,3,0\">Dla zakresu 6000 mm oko\u0142o 50-60 minut.<\/p>\n<\/li>\n<li>\n<p data-path-to-node=\"16,4,0\">Patent UA 99688, UA103981, UA126926, UA108044, UA112291, UA116231 wydany przez MICROTECH<\/p>\n<\/li>\n<li>\n<p data-path-to-node=\"16,5,0\">Wbudowany mikrokomputer z kolorowym wy\u015bwietlaczem dotykowym 1,5 cala<\/p>\n<\/li>\n<li>\n<p data-path-to-node=\"16,6,0\">Matematyczna kompensacja b\u0142\u0119d\u00f3w<\/p>\n<\/li>\n<li>\n<p data-path-to-node=\"16,7,0\">Kompensacja temperaturowa detali z materia\u0142\u00f3w: Aluminium, \u017belazo, Mied\u017a, Szk\u0142o w zakresie 0-50 stopni C (czujnik wewn\u0119trzny)<\/p>\n<\/li>\n<li>\n<p data-path-to-node=\"16,8,0\">Zaawansowane funkcje (TOL, MAX\/MIN, RANGE, DATA, ZERO itp.)<\/p>\n<\/li>\n<li>\n<p data-path-to-node=\"16,9,0\">Wbudowana bezprzewodowa transmisja danych Low Energy do urz\u0105dze\u0144 Windows, Android, iOS na odleg\u0142o\u015b\u0107 do 10 m<\/p>\n<\/li>\n<li>\n<p data-path-to-node=\"16,10,0\">Po\u0142\u0105czenie USB z komputerem PC Windows w trybie klawiatury lub normalnym (kabel w zestawie)<\/p>\n<\/li>\n<li>\n<p data-path-to-node=\"16,11,0\">Wbudowany akumulator Li-Pol<\/p>\n<\/li>\n<li>\n<p data-path-to-node=\"16,12,0\">Oprogramowanie SPC dla urz\u0105dze\u0144 Windows, Android, iOS ZA DARMO<\/p>\n<\/li>\n<li>\n<p data-path-to-node=\"16,13,0\">100% kontrola metrologiczna w akredytowanym laboratorium zgodnie z ISO17025 (Ilac MRA)<\/p>\n<\/li>\n<\/ul>\n","protected":false},"excerpt":{"rendered":"<p data-path-to-node=\"0\">Modu\u0142owy mikrometr komputerowy bezprzewodowy zosta\u0142 opracowany przez firm\u0119 MICROTECH.<\/p>\n<p data-path-to-node=\"1\">Dost\u0119pne zakresy 1000, 1500, 2000, 3000, 4000, 5000, 6000, 8000, 9000, 10000 mm (40, 60, 80, 120, 160, 200, 240, 280, 300, 320, 360, 400 cali), a zakresy specjalne mog\u0105 by\u0107 wykonane na zam\u00f3wienie.<\/p>\n","protected":false},"featured_media":42383,"template":"","meta":{"_acf_changed":false},"product_brand":[6886],"product_cat":[5079,5117],"product_tag":[],"class_list":{"0":"post-42376","1":"product","2":"type-product","3":"status-publish","4":"has-post-thumbnail","6":"product_brand-microtech","7":"product_cat-mikrometr","8":"product_cat-mikrometry-duzego-zakresu","9":"pa_battery-li_pol","10":"pa_dataoutput-usbhid","11":"pa_dataoutput-wireless","12":"pa_dataoutput-wirelesshid","13":"pa_indication-computerized2_4","14":"pa_measrange-1000-1500-mm-40-60-inch","15":"pa_measrange-1500-2000-mm-60-80-inch","16":"pa_measrange-2000-3000-mm-80-120-inch","17":"pa_measrange-3000-4000-mm-120-160-inch","18":"pa_measrange-4000-5000-mm-160-200-inch","19":"pa_measrange-5000-6000-mm-200-240-inch","20":"pa_measrange-6000-7000-mm-240-280-inch","21":"pa_measrange-7000-8000-mm-280-320-inch","22":"pa_measrange-8000-9000-mm-320-360-inch","23":"pa_measrange-9000-10000-mm-360-400-inch","24":"pa_resolution_mm-5912","26":"first","27":"instock","28":"shipping-taxable","29":"purchasable","30":"product-type-variable"},"acf":[],"_links":{"self":[{"href":"https:\/\/microtech.tools\/pl\/wp-json\/wp\/v2\/product\/42376","targetHints":{"allow":["GET"]}}],"collection":[{"href":"https:\/\/microtech.tools\/pl\/wp-json\/wp\/v2\/product"}],"about":[{"href":"https:\/\/microtech.tools\/pl\/wp-json\/wp\/v2\/types\/product"}],"wp:featuredmedia":[{"embeddable":true,"href":"https:\/\/microtech.tools\/pl\/wp-json\/wp\/v2\/media\/42383"}],"wp:attachment":[{"href":"https:\/\/microtech.tools\/pl\/wp-json\/wp\/v2\/media?parent=42376"}],"wp:term":[{"taxonomy":"product_brand","embeddable":true,"href":"https:\/\/microtech.tools\/pl\/wp-json\/wp\/v2\/product_brand?post=42376"},{"taxonomy":"product_cat","embeddable":true,"href":"https:\/\/microtech.tools\/pl\/wp-json\/wp\/v2\/product_cat?post=42376"},{"taxonomy":"product_tag","embeddable":true,"href":"https:\/\/microtech.tools\/pl\/wp-json\/wp\/v2\/product_tag?post=42376"}],"curies":[{"name":"wp","href":"https:\/\/api.w.org\/{rel}","templated":true}]}}