{"id":42496,"date":"2023-03-06T13:54:22","date_gmt":"2023-03-06T13:54:22","guid":{"rendered":"https:\/\/microtech.tools\/?post_type=product&#038;p=42496"},"modified":"2026-03-19T17:44:21","modified_gmt":"2026-03-19T14:44:21","slug":"certimet-cyfrowe-mikrometry-o-szerokim-zakresie","status":"publish","type":"product","link":"https:\/\/microtech.tools\/pl\/produkt\/certimet-cyfrowe-mikrometry-o-szerokim-zakresie\/","title":{"rendered":"CertiMet Cyfrowe mikrometry o szerokim zakresie"},"content":{"rendered":"<p data-path-to-node=\"1\">Cyfrowy mikrometr o szerokim zakresie MICROTECH z klas\u0105 wodoszczelno\u015bci IP65 posiada g\u0142owic\u0119 mikrometryczn\u0105 ze sprz\u0119g\u0142em ciernym dla u\u0142atwienia obs\u0142ugi. Posiada zakresy pomiarowe 400 500 600 700 800 900 1000 1200 1400 1600 1800 2000 2200 2400 2600 2800 3000 mm.<\/p>\n<p data-path-to-node=\"2\">MICROTECH stosuje w tym mikrometrze modu\u0142 elektroniczny o rozdzielczo\u015bci mikronowej (0,001 mm) w wysokiej jako\u015bci aluminiowej obudowie o stopniu ochrony IP65. Elektronika posiada funkcj\u0119 konwersji mm\/cale oraz funkcj\u0119 zatrzymania wyniku (hold). G\u0142owica mikrometryczna, powierzchnie pomiarowe oraz wzorce nastawcze s\u0105 wyka\u0144czane r\u0119cznie. Wszystkie elektroniczne mikrometry o szerokim zakresie s\u0105 wyposa\u017cone we wzorzec nastawczy i zapakowane w drewnian\u0105 skrzynk\u0119. Istnieje mo\u017cliwo\u015b\u0107 wykonania specjalnych zakres\u00f3w i konfiguracji przyrz\u0105du na \u017cyczenie klienta.<\/p>\n<p data-path-to-node=\"2\">Wszystkie mikrometry MICROTECH przechodz\u0105 kontrol\u0119 metrologiczn\u0105 w akredytowanym laboratorium ISO 17025 (Ilac) z protoko\u0142em wzorcowania.<\/p>\n","protected":false},"excerpt":{"rendered":"<p>Cyfrowy mikrometr o szerokim zakresie MICROTECH z klas\u0105 wodoszczelno\u015bci IP65 posiada g\u0142owic\u0119 mikrometryczn\u0105 ze sprz\u0119g\u0142em ciernym dla u\u0142atwienia obs\u0142ugi. Posiada zakresy pomiarowe 400 500 600 700 800 900 1000 1200 1400 1600 1800 2000 2200 2400 2600 2800 3000 mm.<\/p>\n","protected":false},"featured_media":50118,"template":"","meta":{"_acf_changed":false},"product_brand":[6886],"product_cat":[5079,5117],"product_tag":[],"class_list":{"0":"post-42496","1":"product","2":"type-product","3":"status-publish","4":"has-post-thumbnail","6":"product_brand-microtech","7":"product_cat-mikrometr","8":"product_cat-mikrometry-duzego-zakresu","9":"pa_battery-cr2032","10":"pa_indication-digital","11":"pa_measrange-1000-1200-mm-40-48-inch","12":"pa_measrange-1200-1400-mm-48-55-inch","13":"pa_measrange-1400-1600-mm-55-63-inch","14":"pa_measrange-1600-1800-mm-63-71-inch","15":"pa_measrange-1800-2000-mm-72-80-inch","16":"pa_measrange-2000-2200-mm-80-88-inch","17":"pa_measrange-2200-2400-mm-88-96-inch","18":"pa_measrange-2400-2600-mm-96-104-inch","19":"pa_measrange-2600-2800-mm-104-112-inch","20":"pa_measrange-2800-3000-mm-112-120-inch","21":"pa_measrange-300-400-mm-12-16-inch","22":"pa_measrange-400-500-mm-16-20-inch","23":"pa_measrange-500-600-mm-20-24-inch","24":"pa_measrange-600-700-mm-24-28-inch","25":"pa_measrange-700-800-mm-28-32-inch","26":"pa_measrange-800-900-mm-32-36-inch","27":"pa_measrange-900-1000-mm-36-40-inch","28":"pa_resolution_mm-5920","30":"first","31":"instock","32":"shipping-taxable","33":"purchasable","34":"product-type-variable"},"acf":[],"_links":{"self":[{"href":"https:\/\/microtech.tools\/pl\/wp-json\/wp\/v2\/product\/42496","targetHints":{"allow":["GET"]}}],"collection":[{"href":"https:\/\/microtech.tools\/pl\/wp-json\/wp\/v2\/product"}],"about":[{"href":"https:\/\/microtech.tools\/pl\/wp-json\/wp\/v2\/types\/product"}],"wp:featuredmedia":[{"embeddable":true,"href":"https:\/\/microtech.tools\/pl\/wp-json\/wp\/v2\/media\/50118"}],"wp:attachment":[{"href":"https:\/\/microtech.tools\/pl\/wp-json\/wp\/v2\/media?parent=42496"}],"wp:term":[{"taxonomy":"product_brand","embeddable":true,"href":"https:\/\/microtech.tools\/pl\/wp-json\/wp\/v2\/product_brand?post=42496"},{"taxonomy":"product_cat","embeddable":true,"href":"https:\/\/microtech.tools\/pl\/wp-json\/wp\/v2\/product_cat?post=42496"},{"taxonomy":"product_tag","embeddable":true,"href":"https:\/\/microtech.tools\/pl\/wp-json\/wp\/v2\/product_tag?post=42496"}],"curies":[{"name":"wp","href":"https:\/\/api.w.org\/{rel}","templated":true}]}}