{"id":42598,"date":"2023-03-13T13:24:58","date_gmt":"2023-03-13T10:24:58","guid":{"rendered":"https:\/\/microtech.tools\/?post_type=product&#038;p=42598"},"modified":"2026-03-19T17:43:31","modified_gmt":"2026-03-19T14:43:31","slug":"datamet-uniwersalny-mikrometr-komputerowy-przemysl-4-0","status":"publish","type":"product","link":"https:\/\/microtech.tools\/pl\/produkt\/datamet-uniwersalny-mikrometr-komputerowy-przemysl-4-0\/","title":{"rendered":"DataMet Uniwersalny mikrometr komputerowy Przemys\u0142 4.0"},"content":{"rendered":"<p data-path-to-node=\"1\">Submikronowy uniwersalny mikrometr komputerowy bezprzewodowy MICROTECH z bezprzewodow\u0105 i USB transmisj\u0105 danych, dostosowany do standard\u00f3w Przemys\u0142u 4.0.<\/p>\n<p data-path-to-node=\"2\">Mikrometr uniwersalny wyposa\u017cony w 7 par wymiennych ko\u0144c\u00f3wek pomiarowych: p\u0142askie, sferyczne, talerzykowe, no\u017cowe, punktowe, wpustowe, kraw\u0119dziowe.<\/p>\n<p data-path-to-node=\"3\">Submikronowy mikrometr MICROTECH posiada sprz\u0119g\u0142o cierne z nieobrotowym wrzecionem.<\/p>\n<p data-path-to-node=\"4\">Komputerowy system pomiarowy MICS mikrometru posiada nast\u0119puj\u0105ce funkcje:<\/p>\n<ul data-path-to-node=\"5\">\n<li>\n<p data-path-to-node=\"5,0,0\">Wewn\u0119trzna pami\u0119\u0107 z trybem statystycznym<\/p>\n<\/li>\n<li>\n<p data-path-to-node=\"5,1,0\">Kolorowa sygnalizacja Tolerancji (Dobry\/Odrzucony)<\/p>\n<\/li>\n<li>\n<p data-path-to-node=\"5,2,0\">Funkcja Peak (Min\/Max)<\/p>\n<\/li>\n<li>\n<p data-path-to-node=\"5,3,0\">Timer (zapis do pami\u0119ci lub transfer danych)<\/p>\n<\/li>\n<li>\n<p data-path-to-node=\"5,4,0\">Formu\u0142a &#8211; wska\u017anik obliczeniowy Ax2+Bx+C<\/p>\n<\/li>\n<li>\n<p data-path-to-node=\"5,5,0\">Wyb\u00f3r rozdzielczo\u015bci (0,1 \/ 1 \/ 10 mikron\u00f3w)<\/p>\n<\/li>\n<li>\n<p data-path-to-node=\"5,6,0\">Wyb\u00f3r mm\/cale<\/p>\n<\/li>\n<li>\n<p data-path-to-node=\"5,7,0\">Kompensacja temperaturowa<\/p>\n<\/li>\n<li>\n<p data-path-to-node=\"5,8,0\">Matematyczna kompensacja b\u0142\u0119d\u00f3w<\/p>\n<\/li>\n<li>\n<p data-path-to-node=\"5,9,0\">Bezprzewodowy transfer danych do urz\u0105dze\u0144 z systemami Windows, iOS, Android<\/p>\n<\/li>\n<li>\n<p data-path-to-node=\"5,10,0\">Transfer danych USB HID do urz\u0105dze\u0144 z systemami Windows, MacOS, Linux, Android (tryb klawiatury)<\/p>\n<\/li>\n<li>\n<p data-path-to-node=\"5,11,0\">Wbudowany akumulator Li-Pol z \u0142adowark\u0105 magnetyczn\u0105<\/p>\n<\/li>\n<li>\n<p data-path-to-node=\"5,12,0\">Kolorowy wy\u015bwietlacz wysokiej rozdzielczo\u015bci 2,4 cala z ekranem dotykowym<\/p>\n<\/li>\n<\/ul>\n<p data-path-to-node=\"6\">Mikrometry MICROTECH przechodz\u0105 kontrol\u0119 metrologiczn\u0105 w akredytowanym laboratorium metrologicznym ISO 17025:2019.<\/p>\n<p data-path-to-node=\"7\">Wszystkie mikrometry s\u0105 dostarczane z protoko\u0142em kalibracji, instrukcj\u0105 obs\u0142ugi, magnetycznym kablem do \u0142adowania i plastikowym etui.<\/p>\n","protected":false},"excerpt":{"rendered":"<p data-path-to-node=\"1\">Submikronowy uniwersalny mikrometr komputerowy bezprzewodowy MICROTECH z bezprzewodow\u0105 i USB transmisj\u0105 danych, dostosowany do standard\u00f3w Przemys\u0142u 4.0.<\/p>\n<p data-path-to-node=\"2\">Mikrometr uniwersalny wyposa\u017cony w 7 par wymiennych ko\u0144c\u00f3wek pomiarowych: p\u0142askie, sferyczne, talerzykowe, no\u017cowe, punktowe, wpustowe, kraw\u0119dziowe.<\/p>\n","protected":false},"featured_media":42607,"template":"","meta":{"_acf_changed":false},"product_brand":[6886],"product_cat":[5079,5115],"product_tag":[],"class_list":{"0":"post-42598","1":"product","2":"type-product","3":"status-publish","4":"has-post-thumbnail","6":"product_brand-microtech","7":"product_cat-mikrometr","8":"product_cat-mikrometr-uniwersalny","9":"pa_battery-li_pol","10":"pa_dataoutput-usbhid","11":"pa_dataoutput-wireless","12":"pa_dataoutput-wirelesshid","13":"pa_indication-computerized2_4","14":"pa_measrange-0_25mm0_1inch","15":"pa_measrange-100-125-mm-4-5-inch","16":"pa_measrange-125-150-mm-5-6-inch","17":"pa_measrange-150-175-mm-6-7-inch","18":"pa_measrange-175-200-mm-7-8-inch","19":"pa_measrange-25_50mm1_2inch","20":"pa_measrange-50_75mm2_3inch","21":"pa_measrange-75_100mm3_4inch","22":"pa_resolution_mm-5912","24":"first","25":"instock","26":"shipping-taxable","27":"purchasable","28":"product-type-variable"},"acf":[],"_links":{"self":[{"href":"https:\/\/microtech.tools\/pl\/wp-json\/wp\/v2\/product\/42598","targetHints":{"allow":["GET"]}}],"collection":[{"href":"https:\/\/microtech.tools\/pl\/wp-json\/wp\/v2\/product"}],"about":[{"href":"https:\/\/microtech.tools\/pl\/wp-json\/wp\/v2\/types\/product"}],"wp:featuredmedia":[{"embeddable":true,"href":"https:\/\/microtech.tools\/pl\/wp-json\/wp\/v2\/media\/42607"}],"wp:attachment":[{"href":"https:\/\/microtech.tools\/pl\/wp-json\/wp\/v2\/media?parent=42598"}],"wp:term":[{"taxonomy":"product_brand","embeddable":true,"href":"https:\/\/microtech.tools\/pl\/wp-json\/wp\/v2\/product_brand?post=42598"},{"taxonomy":"product_cat","embeddable":true,"href":"https:\/\/microtech.tools\/pl\/wp-json\/wp\/v2\/product_cat?post=42598"},{"taxonomy":"product_tag","embeddable":true,"href":"https:\/\/microtech.tools\/pl\/wp-json\/wp\/v2\/product_tag?post=42598"}],"curies":[{"name":"wp","href":"https:\/\/api.w.org\/{rel}","templated":true}]}}