{"id":42921,"date":"2023-03-13T13:24:14","date_gmt":"2023-03-13T10:24:14","guid":{"rendered":"https:\/\/microtech.tools\/?post_type=product&#038;p=42921"},"modified":"2026-03-19T17:43:41","modified_gmt":"2026-03-19T14:43:41","slug":"komputerowy-mikrometr-nozowy-datamet","status":"publish","type":"product","link":"https:\/\/microtech.tools\/pl\/produkt\/komputerowy-mikrometr-nozowy-datamet\/","title":{"rendered":"Komputerowy mikrometr no\u017cowy DataMet"},"content":{"rendered":"<p data-path-to-node=\"0\">Komputerowy mikrometr no\u017cowy MICROTECH z wodoodporno\u015bci\u0105 IP65 posiada b\u0119ben ze sprz\u0119g\u0142em ciernym dla \u0142atwej obs\u0142ugi. Posiada zakresy pomiarowe 25, 50, 75, 100 mm.<\/p>\n<p data-path-to-node=\"1\">MICROTECH zastosowa\u0142 w tym mikrometrze no\u017cowym uk\u0142ad elektroniczny o rozdzielczo\u015bci mikronowej w wysokiej jako\u015bci aluminiowej obudowie ze stopniem ochrony IP65.<\/p>\n<p data-path-to-node=\"2\">Wszystkie mikrometry MICROTECH przechodz\u0105 kontrol\u0119 metrologiczn\u0105 w laboratorium akredytowanym ISO 17025 (Ilac) wraz z protoko\u0142em wzorcowania.<\/p>\n","protected":false},"excerpt":{"rendered":"<p>Komputerowy mikrometr no\u017cowy MICROTECH z wodoodporno\u015bci\u0105 IP65 posiada b\u0119ben ze sprz\u0119g\u0142em ciernym dla \u0142atwej obs\u0142ugi. Posiada zakresy pomiarowe 25, 50, 75, 100 mm.<\/p>\n","protected":false},"featured_media":42924,"template":"","meta":{"_acf_changed":false},"product_brand":[6886],"product_cat":[5079,5081],"product_tag":[],"class_list":{"0":"post-42921","1":"product","2":"type-product","3":"status-publish","4":"has-post-thumbnail","6":"product_brand-microtech","7":"product_cat-mikrometr","8":"product_cat-mikrometr-z-ostrzami","9":"pa_battery-li_pol","10":"pa_dataoutput-usbhid","11":"pa_dataoutput-wireless","12":"pa_dataoutput-wirelesshid","13":"pa_indication-computerized2_4","14":"pa_measrange-0_25mm0_1inch","15":"pa_measrange-25_50mm1_2inch","16":"pa_measrange-50_75mm2_3inch","17":"pa_measrange-75_100mm3_4inch","18":"pa_resolution_mm-5912","20":"first","21":"instock","22":"shipping-taxable","23":"purchasable","24":"product-type-variable"},"acf":[],"_links":{"self":[{"href":"https:\/\/microtech.tools\/pl\/wp-json\/wp\/v2\/product\/42921","targetHints":{"allow":["GET"]}}],"collection":[{"href":"https:\/\/microtech.tools\/pl\/wp-json\/wp\/v2\/product"}],"about":[{"href":"https:\/\/microtech.tools\/pl\/wp-json\/wp\/v2\/types\/product"}],"wp:featuredmedia":[{"embeddable":true,"href":"https:\/\/microtech.tools\/pl\/wp-json\/wp\/v2\/media\/42924"}],"wp:attachment":[{"href":"https:\/\/microtech.tools\/pl\/wp-json\/wp\/v2\/media?parent=42921"}],"wp:term":[{"taxonomy":"product_brand","embeddable":true,"href":"https:\/\/microtech.tools\/pl\/wp-json\/wp\/v2\/product_brand?post=42921"},{"taxonomy":"product_cat","embeddable":true,"href":"https:\/\/microtech.tools\/pl\/wp-json\/wp\/v2\/product_cat?post=42921"},{"taxonomy":"product_tag","embeddable":true,"href":"https:\/\/microtech.tools\/pl\/wp-json\/wp\/v2\/product_tag?post=42921"}],"curies":[{"name":"wp","href":"https:\/\/api.w.org\/{rel}","templated":true}]}}