{"id":42938,"date":"2023-03-13T13:24:16","date_gmt":"2023-03-13T10:24:16","guid":{"rendered":"https:\/\/microtech.tools\/?post_type=product&#038;p=42938"},"modified":"2026-03-19T17:43:41","modified_gmt":"2026-03-19T14:43:41","slug":"cyfrowy-mikrometr-nozowy-certimet-ip65","status":"publish","type":"product","link":"https:\/\/microtech.tools\/pl\/produkt\/cyfrowy-mikrometr-nozowy-certimet-ip65\/","title":{"rendered":"Cyfrowy mikrometr no\u017cowy CertiMet IP65"},"content":{"rendered":"<p>Cyfrowy mikrometr no\u017cowy MICROTECH z wodoodporno\u015bci\u0105 IP65 posiada g\u0142owic\u0119 mikrometryczn\u0105 ze sprz\u0119g\u0142em ciernym u\u0142atwiaj\u0105cym obs\u0142ug\u0119. Posiada zakresy pomiarowe 25, 50, 75, 100 mm. MICROTECH stosuje w tym mikrometrze no\u017cowym uk\u0142ad elektroniczny o rozdzielczo\u015bci 0,001 mm w wysokiej jako\u015bci aluminiowej obudowie ze stopniem ochrony IP65.<\/p>\n<p>Wszystkie mikrometry MICROTECH przechodz\u0105 kontrol\u0119 metrologiczn\u0105 w laboratorium akredytowanym ISO 17025 (Ilac) z protoko\u0142em wzorcowania.<\/p>\n","protected":false},"excerpt":{"rendered":"<p>Cyfrowy mikrometr no\u017cowy MICROTECH z wodoodporno\u015bci\u0105 IP65 posiada g\u0142owic\u0119 mikrometryczn\u0105 ze sprz\u0119g\u0142em ciernym u\u0142atwiaj\u0105cym obs\u0142ug\u0119. Posiada zakresy pomiarowe 25, 50, 75, 100 mm.<\/p>\n","protected":false},"featured_media":42940,"template":"","meta":{"_acf_changed":false},"product_brand":[6886],"product_cat":[5079,5081],"product_tag":[],"class_list":{"0":"post-42938","1":"product","2":"type-product","3":"status-publish","4":"has-post-thumbnail","6":"product_brand-microtech","7":"product_cat-mikrometr","8":"product_cat-mikrometr-z-ostrzami","9":"pa_battery-cr2032","10":"pa_indication-digital","11":"pa_measrange-0_25mm0_1inch","12":"pa_measrange-25_50mm1_2inch","13":"pa_measrange-50_75mm2_3inch","14":"pa_measrange-75_100mm3_4inch","15":"pa_resolution_mm-5920","17":"first","18":"instock","19":"shipping-taxable","20":"purchasable","21":"product-type-variable"},"acf":[],"_links":{"self":[{"href":"https:\/\/microtech.tools\/pl\/wp-json\/wp\/v2\/product\/42938","targetHints":{"allow":["GET"]}}],"collection":[{"href":"https:\/\/microtech.tools\/pl\/wp-json\/wp\/v2\/product"}],"about":[{"href":"https:\/\/microtech.tools\/pl\/wp-json\/wp\/v2\/types\/product"}],"wp:featuredmedia":[{"embeddable":true,"href":"https:\/\/microtech.tools\/pl\/wp-json\/wp\/v2\/media\/42940"}],"wp:attachment":[{"href":"https:\/\/microtech.tools\/pl\/wp-json\/wp\/v2\/media?parent=42938"}],"wp:term":[{"taxonomy":"product_brand","embeddable":true,"href":"https:\/\/microtech.tools\/pl\/wp-json\/wp\/v2\/product_brand?post=42938"},{"taxonomy":"product_cat","embeddable":true,"href":"https:\/\/microtech.tools\/pl\/wp-json\/wp\/v2\/product_cat?post=42938"},{"taxonomy":"product_tag","embeddable":true,"href":"https:\/\/microtech.tools\/pl\/wp-json\/wp\/v2\/product_tag?post=42938"}],"curies":[{"name":"wp","href":"https:\/\/api.w.org\/{rel}","templated":true}]}}