{"id":42952,"date":"2023-03-13T13:24:19","date_gmt":"2023-03-13T10:24:19","guid":{"rendered":"https:\/\/microtech.tools\/?post_type=product&#038;p=42952"},"modified":"2026-05-11T08:48:25","modified_gmt":"2026-05-11T05:48:25","slug":"cyfrowy-mikrometr-do-koncowek-kablowych","status":"publish","type":"product","link":"https:\/\/microtech.tools\/pl\/produkt\/cyfrowy-mikrometr-do-koncowek-kablowych\/","title":{"rendered":"CertiMet Cyfrowy mikrometr do ko\u0144c\u00f3wek kablowych IP65"},"content":{"rendered":"<p data-path-to-node=\"1\">Cyfrowy mikrometr do ko\u0144c\u00f3wek kablowych IP65 z ko\u0144c\u00f3wk\u0105 sto\u017ckow\u0105 30 stopni oraz kowade\u0142kiem no\u017cowym do pomiaru wysoko\u015bci elektrycznych styk\u00f3w zaciskanych. Cyfrowy mikrometr do ko\u0144c\u00f3wek kablowych MICROTECH z wodoodporno\u015bci\u0105 IP65 posiada g\u0142owic\u0119 mikrometryczn\u0105 ze sprz\u0119g\u0142em ciernym dla \u0142atwej obs\u0142ugi. Posiada zakres pomiarowy 20 mm.<\/p>\n<p data-path-to-node=\"2\">MICROTECH stosuje w tym mikrometrze elektronik\u0119 o rozdzielczo\u015bci mikronowej w wysokiej jako\u015bci aluminiowej obudowie o stopniu ochrony IP65.<\/p>\n<p data-path-to-node=\"3\">Wszystkie mikrometry MICROTECH przechodz\u0105 kontrol\u0119 metrologiczn\u0105 w laboratorium akredytowanym ISO 17025 (Ilac) wraz z protoko\u0142em kalibracji.<\/p>\n<ul data-path-to-node=\"4\">\n<li>\n<p data-path-to-node=\"4,0,0\">Wysoka dok\u0142adno\u015b\u0107 do +\/- 4 \u03bcm (2 razy lepsza ni\u017c wymagania normy DIN 863-1)<\/p>\n<\/li>\n<li>\n<p data-path-to-node=\"4,1,0\">G\u0142owice mikrometryczne ze sprz\u0119g\u0142em ciernym<\/p>\n<\/li>\n<li>\n<p data-path-to-node=\"4,2,0\">Klasa szczelno\u015bci IP-65<\/p>\n<\/li>\n<li>\n<p data-path-to-node=\"4,3,0\">R\u0119cznie wyka\u0144czane powierzchnie pomiarowe i mechanizm \u015bruby mikrometrycznej<\/p>\n<\/li>\n<li>\n<p data-path-to-node=\"4,4,0\">Bateria CR2032 (3V)<\/p>\n<\/li>\n<li>\n<p data-path-to-node=\"4,5,0\">Tryb u\u015bpienia po 10 minutach bezczynno\u015bci<\/p>\n<\/li>\n<\/ul>\n<p data-path-to-node=\"4,6,0\">100% kontrola metrologiczna w akredytowanym laboratorium zgodnie z ISO17025 (Ilac MRA)<\/p>\n","protected":false},"excerpt":{"rendered":"<p>Cyfrowy mikrometr do ko\u0144c\u00f3wek kablowych IP65 z ko\u0144c\u00f3wk\u0105 sto\u017ckow\u0105 30 stopni oraz kowade\u0142kiem no\u017cowym do pomiaru wysoko\u015bci elektrycznych styk\u00f3w zaciskanych. Cyfrowy mikrometr do ko\u0144c\u00f3wek kablowych MICROTECH z wodoodporno\u015bci\u0105 IP65 posiada g\u0142owic\u0119 mikrometryczn\u0105 ze sprz\u0119g\u0142em ciernym dla \u0142atwej obs\u0142ugi. Posiada zakres pomiarowy 20 mm.<\/p>\n","protected":false},"featured_media":50111,"template":"","meta":{"_acf_changed":false},"product_brand":[6886],"product_cat":[5079,5083],"product_tag":[],"class_list":{"0":"post-42952","1":"product","2":"type-product","3":"status-publish","4":"has-post-thumbnail","6":"product_brand-microtech","7":"product_cat-mikrometr","8":"product_cat-mikrometry-do-pomiaru-wysokosci-zacisku","9":"pa_battery-cr2032","10":"pa_calibration-iso17025","11":"pa_indication-digital","12":"pa_measrange-0-20-mm-0-1-inch","13":"pa_resolution_mm-5920","15":"first","16":"instock","17":"shipping-taxable","18":"purchasable","19":"product-type-simple"},"acf":[],"_links":{"self":[{"href":"https:\/\/microtech.tools\/pl\/wp-json\/wp\/v2\/product\/42952","targetHints":{"allow":["GET"]}}],"collection":[{"href":"https:\/\/microtech.tools\/pl\/wp-json\/wp\/v2\/product"}],"about":[{"href":"https:\/\/microtech.tools\/pl\/wp-json\/wp\/v2\/types\/product"}],"wp:featuredmedia":[{"embeddable":true,"href":"https:\/\/microtech.tools\/pl\/wp-json\/wp\/v2\/media\/50111"}],"wp:attachment":[{"href":"https:\/\/microtech.tools\/pl\/wp-json\/wp\/v2\/media?parent=42952"}],"wp:term":[{"taxonomy":"product_brand","embeddable":true,"href":"https:\/\/microtech.tools\/pl\/wp-json\/wp\/v2\/product_brand?post=42952"},{"taxonomy":"product_cat","embeddable":true,"href":"https:\/\/microtech.tools\/pl\/wp-json\/wp\/v2\/product_cat?post=42952"},{"taxonomy":"product_tag","embeddable":true,"href":"https:\/\/microtech.tools\/pl\/wp-json\/wp\/v2\/product_tag?post=42952"}],"curies":[{"name":"wp","href":"https:\/\/api.w.org\/{rel}","templated":true}]}}