{"id":43159,"date":"2025-09-23T08:57:18","date_gmt":"2025-09-23T05:57:18","guid":{"rendered":"https:\/\/microtech.tools\/?post_type=product&#038;p=43159"},"modified":"2026-03-20T10:24:45","modified_gmt":"2026-03-20T07:24:45","slug":"datamet-modbus-komputerowa-glowica-mikrometryczna-nieobrotowa-o-szerokim-zakresie","status":"publish","type":"product","link":"https:\/\/microtech.tools\/pl\/produkt\/datamet-modbus-komputerowa-glowica-mikrometryczna-nieobrotowa-o-szerokim-zakresie\/","title":{"rendered":"DataMet Modbus Komputerowa g\u0142owica mikrometryczna nieobrotowa o szerokim zakresie"},"content":{"rendered":"<p data-path-to-node=\"1\">Komputerowa g\u0142owica mikrometryczna nieobrotowa Modbus o szerokim zakresie z bezprzewodow\u0105 i przewodow\u0105 (USB) transmisj\u0105 danych, dostosowana do Przemys\u0142u 4.0. G\u0142owica mikrometryczna MICROTECH o szerokim zakresie posiada zakres pomiarowy 0-50 mm (0-2 cale). Jest wyposa\u017cona w precyzyjny szwajcarski system odczytu o rozdzielczo\u015bci 0,5 mikrona. Dost\u0119pne s\u0105 2 modyfikacje: z ko\u0144c\u00f3wkami w\u0119glikowymi 8 mm lub modyfikacja przystosowana do monta\u017cu wymiennych kowade\u0142ek (wymienne kowade\u0142ka s\u0105 opcjonalne). Komputerowy system pomiarowy MICS g\u0142owicy mikrometrycznej posiada nast\u0119puj\u0105ce funkcje:<\/p>\n<ul data-path-to-node=\"2\">\n<li>\n<p data-path-to-node=\"2,0,0\">Pami\u0119\u0107 wewn\u0119trzna 2000 warto\u015bci z trybem statystycznym, trybem folder\u00f3w i transferem danych<\/p>\n<\/li>\n<li>\n<p data-path-to-node=\"2,1,0\">Kolorowa sygnalizacja Dobry\/Odrzut (limity)<\/p>\n<\/li>\n<li>\n<p data-path-to-node=\"2,2,0\">Tryb graficzny<\/p>\n<\/li>\n<li>\n<p data-path-to-node=\"2,3,0\">Funkcja Peak (Min\/Max)<\/p>\n<\/li>\n<li>\n<p data-path-to-node=\"2,4,0\">Timer (odczyt do pami\u0119ci lub transfer danych)<\/p>\n<\/li>\n<li>\n<p data-path-to-node=\"2,5,0\">Formu\u0142a \u2013 wska\u017anik obliczeniowy Ax2+Bx+C<\/p>\n<\/li>\n<li>\n<p data-path-to-node=\"2,6,0\">Wyb\u00f3r rozdzielczo\u015bci (0,1 \/ 1 \/ 10 mikron\u00f3w)<\/p>\n<\/li>\n<li>\n<p data-path-to-node=\"2,7,0\">Wyb\u00f3r mm\/cale<\/p>\n<\/li>\n<li>\n<p data-path-to-node=\"2,8,0\">Kompensacja temperatury<\/p>\n<\/li>\n<li>\n<p data-path-to-node=\"2,9,0\">Matematyczna kompensacja b\u0142\u0119d\u00f3w<\/p>\n<\/li>\n<li>\n<p data-path-to-node=\"2,10,0\">Bezprzewodowy transfer danych do urz\u0105dze\u0144 Windows, iOS, Android<\/p>\n<\/li>\n<li>\n<p data-path-to-node=\"2,11,0\">Transfer danych USB HID do urz\u0105dze\u0144 Windows, MacOS, Linux, Android (tryb klawiatury)<\/p>\n<\/li>\n<li>\n<p data-path-to-node=\"2,12,0\">Wbudowany akumulator Li-Pol z \u0142adowark\u0105 magnetyczn\u0105<\/p>\n<\/li>\n<li>\n<p data-path-to-node=\"2,13,0\">Kolorowy wy\u015bwietlacz o wysokiej rozdzielczo\u015bci 2,4 cala z ekranem dotykowym.<\/p>\n<\/li>\n<\/ul>\n<p data-path-to-node=\"2,13,0\">G\u0142owice mikrometryczne MICROTECH przechodz\u0105 kontrol\u0119 metrologiczn\u0105 w akredytowanym laboratorium metrologicznym ISO 17025:2019. Wszystkie mikrometry s\u0105 dostarczane z protoko\u0142em wzorcowania, instrukcj\u0105 obs\u0142ugi, magnetycznym kablem do \u0142adowania i plastikowym etui.<\/p>\n","protected":false},"excerpt":{"rendered":"<p>Komputerowa g\u0142owica mikrometryczna nieobrotowa Modbus o szerokim zakresie z bezprzewodow\u0105 i przewodow\u0105 (USB) transmisj\u0105 danych, dostosowana do Przemys\u0142u 4.0. G\u0142owica mikrometryczna MICROTECH o szerokim zakresie posiada zakres pomiarowy 0-50 mm (0-2 cale).<\/p>\n","protected":false},"featured_media":43160,"template":"","meta":{"_acf_changed":false},"product_brand":[6886],"product_cat":[5097],"product_tag":[],"class_list":{"0":"post-43159","1":"product","2":"type-product","3":"status-publish","4":"has-post-thumbnail","6":"product_brand-microtech","7":"product_cat-glowice-mikrometryczne","8":"pa_battery-li_pol","9":"pa_dataoutput-usbhid","10":"pa_dataoutput-wireless","11":"pa_dataoutput-wirelesshid","12":"pa_measrange-0-50-mm","14":"first","15":"instock","16":"shipping-taxable","17":"purchasable","18":"product-type-variable"},"acf":[],"_links":{"self":[{"href":"https:\/\/microtech.tools\/pl\/wp-json\/wp\/v2\/product\/43159","targetHints":{"allow":["GET"]}}],"collection":[{"href":"https:\/\/microtech.tools\/pl\/wp-json\/wp\/v2\/product"}],"about":[{"href":"https:\/\/microtech.tools\/pl\/wp-json\/wp\/v2\/types\/product"}],"wp:featuredmedia":[{"embeddable":true,"href":"https:\/\/microtech.tools\/pl\/wp-json\/wp\/v2\/media\/43160"}],"wp:attachment":[{"href":"https:\/\/microtech.tools\/pl\/wp-json\/wp\/v2\/media?parent=43159"}],"wp:term":[{"taxonomy":"product_brand","embeddable":true,"href":"https:\/\/microtech.tools\/pl\/wp-json\/wp\/v2\/product_brand?post=43159"},{"taxonomy":"product_cat","embeddable":true,"href":"https:\/\/microtech.tools\/pl\/wp-json\/wp\/v2\/product_cat?post=43159"},{"taxonomy":"product_tag","embeddable":true,"href":"https:\/\/microtech.tools\/pl\/wp-json\/wp\/v2\/product_tag?post=43159"}],"curies":[{"name":"wp","href":"https:\/\/api.w.org\/{rel}","templated":true}]}}