{"id":43205,"date":"2023-03-13T13:19:32","date_gmt":"2023-03-13T10:19:32","guid":{"rendered":"https:\/\/microtech.tools\/?post_type=product&#038;p=43205"},"modified":"2026-03-19T17:43:47","modified_gmt":"2026-03-19T14:43:47","slug":"cyfrowa-glowica-mikrometryczna-certimet-ip65","status":"publish","type":"product","link":"https:\/\/microtech.tools\/pl\/produkt\/cyfrowa-glowica-mikrometryczna-certimet-ip65\/","title":{"rendered":"Cyfrowa g\u0142owica mikrometryczna CertiMet IP65"},"content":{"rendered":"<p data-path-to-node=\"0\">MICROTECH produkuje submikronow\u0105 skomputeryzowan\u0105 g\u0142owic\u0119 mikrometryczn\u0105 z p\u0142askimi kowade\u0142kami.<\/p>\n<p data-path-to-node=\"1\">Ta g\u0142owica mikrometryczna posiada zakres pomiarowy 25, 50 mm oraz klas\u0119 ochrony IP65.<\/p>\n<p data-path-to-node=\"2\">Wbudowany akumulator Li-pol eliminuje konieczno\u015b\u0107 wydawania dodatkowych pieni\u0119dzy na baterie.<\/p>\n<p data-path-to-node=\"3\">MICROTECH zastosowa\u0142 w tej g\u0142owicy elektronik\u0119 o rozdzielczo\u015bci mikronowej 0,001 mm w wysokiej jako\u015bci aluminiowej obudowie ze stopniem ochrony IP65. Posiada funkcje mm\/cal, hold (zatrzymanie wyniku) oraz automatyczne wy\u0142\u0105czanie. G\u0142owica mikrometryczna (mechanizm \u015brubowy) oraz w\u0119glikowe powierzchnie pomiarowe s\u0105 wyka\u0144czane r\u0119cznie.<\/p>\n<p data-path-to-node=\"4\">Wszystkie mikrometry MICROTECH przechodz\u0105 kontrol\u0119 metrologiczn\u0105 w laboratorium akredytowanym ISO 17025 (Ilac) wraz z protoko\u0142em wzorcowania.<\/p>\n","protected":false},"excerpt":{"rendered":"<p data-path-to-node=\"0\">MICROTECH produkuje submikronow\u0105 skomputeryzowan\u0105 g\u0142owic\u0119 mikrometryczn\u0105 z p\u0142askimi kowade\u0142kami.<\/p>\n<p data-path-to-node=\"1\">Ta g\u0142owica mikrometryczna posiada zakres pomiarowy 25, 50 mm oraz klas\u0119 ochrony IP65.<\/p>\n","protected":false},"featured_media":43207,"template":"","meta":{"_acf_changed":false},"product_brand":[6886],"product_cat":[5097,5079],"product_tag":[],"class_list":{"0":"post-43205","1":"product","2":"type-product","3":"status-publish","4":"has-post-thumbnail","6":"product_brand-microtech","7":"product_cat-glowice-mikrometryczne","8":"product_cat-mikrometr","9":"pa_battery-cr2032","10":"pa_indication-digital","11":"pa_measrange-0_25mm0_1inch","12":"pa_resolution_mm-5920","14":"first","15":"instock","16":"shipping-taxable","17":"purchasable","18":"product-type-variable"},"acf":[],"_links":{"self":[{"href":"https:\/\/microtech.tools\/pl\/wp-json\/wp\/v2\/product\/43205","targetHints":{"allow":["GET"]}}],"collection":[{"href":"https:\/\/microtech.tools\/pl\/wp-json\/wp\/v2\/product"}],"about":[{"href":"https:\/\/microtech.tools\/pl\/wp-json\/wp\/v2\/types\/product"}],"wp:featuredmedia":[{"embeddable":true,"href":"https:\/\/microtech.tools\/pl\/wp-json\/wp\/v2\/media\/43207"}],"wp:attachment":[{"href":"https:\/\/microtech.tools\/pl\/wp-json\/wp\/v2\/media?parent=43205"}],"wp:term":[{"taxonomy":"product_brand","embeddable":true,"href":"https:\/\/microtech.tools\/pl\/wp-json\/wp\/v2\/product_brand?post=43205"},{"taxonomy":"product_cat","embeddable":true,"href":"https:\/\/microtech.tools\/pl\/wp-json\/wp\/v2\/product_cat?post=43205"},{"taxonomy":"product_tag","embeddable":true,"href":"https:\/\/microtech.tools\/pl\/wp-json\/wp\/v2\/product_tag?post=43205"}],"curies":[{"name":"wp","href":"https:\/\/api.w.org\/{rel}","templated":true}]}}