{"id":43335,"date":"2023-03-13T13:24:48","date_gmt":"2023-03-13T10:24:48","guid":{"rendered":"https:\/\/microtech.tools\/?post_type=product&#038;p=43335"},"modified":"2026-03-19T17:43:33","modified_gmt":"2026-03-19T14:43:33","slug":"komputerowy-mikrometr-punktowy-submikronowy-datamet-bezprzewodowy","status":"publish","type":"product","link":"https:\/\/microtech.tools\/pl\/produkt\/komputerowy-mikrometr-punktowy-submikronowy-datamet-bezprzewodowy\/","title":{"rendered":"Komputerowy mikrometr punktowy submikronowy DataMet bezprzewodowy"},"content":{"rendered":"<p data-path-to-node=\"1\">Submikronowy komputerowy mikrometr punktowy MICROTECH z inteligentnym systemem pomiarowym MICS posiada zakres do 100 mm, rozdzielczo\u015b\u0107 0,1 mikrona i dok\u0142adno\u015b\u0107 do 1 mikrona. Podmikronowy mikrometr MICROTECH posiada b\u0119ben z grzechotk\u0105 ciern\u0105 o sile pomiarowej 6-9 N.<\/p>\n<p data-path-to-node=\"2\">Komputerowy system pomiarowy MICS mikrometru posiada nast\u0119puj\u0105ce funkcje:<\/p>\n<ul data-path-to-node=\"3\">\n<li>\n<p data-path-to-node=\"3,0,0\">wewn\u0119trzna pami\u0119\u0107 z trybem statystycznym<\/p>\n<\/li>\n<li>\n<p data-path-to-node=\"3,1,0\">kolorowa sygnalizacja Dobry\/Niedobry (limity)<\/p>\n<\/li>\n<li>\n<p data-path-to-node=\"3,2,0\">funkcja Peak (Min\/Max)<\/p>\n<\/li>\n<li>\n<p data-path-to-node=\"3,3,0\">Timer (zapis do pami\u0119ci lub transfer danych)<\/p>\n<\/li>\n<li>\n<p data-path-to-node=\"3,4,0\">Formu\u0142a &#8211; wska\u017anik obliczeniowy Ax2+Bx+C<\/p>\n<\/li>\n<li>\n<p data-path-to-node=\"3,5,0\">wyb\u00f3r rozdzielczo\u015bci (0,1 \/ 1 \/ 10 mikron\u00f3w)<\/p>\n<\/li>\n<li>\n<p data-path-to-node=\"3,6,0\">wyb\u00f3r mm\/cale<\/p>\n<\/li>\n<li>\n<p data-path-to-node=\"3,7,0\">kompensacja temperatury<\/p>\n<\/li>\n<li>\n<p data-path-to-node=\"3,8,0\">matematyczna kompensacja b\u0142\u0119du<\/p>\n<\/li>\n<li>\n<p data-path-to-node=\"3,9,0\">bezprzewodowy transfer danych do urz\u0105dze\u0144 Windows, iOS, Android<\/p>\n<\/li>\n<li>\n<p data-path-to-node=\"3,10,0\">transfer danych USB HID do urz\u0105dze\u0144 Windows, MacOS, Linux, Android (tryb klawiatury)<\/p>\n<\/li>\n<li>\n<p data-path-to-node=\"3,11,0\">wbudowany akumulator Li-Pol z \u0142adowark\u0105 magnetyczn\u0105<\/p>\n<\/li>\n<li>\n<p data-path-to-node=\"3,12,0\">kolorowy wy\u015bwietlacz wysokiej rozdzielczo\u015bci 2,4 cala z ekranem dotykowym.<\/p>\n<\/li>\n<\/ul>\n<p data-path-to-node=\"4\">Mikrometry MICROTECH przechodz\u0105 kontrol\u0119 metrologiczn\u0105 w akredytowanym laboratorium metrologicznym ISO 17025:2019. Wszystkie mikrometry s\u0105 dostarczane z protoko\u0142em kalibracji, instrukcj\u0105 obs\u0142ugi, magnetycznym kablem do \u0142adowania i plastikowym etui.<\/p>\n","protected":false},"excerpt":{"rendered":"<p>Submikronowy komputerowy mikrometr punktowy MICROTECH z inteligentnym systemem pomiarowym MICS posiada zakres do 100 mm, rozdzielczo\u015b\u0107 0,1 mikrona i dok\u0142adno\u015b\u0107 do 1 mikrona. Podmikronowy mikrometr MICROTECH posiada b\u0119ben z grzechotk\u0105 ciern\u0105 o sile pomiarowej 6-9 N.<\/p>\n","protected":false},"featured_media":43336,"template":"","meta":{"_acf_changed":false},"product_brand":[6886],"product_cat":[5079,5103],"product_tag":[],"class_list":{"0":"post-43335","1":"product","2":"type-product","3":"status-publish","4":"has-post-thumbnail","6":"product_brand-microtech","7":"product_cat-mikrometr","8":"product_cat-mikrometr-punktowy","9":"pa_battery-li_pol","10":"pa_dataoutput-usbhid","11":"pa_dataoutput-wireless","12":"pa_dataoutput-wirelesshid","13":"pa_indication-computerized2_4","14":"pa_measrange-0_25mm0_1inch","15":"pa_measrange-25_50mm1_2inch","16":"pa_measrange-50_75mm2_3inch","17":"pa_measrange-75_100mm3_4inch","18":"pa_resolution_mm-5912","20":"first","21":"instock","22":"shipping-taxable","23":"purchasable","24":"product-type-variable"},"acf":[],"_links":{"self":[{"href":"https:\/\/microtech.tools\/pl\/wp-json\/wp\/v2\/product\/43335","targetHints":{"allow":["GET"]}}],"collection":[{"href":"https:\/\/microtech.tools\/pl\/wp-json\/wp\/v2\/product"}],"about":[{"href":"https:\/\/microtech.tools\/pl\/wp-json\/wp\/v2\/types\/product"}],"wp:featuredmedia":[{"embeddable":true,"href":"https:\/\/microtech.tools\/pl\/wp-json\/wp\/v2\/media\/43336"}],"wp:attachment":[{"href":"https:\/\/microtech.tools\/pl\/wp-json\/wp\/v2\/media?parent=43335"}],"wp:term":[{"taxonomy":"product_brand","embeddable":true,"href":"https:\/\/microtech.tools\/pl\/wp-json\/wp\/v2\/product_brand?post=43335"},{"taxonomy":"product_cat","embeddable":true,"href":"https:\/\/microtech.tools\/pl\/wp-json\/wp\/v2\/product_cat?post=43335"},{"taxonomy":"product_tag","embeddable":true,"href":"https:\/\/microtech.tools\/pl\/wp-json\/wp\/v2\/product_tag?post=43335"}],"curies":[{"name":"wp","href":"https:\/\/api.w.org\/{rel}","templated":true}]}}