{"id":43422,"date":"2023-03-06T13:47:28","date_gmt":"2023-03-06T10:47:28","guid":{"rendered":"https:\/\/microtech.tools\/?post_type=product&#038;p=43422"},"modified":"2026-03-19T17:44:31","modified_gmt":"2026-03-19T14:44:31","slug":"datamet-submikronowy-komputerowy-sprawdzian-szczekowy-bezprzewodowy","status":"publish","type":"product","link":"https:\/\/microtech.tools\/pl\/produkt\/datamet-submikronowy-komputerowy-sprawdzian-szczekowy-bezprzewodowy\/","title":{"rendered":"DataMet Submikronowy komputerowy sprawdzian szcz\u0119kowy bezprzewodowy"},"content":{"rendered":"<p data-path-to-node=\"1\">Komputerowe submikronowe sprawdziany szcz\u0119kowe s\u0105 przeznaczone do operacyjnej kontroli Dobry\/Niedobry w procesie produkcyjnym. MICROTECH produkuje submikronowe sprawdziany szcz\u0119kowe o zakresie pomiarowym do 500 mm (20 cali).<\/p>\n<p data-path-to-node=\"2\">Komputerowe submikronowe sprawdziany szcz\u0119kowe wyposa\u017cone s\u0105 w wysokoprecyzyjny czujnik submikronowy o rozdzielczo\u015bci 0,1 mikrona, kolorow\u0105 indykacj\u0119 Dobry\/Niedobry, pami\u0119\u0107 wewn\u0119trzn\u0105 oraz bezprzewodow\u0105 i przez USB transmisj\u0119 danych do komputera PC lub tabletu.<\/p>\n<p data-path-to-node=\"3\">Submikronowe sprawdziany szcz\u0119kowe MICROTECH przechodz\u0105 kontrol\u0119 metrologiczn\u0105 w akredytowanym laboratorium ISO 17025 i posiadaj\u0105 \u015bwiadectwo wzorcowania.<\/p>\n<ul data-path-to-node=\"4\">\n<li>\n<p data-path-to-node=\"4,0,0\">Patent UA99686, UA103982, UA126928, UA112291, UA116231, UA124020, WO2016124992 firmy MICROTECH<\/p>\n<\/li>\n<li>\n<p data-path-to-node=\"4,1,0\">Szybka kontrola Dobry\/Niedobry (kolorowa indykacja)<\/p>\n<\/li>\n<li>\n<p data-path-to-node=\"4,2,0\">Wbudowany mikrokomputer z kolorowym wy\u015bwietlaczem dotykowym 1,5 cala<\/p>\n<\/li>\n<li>\n<p data-path-to-node=\"4,3,0\">Funkcje: Dobry\/Niedobry, Max\/Min, mened\u017cer pami\u0119ci, matematyczna i temperaturowa kompensacja b\u0142\u0119d\u00f3w<\/p>\n<\/li>\n<li>\n<p data-path-to-node=\"4,4,0\">Wbudowana bezprzewodowa transmisja danych do urz\u0105dze\u0144 z systemami Windows, Android, iOS na odleg\u0142o\u015b\u0107 do 50 m (antena zewn\u0119trzna)<\/p>\n<\/li>\n<li>\n<p data-path-to-node=\"4,5,0\">Po\u0142\u0105czenie USB z komputerem PC z systemem Windows w trybie klawiatury lub normalnym (kabel w zestawie)<\/p>\n<\/li>\n<li>\n<p data-path-to-node=\"4,6,0\">100% kontrola metrologiczna w akredytowanym laboratorium zgodnie z ISO 17025 (Ilac MRA)<\/p>\n<\/li>\n<\/ul>\n","protected":false},"excerpt":{"rendered":"<p data-path-to-node=\"1\">Komputerowe submikronowe sprawdziany szcz\u0119kowe s\u0105 przeznaczone do operacyjnej kontroli Dobry\/Niedobry w procesie produkcyjnym. MICROTECH produkuje submikronowe sprawdziany szcz\u0119kowe o zakresie pomiarowym do 500 mm (20 cali).<\/p>\n<p data-path-to-node=\"2\">\n","protected":false},"featured_media":43427,"template":"","meta":{"_acf_changed":false},"product_brand":[6886],"product_cat":[5079,5107],"product_tag":[],"class_list":{"0":"post-43422","1":"product","2":"type-product","3":"status-publish","4":"has-post-thumbnail","6":"product_brand-microtech","7":"product_cat-mikrometr","8":"product_cat-sprawdzian-szczekowy","9":"pa_battery-li_pol","10":"pa_dataoutput-usbhid","11":"pa_dataoutput-wireless","12":"pa_dataoutput-wirelesshid","13":"pa_indication-computerized2_4","14":"pa_measrange-150-200-mm-6-8-inch","15":"pa_measrange-200-250-mm-8-10-inch","16":"pa_measrange-250-300-mm-10-12-inch","17":"pa_measrange-400-450-mm-16-18-inch","18":"pa_measrange-450-500-mm-18-20-inch","19":"pa_measrange-50-100-mm-2-4-inch","20":"pa_resolution_mm-5920","22":"first","23":"instock","24":"shipping-taxable","25":"purchasable","26":"product-type-variable"},"acf":[],"_links":{"self":[{"href":"https:\/\/microtech.tools\/pl\/wp-json\/wp\/v2\/product\/43422","targetHints":{"allow":["GET"]}}],"collection":[{"href":"https:\/\/microtech.tools\/pl\/wp-json\/wp\/v2\/product"}],"about":[{"href":"https:\/\/microtech.tools\/pl\/wp-json\/wp\/v2\/types\/product"}],"wp:featuredmedia":[{"embeddable":true,"href":"https:\/\/microtech.tools\/pl\/wp-json\/wp\/v2\/media\/43427"}],"wp:attachment":[{"href":"https:\/\/microtech.tools\/pl\/wp-json\/wp\/v2\/media?parent=43422"}],"wp:term":[{"taxonomy":"product_brand","embeddable":true,"href":"https:\/\/microtech.tools\/pl\/wp-json\/wp\/v2\/product_brand?post=43422"},{"taxonomy":"product_cat","embeddable":true,"href":"https:\/\/microtech.tools\/pl\/wp-json\/wp\/v2\/product_cat?post=43422"},{"taxonomy":"product_tag","embeddable":true,"href":"https:\/\/microtech.tools\/pl\/wp-json\/wp\/v2\/product_tag?post=43422"}],"curies":[{"name":"wp","href":"https:\/\/api.w.org\/{rel}","templated":true}]}}