{"id":43673,"date":"2023-03-13T13:32:35","date_gmt":"2023-03-13T13:32:35","guid":{"rendered":"https:\/\/microtech.tools\/?post_type=product&#038;p=43673"},"modified":"2026-03-19T17:43:26","modified_gmt":"2026-03-19T14:43:26","slug":"komputerowy-czujnik-datamet","status":"publish","type":"product","link":"https:\/\/microtech.tools\/pl\/produkt\/komputerowy-czujnik-datamet\/","title":{"rendered":"Komputerowy czujnik DataMet"},"content":{"rendered":"<p><iframe width=\"560\" height=\"315\" src=\"https:\/\/www.youtube.com\/embed\/ft7Bgg3xYP0?si=vD6_XXqyPUQwgyvh\" title=\"YouTube video player\" frameborder=\"0\" allow=\"accelerometer; autoplay; clipboard-write; encrypted-media; gyroscope; picture-in-picture; web-share\" referrerpolicy=\"strict-origin-when-cross-origin\" allowfullscreen><\/iframe><\/p>\n<p data-path-to-node=\"1\">Komputeryzowany czujnik DataMet firmy MICROTECH posiada rozdzielczo\u015b\u0107 0,2 mikrona oraz bezprzewodow\u0105 i przewodow\u0105 (USB) transmisj\u0119 danych, dostosowan\u0105 do wymog\u00f3w Przemys\u0142u 4.0. Czujniki wyst\u0119puj\u0105 w wersjach o zakresach: 0-12,5 mm (0-0,5 cala); 0-25 mm (0-1 cal); 0-30 mm (0-1,2 cala); 0-50 mm (0-2 cale); 100 mm (0-4 cale); 150 mm (0-6 cali) oraz 200 mm (0-8 cali). Komputeryzowany czujnik MICROTECH mo\u017ce by\u0107 stosowany w precyzyjnych \u015brednic\u00f3wkach dwupunktowych, \u015brednic\u00f3wkach pistoletowych, grubo\u015bciomierzach, stanowiskach kalibracyjnych, niestandardowych urz\u0105dzeniach pomiarowych, sprawdzianach promieni i sfer itp. Czujnik ten posiada szwajcarski system odczytowy o rozdzielczo\u015bci 0,2 mikrona (mo\u017cliwo\u015b\u0107 wyboru: 0,0002 \/ 0,001 \/ 0,01 \/ 0,1 mm) oraz kolorowe, regulowane skale: analogow\u0105, komparatora oraz cyfrow\u0105.<\/p>\n<p data-path-to-node=\"2\">Komputeryzowany system pomiarowy MICS czujnika posiada nast\u0119puj\u0105ce funkcje:<\/p>\n<ul data-path-to-node=\"3\">\n<li>\n<p data-path-to-node=\"3,0,0\">wewn\u0119trzna pami\u0119\u0107 z trybem statystycznym<\/p>\n<\/li>\n<li>\n<p data-path-to-node=\"3,1,0\">kolorowa sygnalizacja Dobry\/Z\u0142y (granice tolerancji)<\/p>\n<\/li>\n<li>\n<p data-path-to-node=\"3,2,0\">funkcja Peak (Min\/Max)<\/p>\n<\/li>\n<li>\n<p data-path-to-node=\"3,3,0\">timer (zapis do pami\u0119ci lub transmisja danych)<\/p>\n<\/li>\n<li>\n<p data-path-to-node=\"3,4,0\">formu\u0142a &#8211; obliczenia czujnika Ax2+Bx+C<\/p>\n<\/li>\n<li>\n<p data-path-to-node=\"3,5,0\">wyb\u00f3r rozdzielczo\u015bci (0,2 \/ 1 \/ 10 mikron\u00f3w)<\/p>\n<\/li>\n<li>\n<p data-path-to-node=\"3,6,0\">wyb\u00f3r jednostek mm\/cale<\/p>\n<\/li>\n<li>\n<p data-path-to-node=\"3,7,0\">kompensacja temperaturowa<\/p>\n<\/li>\n<li>\n<p data-path-to-node=\"3,8,0\">matematyczna kompensacja b\u0142\u0119d\u00f3w<\/p>\n<\/li>\n<li>\n<p data-path-to-node=\"3,9,0\">bezprzewodowa transmisja danych do urz\u0105dze\u0144 z systemami Windows, iOS, Android<\/p>\n<\/li>\n<li>\n<p data-path-to-node=\"3,10,0\">transmisja danych USB HID do urz\u0105dze\u0144 z systemami Windows, MacOS, Linux, Android (tryb klawiatury)<\/p>\n<\/li>\n<li>\n<p data-path-to-node=\"3,11,0\">wbudowany akumulator Li-Pol z \u0142adowark\u0105 magnetyczn\u0105<\/p>\n<\/li>\n<li>\n<p data-path-to-node=\"3,12,0\">kolorowy wy\u015bwietlacz o wysokiej rozdzielczo\u015bci 1,8 cala z ekranem dotykowym<\/p>\n<\/li>\n<\/ul>\n<p data-path-to-node=\"4\">Komputeryzowany czujnik posiada modu\u0142 bezprzewodowej transmisji danych o dalekim zasi\u0119gu. Firma MICROTECH oferuje bezp\u0142atne wersje aplikacji na komputery z systemem Windows oraz telefony i tablety z systemami Android i iOS. Aplikacj\u0119 MICROTECH MDS mo\u017cna pobra\u0107 z linku do aplikacji MDS.<\/p>\n<p data-path-to-node=\"5\">Komputeryzowane czujniki MICROTECH posiadaj\u0105 funkcj\u0119 transmisji danych USB HID, kt\u00f3ra umo\u017cliwia przesy\u0142anie bie\u017c\u0105cych danych oraz danych z pami\u0119ci bezpo\u015brednio do dowolnej aplikacji w systemach Windows, Linux, MacOS, Android w trybie klawiatury za pomoc\u0105 zwyk\u0142ego kabla USB, bez konieczno\u015bci stosowania specjalnego oprogramowania.<\/p>\n<p data-path-to-node=\"6\">Czujniki MICROTECH przechodz\u0105 kontrol\u0119 metrologiczn\u0105 na automatycznym stanowisku kalibracyjnym w akredytowanym laboratorium metrologicznym zgodnie z ISO 17025:2019.<\/p>\n<p data-path-to-node=\"7\">Wszystkie czujniki dostarczane s\u0105 w komplecie z protoko\u0142em kalibracji, instrukcj\u0105 obs\u0142ugi, magnetycznym kablem do \u0142adowania i plastikowym etui.<\/p>\n","protected":false},"excerpt":{"rendered":"<p>Komputeryzowany czujnik DataMet firmy MICROTECH posiada rozdzielczo\u015b\u0107 0,2 mikrona oraz bezprzewodow\u0105 i przewodow\u0105 (USB) transmisj\u0119 danych, dostosowan\u0105 do wymog\u00f3w Przemys\u0142u 4.0. Czujniki wyst\u0119puj\u0105 w wersjach o zakresach: 0-12,5 mm (0-0,5 cala); 0-25 mm (0-1 cal); 0-30 mm (0-1,2 cala); 0-50 mm (0-2 cale); 100 mm (0-4 cale); 150 mm (0-6 cali) oraz 200 mm (0-8 cali).<\/p>\n","protected":false},"featured_media":47888,"template":"","meta":{"_acf_changed":false},"product_brand":[6886],"product_cat":[5055],"product_tag":[],"class_list":{"0":"post-43673","1":"product","2":"type-product","3":"status-publish","4":"has-post-thumbnail","6":"product_brand-microtech","7":"product_cat-czujniki-zegarowe","8":"pa_battery-li_pol","9":"pa_dataoutput-usbhid","10":"pa_dataoutput-wireless","11":"pa_dataoutput-wirelesshid","12":"pa_indication-computerized-18","13":"pa_measrange-0-100-mm","14":"pa_measrange-0-127-mm-05-inch","15":"pa_measrange-0-150-mm-6-inch","16":"pa_measrange-0-200-mm-8-inch","17":"pa_measrange-0-254-mm-1-inch","18":"pa_measrange-0-30-mm-12-inch","19":"pa_measrange-0-508-mm-2-inch","20":"pa_resolution_mm-0-0002","22":"first","23":"instock","24":"shipping-taxable","25":"purchasable","26":"product-type-variable"},"acf":[],"_links":{"self":[{"href":"https:\/\/microtech.tools\/pl\/wp-json\/wp\/v2\/product\/43673","targetHints":{"allow":["GET"]}}],"collection":[{"href":"https:\/\/microtech.tools\/pl\/wp-json\/wp\/v2\/product"}],"about":[{"href":"https:\/\/microtech.tools\/pl\/wp-json\/wp\/v2\/types\/product"}],"wp:featuredmedia":[{"embeddable":true,"href":"https:\/\/microtech.tools\/pl\/wp-json\/wp\/v2\/media\/47888"}],"wp:attachment":[{"href":"https:\/\/microtech.tools\/pl\/wp-json\/wp\/v2\/media?parent=43673"}],"wp:term":[{"taxonomy":"product_brand","embeddable":true,"href":"https:\/\/microtech.tools\/pl\/wp-json\/wp\/v2\/product_brand?post=43673"},{"taxonomy":"product_cat","embeddable":true,"href":"https:\/\/microtech.tools\/pl\/wp-json\/wp\/v2\/product_cat?post=43673"},{"taxonomy":"product_tag","embeddable":true,"href":"https:\/\/microtech.tools\/pl\/wp-json\/wp\/v2\/product_tag?post=43673"}],"curies":[{"name":"wp","href":"https:\/\/api.w.org\/{rel}","templated":true}]}}