{"id":43721,"date":"2023-03-13T13:32:12","date_gmt":"2023-03-13T10:32:12","guid":{"rendered":"https:\/\/microtech.tools\/?post_type=product&#038;p=43721"},"modified":"2026-03-19T17:43:28","modified_gmt":"2026-03-19T14:43:28","slug":"certimet-cyfrowy-czujnik-ip65","status":"publish","type":"product","link":"https:\/\/microtech.tools\/pl\/produkt\/certimet-cyfrowy-czujnik-ip65\/","title":{"rendered":"CertiMet Cyfrowy czujnik IP65"},"content":{"rendered":"<div class=\"container\">\n<div id=\"model-response-message-contentr_7b70508c212472c2\" class=\"markdown markdown-main-panel stronger enable-updated-hr-color\" dir=\"ltr\" aria-live=\"polite\" aria-busy=\"false\">\n<p data-path-to-node=\"0\">MICROTECH wprowadza nowy cyfrowy czujnik z klas\u0105 wodoszczelno\u015bci IP65. Czujnik posiada specjaln\u0105 w\u0105sk\u0105 budow\u0119, co zapewnia szersze mo\u017cliwo\u015bci monta\u017cu. Dost\u0119pne zakresy czujnik\u00f3w: 0-13, 0-25, 0-50, 0-100, 0-150 mm (0-0,5 0-1 0-2 0-4 0-6 cali). Precyzyjne czujniki elektroniczne MICROTECH posiadaj\u0105 du\u017cy ekran z nast\u0119puj\u0105cymi funkcjami:<\/p>\n<ul data-path-to-node=\"1\">\n<li>\n<p data-path-to-node=\"1,0,0\">rozdzielczo\u015b\u0107 0,01 lub 0,001 mm;<\/p>\n<\/li>\n<li>\n<p data-path-to-node=\"1,1,0\">funkcje PRESET<\/p>\n<\/li>\n<li>\n<p data-path-to-node=\"1,2,0\">funkcja mm\/cale<\/p>\n<\/li>\n<li>\n<p data-path-to-node=\"1,3,0\">ZERO \/ ON \/ OFF z automatycznym wy\u0142\u0105czaniem<\/p>\n<\/li>\n<li>\n<p data-path-to-node=\"1,4,0\">wyj\u015bcie danych<\/p>\n<\/li>\n<li>\n<p data-path-to-node=\"1,5,0\">bateria CR2032 3V<\/p>\n<\/li>\n<li>\n<p data-path-to-node=\"1,6,0\">stopie\u0144 ochrony przed wod\u0105 i py\u0142em IP65<\/p>\n<\/li>\n<\/ul>\n<p data-path-to-node=\"1,6,0\">Czujniki MICROTECH przechodz\u0105 kontrol\u0119 metrologiczn\u0105 w akredytowanym laboratorium ISO 17025 na automatycznym stanowisku kalibracyjnym z protoko\u0142em wzorcowania. Czujniki cyfrowe mog\u0105 by\u0107 wykorzystywane do modernizacji \u015brednic\u00f3wek, grubo\u015bciomierzy, statyw\u00f3w oraz w innych rozwi\u0105zaniach metrologicznych.<\/p>\n<\/div>\n<\/div>\n","protected":false},"excerpt":{"rendered":"<p>MICROTECH wprowadza nowy cyfrowy czujnik z klas\u0105 wodoszczelno\u015bci IP65. Czujnik posiada specjaln\u0105 w\u0105sk\u0105 budow\u0119, co zapewnia szersze mo\u017cliwo\u015bci monta\u017cu. Dost\u0119pne zakresy czujnik\u00f3w: 0-13, 0-25, 0-50, 0-100, 0-150 mm (0-0,5 0-1 0-2 0-4 0-6 cali).<\/p>\n","protected":false},"featured_media":43722,"template":"","meta":{"_acf_changed":false},"product_brand":[6886],"product_cat":[5055],"product_tag":[],"class_list":{"0":"post-43721","1":"product","2":"type-product","3":"status-publish","4":"has-post-thumbnail","6":"product_brand-microtech","7":"product_cat-czujniki-zegarowe","8":"pa_battery-li_pol","9":"pa_dataoutput-usbhid","10":"pa_indication-digital","11":"pa_measrange-0-100-mm-4-inch","12":"pa_measrange-0-127-mm-05-inch","13":"pa_measrange-0-150-mm-6-inch","14":"pa_measrange-0-200-mm-8-inch","15":"pa_measrange-0-254-mm-1-inch","16":"pa_measrange-0-508-mm-2-inch","17":"pa_reading-0_001mm00005inch","18":"pa_reading-0_01mm0005inch","20":"first","21":"instock","22":"shipping-taxable","23":"purchasable","24":"product-type-variable"},"acf":[],"_links":{"self":[{"href":"https:\/\/microtech.tools\/pl\/wp-json\/wp\/v2\/product\/43721","targetHints":{"allow":["GET"]}}],"collection":[{"href":"https:\/\/microtech.tools\/pl\/wp-json\/wp\/v2\/product"}],"about":[{"href":"https:\/\/microtech.tools\/pl\/wp-json\/wp\/v2\/types\/product"}],"wp:featuredmedia":[{"embeddable":true,"href":"https:\/\/microtech.tools\/pl\/wp-json\/wp\/v2\/media\/43722"}],"wp:attachment":[{"href":"https:\/\/microtech.tools\/pl\/wp-json\/wp\/v2\/media?parent=43721"}],"wp:term":[{"taxonomy":"product_brand","embeddable":true,"href":"https:\/\/microtech.tools\/pl\/wp-json\/wp\/v2\/product_brand?post=43721"},{"taxonomy":"product_cat","embeddable":true,"href":"https:\/\/microtech.tools\/pl\/wp-json\/wp\/v2\/product_cat?post=43721"},{"taxonomy":"product_tag","embeddable":true,"href":"https:\/\/microtech.tools\/pl\/wp-json\/wp\/v2\/product_tag?post=43721"}],"curies":[{"name":"wp","href":"https:\/\/api.w.org\/{rel}","templated":true}]}}