{"id":43789,"date":"2023-03-13T13:32:10","date_gmt":"2023-03-13T10:32:10","guid":{"rendered":"https:\/\/microtech.tools\/?post_type=product&#038;p=43789"},"modified":"2026-03-19T17:43:29","modified_gmt":"2026-03-19T14:43:29","slug":"certimet-czujnik-zegarowy-wstrzasoodporny-wodoodporny","status":"publish","type":"product","link":"https:\/\/microtech.tools\/pl\/produkt\/certimet-czujnik-zegarowy-wstrzasoodporny-wodoodporny\/","title":{"rendered":"CertiMet Czujnik zegarowy wstrz\u0105soodporny, wodoodporny"},"content":{"rendered":"<p data-path-to-node=\"1\">MICROTECH produkuje wysokiej jako\u015bci czujniki zegarowe z kontrastowym czarnym wy\u015bwietlaczem.<\/p>\n<p data-path-to-node=\"2\">Czujniki zegarowe MICROTECH s\u0105 dost\u0119pne w zakresach 10, 30, 50, 100 mm z rozdzielczo\u015bci\u0105 0,01 mm oraz jako precyzyjny czujnik 0-1&#215;0,001 mm.<\/p>\n<p data-path-to-node=\"3\">Dost\u0119pna modyfikacja wstrz\u0105soodporna, wodoodporna 0-10&#215;0,01 mm.<\/p>\n<p data-path-to-node=\"4\">Czujniki zegarowe mog\u0105 by\u0107 stosowane w statywach pomiarowych i urz\u0105dzeniach, \u015brednic\u00f3wkach czujnikowych oraz innym sprz\u0119cie pomiarowym.<\/p>\n<p data-path-to-node=\"5\">Wszystkie czujniki MICROTECH przechodz\u0105 kontrol\u0119 metrologiczn\u0105 w laboratorium akredytowanym ISO17025 na automatycznym stanowisku i s\u0105 dostarczane ze \u015bwiadectwem wzorcowania.<\/p>\n","protected":false},"excerpt":{"rendered":"<p data-path-to-node=\"1\">MICROTECH produkuje wysokiej jako\u015bci czujniki zegarowe z kontrastowym czarnym wy\u015bwietlaczem.<\/p>\n<p data-path-to-node=\"2\">Czujniki zegarowe MICROTECH s\u0105 dost\u0119pne w zakresach 10, 30, 50, 100 mm z rozdzielczo\u015bci\u0105 0,01 mm oraz jako precyzyjny czujnik 0-1&#215;0,001 mm.<\/p>\n","protected":false},"featured_media":43791,"template":"","meta":{"_acf_changed":false},"product_brand":[6886],"product_cat":[5055],"product_tag":[],"class_list":{"0":"post-43789","1":"product","2":"type-product","3":"status-publish","4":"has-post-thumbnail","6":"product_brand-microtech","7":"product_cat-czujniki-zegarowe","8":"pa_indication-analog","9":"pa_measrange-0-1-mm","10":"pa_measrange-0-10-mm","11":"pa_measrange-0-100-mm","12":"pa_measrange-0-30-mm","13":"pa_measrange-0-50-mm","14":"pa_resolution_mm-0_001","15":"pa_resolution_mm-5928","17":"first","18":"instock","19":"shipping-taxable","20":"purchasable","21":"product-type-variable"},"acf":[],"_links":{"self":[{"href":"https:\/\/microtech.tools\/pl\/wp-json\/wp\/v2\/product\/43789","targetHints":{"allow":["GET"]}}],"collection":[{"href":"https:\/\/microtech.tools\/pl\/wp-json\/wp\/v2\/product"}],"about":[{"href":"https:\/\/microtech.tools\/pl\/wp-json\/wp\/v2\/types\/product"}],"wp:featuredmedia":[{"embeddable":true,"href":"https:\/\/microtech.tools\/pl\/wp-json\/wp\/v2\/media\/43791"}],"wp:attachment":[{"href":"https:\/\/microtech.tools\/pl\/wp-json\/wp\/v2\/media?parent=43789"}],"wp:term":[{"taxonomy":"product_brand","embeddable":true,"href":"https:\/\/microtech.tools\/pl\/wp-json\/wp\/v2\/product_brand?post=43789"},{"taxonomy":"product_cat","embeddable":true,"href":"https:\/\/microtech.tools\/pl\/wp-json\/wp\/v2\/product_cat?post=43789"},{"taxonomy":"product_tag","embeddable":true,"href":"https:\/\/microtech.tools\/pl\/wp-json\/wp\/v2\/product_tag?post=43789"}],"curies":[{"name":"wp","href":"https:\/\/api.w.org\/{rel}","templated":true}]}}