{"id":43853,"date":"2023-12-19T10:50:15","date_gmt":"2023-12-19T07:50:15","guid":{"rendered":"https:\/\/microtech.tools\/?post_type=product&#038;p=43853"},"modified":"2026-03-20T10:26:31","modified_gmt":"2026-03-20T07:26:31","slug":"submikronowy-czujnik-bezprzewodowy-datamet-modbus-plc","status":"publish","type":"product","link":"https:\/\/microtech.tools\/pl\/produkt\/submikronowy-czujnik-bezprzewodowy-datamet-modbus-plc\/","title":{"rendered":"Submikronowy czujnik bezprzewodowy DataMet MODBUS PLC"},"content":{"rendered":"<p data-path-to-node=\"0\">Submikronowy czujnik bezprzewodowy DataMet MODBUS PLC<\/p>\n<p data-path-to-node=\"1\">Tabletowy modu\u0142 pomiarowy czujnika posiada nast\u0119puj\u0105ce funkcje:<\/p>\n<ul data-path-to-node=\"2\">\n<li>\n<p data-path-to-node=\"2,0,0\">Tryb GRAFICZNY on-line<\/p>\n<\/li>\n<li>\n<p data-path-to-node=\"2,1,0\">Kolorowa, regulowana skala ANALOGOWA<\/p>\n<\/li>\n<li>\n<p data-path-to-node=\"2,2,0\">Po\u0142\u0105czenie HUB (pod\u0142\u0105czenie zewn\u0119trznego urz\u0105dzenia bezprzewodowego MICROTECH)<\/p>\n<\/li>\n<li>\n<p data-path-to-node=\"2,3,0\">Mo\u017cliwo\u015bci po\u0142\u0105czenia 2D (bezprzewodowe po\u0142\u0105czenie i wskazania urz\u0105dzenia zewn\u0119trznego)<\/p>\n<\/li>\n<li>\n<p data-path-to-node=\"2,4,0\">Po\u0142\u0105czenie SONDY (bezprzewodowe po\u0142\u0105czenie czujnika zewn\u0119trznego lub czujnika d\u017awigniowo-z\u0119batego) z trybem AUTO<\/p>\n<\/li>\n<li>\n<p data-path-to-node=\"2,5,0\">Szybki system odczytu 50 wart.\/sek.<\/p>\n<\/li>\n<li>\n<p data-path-to-node=\"2,6,0\">Wewn\u0119trzna PAMI\u0118\u0106 na 2000 warto\u015bci z systemem folder\u00f3w i statystyk\u0105<\/p>\n<\/li>\n<li>\n<p data-path-to-node=\"2,7,0\">Funkcja LIMIT\u00d3W (Dobry\/Niedobry) z kolorow\u0105 sygnalizacj\u0105<\/p>\n<\/li>\n<li>\n<p data-path-to-node=\"2,8,0\">WARTO\u015aCI SZCZYTOWE (Maks\/min)<\/p>\n<\/li>\n<li>\n<p data-path-to-node=\"2,9,0\">TIMER<\/p>\n<\/li>\n<li>\n<p data-path-to-node=\"2,10,0\">FORMU\u0141A Ax2+Bx+C, PROMIE\u0143, SFERA<\/p>\n<\/li>\n<li>\n<p data-path-to-node=\"2,11,0\">R\u0119czna KOMPENSACJA TEMPERATUROWA<\/p>\n<\/li>\n<li>\n<p data-path-to-node=\"2,12,0\">Kompensacja LINIOWA<\/p>\n<\/li>\n<li>\n<p data-path-to-node=\"2,13,0\">Wyb\u00f3r ROZDZIELCZO\u015aCI 0,1\/0,01\/0,001\/0,0001 mm r\u00f3wnie\u017c w calach<\/p>\n<\/li>\n<li>\n<p data-path-to-node=\"2,14,0\">Kontrola daty WZORCOWANIA<\/p>\n<\/li>\n<li>\n<p data-path-to-node=\"2,15,0\">Akumulator Li-Pol z gniazdem micro-USB<\/p>\n<\/li>\n<li>\n<p data-path-to-node=\"2,16,0\">Aktualizacja OPROGRAMOWANIA uk\u0142adowego przez kabel USB<\/p>\n<\/li>\n<li>\n<p data-path-to-node=\"2,17,0\">BEZPRZEWODOWY transfer danych dalekiego zasi\u0119gu do aplikacji MICROTECH MDS dla system\u00f3w Windows, Android, iOS (wersje BEZP\u0141ATNE). Pobierz aplikacj\u0119 MICROTECH MDS<\/p>\n<\/li>\n<li>\n<p data-path-to-node=\"2,18,0\">BEZPRZEWODOWY transfer danych HID do dowolnego systemu i aplikacji (tryb klawiatury) z mo\u017cliwo\u015bci\u0105 konfiguracji danych<\/p>\n<\/li>\n<li>\n<p data-path-to-node=\"2,19,0\">Opcjonalne wyj\u015bcie danych MODBUS PLC (4-przewodowe, RS-485) z mo\u017cliwo\u015bci\u0105 konfiguracji danych<\/p>\n<\/li>\n<li>\n<p data-path-to-node=\"2,20,0\">Transfer danych USB HID do dowolnego systemu i aplikacji (tryb klawiatury) z mo\u017cliwo\u015bci\u0105 konfiguracji danych<\/p>\n<\/li>\n<li>\n<p data-path-to-node=\"2,21,0\">Wszystkie czujniki MICROTECH przechodz\u0105 kontrol\u0119 metrologiczn\u0105 w laboratorium akredytowanym ISO 17025 ILAC na automatycznym stanowisku do wzorcowania.<\/p>\n<\/li>\n<li>\n<p data-path-to-node=\"2,22,0\">ISTNIEJE MO\u017bLIWO\u015a\u0106 DODANIA DODATKOWYCH FUNKCJI I FORMU\u0141 DO CZUJNIK\u00d3W INDUSTRY 4.0 NA \u017bYCZENIE KLIENTA<\/p>\n<\/li>\n<\/ul>\n","protected":false},"excerpt":{"rendered":"<p>Submikronowy czujnik bezprzewodowy DataMet MODBUS PLC Tabletowy modu\u0142 pomiarowy czujnika posiada nast\u0119puj\u0105ce funkcje: Tryb GRAFICZNY on-line Kolorowa, regulowana skala ANALOGOWA Po\u0142\u0105czenie HUB (pod\u0142\u0105czenie zewn\u0119trznego urz\u0105dzenia bezprzewodowego MICROTECH) Mo\u017cliwo\u015bci po\u0142\u0105czenia 2D (bezprzewodowe po\u0142\u0105czenie i wskazania urz\u0105dzenia zewn\u0119trznego) Po\u0142\u0105czenie SONDY (bezprzewodowe po\u0142\u0105czenie czujnika zewn\u0119trznego lub czujnika d\u017awigniowo-z\u0119batego) z trybem AUTO Szybki system odczytu 50 wart.\/sek. Wewn\u0119trzna PAMI\u0118\u0106 [&hellip;]<\/p>\n","protected":false},"featured_media":43863,"template":"","meta":{"_acf_changed":false},"product_brand":[6886],"product_cat":[5055],"product_tag":[],"class_list":{"0":"post-43853","1":"product","2":"type-product","3":"status-publish","4":"has-post-thumbnail","6":"product_brand-microtech","7":"product_cat-czujniki-zegarowe","8":"pa_battery-li_pol","9":"pa_dataoutput-usbhid","10":"pa_dataoutput-wireless","11":"pa_dataoutput-wirelesshid","12":"pa_indication-computerized2_4","13":"pa_measrange-0-100-mm-4-inch","14":"pa_measrange-0-127-mm-05-inch","15":"pa_measrange-0-150-mm-6-inch","16":"pa_measrange-0-254-mm-1-inch","17":"pa_measrange-0-508-mm-2-inch","18":"pa_resolution_mm-5912","20":"first","21":"instock","22":"shipping-taxable","23":"purchasable","24":"product-type-variable"},"acf":[],"_links":{"self":[{"href":"https:\/\/microtech.tools\/pl\/wp-json\/wp\/v2\/product\/43853","targetHints":{"allow":["GET"]}}],"collection":[{"href":"https:\/\/microtech.tools\/pl\/wp-json\/wp\/v2\/product"}],"about":[{"href":"https:\/\/microtech.tools\/pl\/wp-json\/wp\/v2\/types\/product"}],"wp:featuredmedia":[{"embeddable":true,"href":"https:\/\/microtech.tools\/pl\/wp-json\/wp\/v2\/media\/43863"}],"wp:attachment":[{"href":"https:\/\/microtech.tools\/pl\/wp-json\/wp\/v2\/media?parent=43853"}],"wp:term":[{"taxonomy":"product_brand","embeddable":true,"href":"https:\/\/microtech.tools\/pl\/wp-json\/wp\/v2\/product_brand?post=43853"},{"taxonomy":"product_cat","embeddable":true,"href":"https:\/\/microtech.tools\/pl\/wp-json\/wp\/v2\/product_cat?post=43853"},{"taxonomy":"product_tag","embeddable":true,"href":"https:\/\/microtech.tools\/pl\/wp-json\/wp\/v2\/product_tag?post=43853"}],"curies":[{"name":"wp","href":"https:\/\/api.w.org\/{rel}","templated":true}]}}