{"id":43902,"date":"2023-11-14T13:23:13","date_gmt":"2023-11-14T10:23:13","guid":{"rendered":"https:\/\/microtech.tools\/?post_type=product&#038;p=43902"},"modified":"2026-03-20T10:26:37","modified_gmt":"2026-03-20T07:26:37","slug":"obrotowy-czujnik-tabletowy-datamet","status":"publish","type":"product","link":"https:\/\/microtech.tools\/pl\/produkt\/obrotowy-czujnik-tabletowy-datamet\/","title":{"rendered":"Obrotowy czujnik tabletowy DataMet"},"content":{"rendered":"<p data-path-to-node=\"0\">Produkowany przez MICROTECH obrotowy czujnik tabletowy submikronowy dostosowany do Przemys\u0142u 4.0.<\/p>\n<p data-path-to-node=\"1\">Obrotowe czujniki tabletowe wykorzystuj\u0105 skomputeryzowany system pomiarowy opracowany i opatentowany przez firm\u0119 MICROTECH (Patenty UA126928, UA99686) o rozdzielczo\u015bci 0,1 mikrona.<\/p>\n<p data-path-to-node=\"2\">Skomputeryzowane czujniki tabletowe mog\u0105 by\u0107 stosowane do precyzyjnych pomiar\u00f3w liniowych lub w niestandardowych statywach i urz\u0105dzeniach do pomiaru promienia, sfery i innych parametr\u00f3w.<\/p>\n<p data-path-to-node=\"3\">Tabletowy modu\u0142 pomiarowy czujnika posiada nast\u0119puj\u0105ce funkcje:<\/p>\n<ul data-path-to-node=\"4\">\n<li>\n<p data-path-to-node=\"4,0,0\">Tryb GRAFICZNY online<\/p>\n<\/li>\n<li>\n<p data-path-to-node=\"4,1,0\">Kolorowa, regulowana skala ANALOGOWA<\/p>\n<\/li>\n<li>\n<p data-path-to-node=\"4,2,0\">Po\u0142\u0105czenie HUB (pod\u0142\u0105czenie zewn\u0119trznego bezprzewodowego urz\u0105dzenia MICROTECH)<\/p>\n<\/li>\n<li>\n<p data-path-to-node=\"4,3,0\">Mo\u017cliwo\u015bci po\u0142\u0105czenia 2D (bezprzewodowe po\u0142\u0105czenie i wskazywanie urz\u0105dzenia zewn\u0119trznego)<\/p>\n<\/li>\n<li>\n<p data-path-to-node=\"4,4,0\">Pod\u0142\u0105czenie SONDY (bezprzewodowe po\u0142\u0105czenie czujnika zewn\u0119trznego lub czujnika d\u017awigniowego) z trybem AUTO<\/p>\n<\/li>\n<li>\n<p data-path-to-node=\"4,5,0\">System szybkiego odczytu 50 wart\/sek<\/p>\n<\/li>\n<li>\n<p data-path-to-node=\"4,6,0\">Wewn\u0119trzna PAMI\u0118\u0106 na 2000 warto\u015bci z systemem folder\u00f3w i statystyk\u0105,<\/p>\n<\/li>\n<li>\n<p data-path-to-node=\"4,7,0\">Funkcja LIMIT\u00d3W (Dobry\/Z\u0142y) z kolorow\u0105 sygnalizacj\u0105,<\/p>\n<\/li>\n<li>\n<p data-path-to-node=\"4,8,0\">PEAK (Maks\/min),<\/p>\n<\/li>\n<li>\n<p data-path-to-node=\"4,9,0\">TIMER<\/p>\n<\/li>\n<li>\n<p data-path-to-node=\"4,10,0\">FORMU\u0141A Ax2+Bx+C, PROMIE\u0143, SFERA<\/p>\n<\/li>\n<li>\n<p data-path-to-node=\"4,11,0\">R\u0119czna KOMPENSACJA TEMPERATURY<\/p>\n<\/li>\n<li>\n<p data-path-to-node=\"4,12,0\">Kompensacja LINIOWA<\/p>\n<\/li>\n<li>\n<p data-path-to-node=\"4,13,0\">Wyb\u00f3r ROZDZIELCZO\u015aCI 0,1\/0,01\/0,001\/0,0001 mm, r\u00f3wnie\u017c w calach<\/p>\n<\/li>\n<li>\n<p data-path-to-node=\"4,14,0\">Kontrola daty WZORCOWANIA<\/p>\n<\/li>\n<li>\n<p data-path-to-node=\"4,15,0\">Akumulator Li-Pol z gniazdem micro-USB<\/p>\n<\/li>\n<li>\n<p data-path-to-node=\"4,16,0\">Aktualizacja OPROGRAMOWANIA UK\u0141ADOWEGO kablem USB<\/p>\n<\/li>\n<li>\n<p data-path-to-node=\"4,17,0\">BEZPRZEWODOWY transfer danych dalekiego zasi\u0119gu do aplikacji MICROTECH MDS dla system\u00f3w Windows, Android, iOS (wersje BEZP\u0141ATNE). Pobierz aplikacj\u0119 MICROTECH MDS<\/p>\n<\/li>\n<li>\n<p data-path-to-node=\"4,18,0\">BEZPRZEWODOWY transfer danych HID do dowolnego systemu i aplikacji (tryb klawiatury) z mo\u017cliwo\u015bci\u0105 konfiguracji danych<\/p>\n<\/li>\n<li>\n<p data-path-to-node=\"4,19,0\">Opcjonalne wyj\u015bcie danych MODBUS PLC (4-przewodowe, RS-485) z mo\u017cliwo\u015bci\u0105 konfiguracji danych<\/p>\n<\/li>\n<li>\n<p data-path-to-node=\"4,20,0\">Transfer danych USB HID do dowolnego systemu i aplikacji (tryb klawiatury) z mo\u017cliwo\u015bci\u0105 konfiguracji danych<\/p>\n<\/li>\n<li>\n<p data-path-to-node=\"4,21,0\">Wy\u015bwietlacz o wysokiej rozdzielczo\u015bci 2,4 cala z ekranem dotykowym.<\/p>\n<\/li>\n<\/ul>\n<p data-path-to-node=\"5\">Wszystkie czujniki MICROTECH przechodz\u0105 kontrol\u0119 metrologiczn\u0105 w laboratorium akredytowanym zgodnie z ISO 17025 ILAC na zautomatyzowanym stanowisku do wzorcowania.<\/p>\n<p data-path-to-node=\"6\">ISTNIEJE MO\u017bLIWO\u015a\u0106 DODANIA DODATKOWYCH FUNKCJI I FORMU\u0141 DO CZUJNIK\u00d3W PRZEMYS\u0141U 4.0 NA \u017bYCZENIE KLIENTA.<\/p>\n","protected":false},"excerpt":{"rendered":"<p data-path-to-node=\"0\">Produkowany przez MICROTECH obrotowy czujnik tabletowy submikronowy dostosowany do Przemys\u0142u 4.0.<\/p>\n<p data-path-to-node=\"1\">Obrotowe czujniki tabletowe wykorzystuj\u0105 skomputeryzowany system pomiarowy opracowany i opatentowany przez firm\u0119 MICROTECH (Patenty UA126928, UA99686) o rozdzielczo\u015bci 0,1 mikrona.<\/p>\n","protected":false},"featured_media":43906,"template":"","meta":{"_acf_changed":false},"product_brand":[6886],"product_cat":[5055],"product_tag":[],"class_list":{"0":"post-43902","1":"product","2":"type-product","3":"status-publish","4":"has-post-thumbnail","6":"product_brand-microtech","7":"product_cat-czujniki-zegarowe","8":"pa_battery-li_pol","9":"pa_dataoutput-usbhid","10":"pa_dataoutput-wireless","11":"pa_dataoutput-wirelesshid","12":"pa_indication-computerized2_4","13":"pa_measrange-0-127-mm-05-inch","14":"pa_measrange-0-254-mm-1-inch","15":"pa_measrange-0-508-mm-2-inch","16":"pa_resolution_mm-5912","18":"first","19":"instock","20":"shipping-taxable","21":"purchasable","22":"product-type-variable"},"acf":[],"_links":{"self":[{"href":"https:\/\/microtech.tools\/pl\/wp-json\/wp\/v2\/product\/43902","targetHints":{"allow":["GET"]}}],"collection":[{"href":"https:\/\/microtech.tools\/pl\/wp-json\/wp\/v2\/product"}],"about":[{"href":"https:\/\/microtech.tools\/pl\/wp-json\/wp\/v2\/types\/product"}],"wp:featuredmedia":[{"embeddable":true,"href":"https:\/\/microtech.tools\/pl\/wp-json\/wp\/v2\/media\/43906"}],"wp:attachment":[{"href":"https:\/\/microtech.tools\/pl\/wp-json\/wp\/v2\/media?parent=43902"}],"wp:term":[{"taxonomy":"product_brand","embeddable":true,"href":"https:\/\/microtech.tools\/pl\/wp-json\/wp\/v2\/product_brand?post=43902"},{"taxonomy":"product_cat","embeddable":true,"href":"https:\/\/microtech.tools\/pl\/wp-json\/wp\/v2\/product_cat?post=43902"},{"taxonomy":"product_tag","embeddable":true,"href":"https:\/\/microtech.tools\/pl\/wp-json\/wp\/v2\/product_tag?post=43902"}],"curies":[{"name":"wp","href":"https:\/\/api.w.org\/{rel}","templated":true}]}}