{"id":45111,"date":"2023-03-13T13:54:06","date_gmt":"2023-03-13T10:54:06","guid":{"rendered":"https:\/\/microtech.tools\/?post_type=product&#038;p=45111"},"modified":"2026-03-19T17:43:19","modified_gmt":"2026-03-19T14:43:19","slug":"certimet-rurkowy-cyfrowy-mikrometr-wewnetrzny-ip65","status":"publish","type":"product","link":"https:\/\/microtech.tools\/pl\/produkt\/certimet-rurkowy-cyfrowy-mikrometr-wewnetrzny-ip65\/","title":{"rendered":"CertiMet Rurkowy cyfrowy mikrometr wewn\u0119trzny IP65"},"content":{"rendered":"<p data-path-to-node=\"1\">Cyfrowe mikrometry wewn\u0119trzne IP65 z elektroniczn\u0105 g\u0142owic\u0105 mikrometryczn\u0105 i zestawem przed\u0142u\u017cek<\/p>\n<p data-path-to-node=\"2\">Elektroniczne mikrometry wewn\u0119trzne mog\u0105 posiada\u0107 zakres pomiarowy 125-1000 mm (5-40 cali); 125-1500 mm (5-60 cali); 125-2100 mm (5-84 cale); 125-3000 mm (5-120 cali); 125-4000 mm (5-160 cali); 125-5000 mm (5-200 cali); 125-6000 mm (5-240 cali). Istnieje r\u00f3wnie\u017c mo\u017cliwo\u015b\u0107 wykonania dowolnego zakresu na \u017cyczenie klienta. \u015arednica rury wynosi 22 mm, a modele 125-5000 mm (5-200 cali) i 125-6000 mm (5-240 cali) maj\u0105 \u015brednic\u0119 33 mm.<\/p>\n<p data-path-to-node=\"3\">Modu\u0142 elektroniczny mikrometru wewn\u0119trznego z wodoodporno\u015bci\u0105 IP65 i rozdzielczo\u015bci\u0105 0,001 mm (0,0001 cala), funkcj\u0105 mm\/cale oraz funkcj\u0105 hold.<\/p>\n<p data-path-to-node=\"4\">Cyfrowy mikrometr wewn\u0119trzny przechodzi kontrol\u0119 metrologiczn\u0105 w laboratorium wzorcuj\u0105cym ISO 17025.<\/p>\n","protected":false},"excerpt":{"rendered":"<p data-path-to-node=\"1\">Cyfrowe mikrometry wewn\u0119trzne IP65 z elektroniczn\u0105 g\u0142owic\u0105 mikrometryczn\u0105 i zestawem przed\u0142u\u017cek<\/p>\n<p data-path-to-node=\"2\">Elektroniczne mikrometry wewn\u0119trzne mog\u0105 posiada\u0107 zakres pomiarowy 125-1000 mm (5-40 cali); 125-1500 mm (5-60 cali); 125-2100 mm (5-84 cale); 125-3000 mm (5-120 cali); 125-4000 mm (5-160 cali); 125-5000 mm (5-200 cali); 125-6000 mm (5-240 cali).<\/p>\n","protected":false},"featured_media":45115,"template":"","meta":{"_acf_changed":false},"product_brand":[6886],"product_cat":[5069],"product_tag":[],"class_list":{"0":"post-45111","1":"product","2":"type-product","3":"status-publish","4":"has-post-thumbnail","6":"product_brand-microtech","7":"product_cat-mikrometr-wewnetrzny","8":"pa_battery-cr2032","9":"pa_indication-digital","10":"pa_measrange-125-1000-mm-5-40-inch","11":"pa_measrange-125-1500-mm-5-60-inch","12":"pa_measrange-125-2100-mm-5-85-inch","13":"pa_measrange-125-3000-mm-5-120-inch","14":"pa_measrange-125-4000-mm-5-160-inch","15":"pa_measrange-125-5000-mm-5-200-inch","16":"pa_measrange-125-6000-mm-5-240-inch","17":"pa_resolution_mm-5920","19":"first","20":"instock","21":"shipping-taxable","22":"purchasable","23":"product-type-variable"},"acf":[],"_links":{"self":[{"href":"https:\/\/microtech.tools\/pl\/wp-json\/wp\/v2\/product\/45111","targetHints":{"allow":["GET"]}}],"collection":[{"href":"https:\/\/microtech.tools\/pl\/wp-json\/wp\/v2\/product"}],"about":[{"href":"https:\/\/microtech.tools\/pl\/wp-json\/wp\/v2\/types\/product"}],"wp:featuredmedia":[{"embeddable":true,"href":"https:\/\/microtech.tools\/pl\/wp-json\/wp\/v2\/media\/45115"}],"wp:attachment":[{"href":"https:\/\/microtech.tools\/pl\/wp-json\/wp\/v2\/media?parent=45111"}],"wp:term":[{"taxonomy":"product_brand","embeddable":true,"href":"https:\/\/microtech.tools\/pl\/wp-json\/wp\/v2\/product_brand?post=45111"},{"taxonomy":"product_cat","embeddable":true,"href":"https:\/\/microtech.tools\/pl\/wp-json\/wp\/v2\/product_cat?post=45111"},{"taxonomy":"product_tag","embeddable":true,"href":"https:\/\/microtech.tools\/pl\/wp-json\/wp\/v2\/product_tag?post=45111"}],"curies":[{"name":"wp","href":"https:\/\/api.w.org\/{rel}","templated":true}]}}